{"id":4405,"date":"2018-03-10T09:58:32","date_gmt":"2018-03-10T08:58:32","guid":{"rendered":"https:\/\/www.gooma.biz\/pravila-privatnosti\/"},"modified":"2023-08-21T14:06:10","modified_gmt":"2023-08-21T12:06:10","slug":"pravila-privatnosti","status":"publish","type":"page","link":"https:\/\/www.gooma.biz\/sr\/pravila-privatnosti\/","title":{"rendered":"PRAVILA PRIVATNOSTI"},"content":{"rendered":"<div class=\"fusion-fullwidth fullwidth-box fusion-builder-row-1 nonhundred-percent-fullwidth non-hundred-percent-height-scrolling\" style=\"--awb-border-radius-top-left:0px;--awb-border-radius-top-right:0px;--awb-border-radius-bottom-right:0px;--awb-border-radius-bottom-left:0px;--awb-margin-top:20px;--awb-margin-bottom:20px;--awb-flex-wrap:wrap;\" ><div class=\"fusion-builder-row fusion-row\"><div class=\"fusion-layout-column fusion_builder_column fusion-builder-column-0 fusion_builder_column_1_1 1_1 fusion-one-full fusion-column-first fusion-column-last\" style=\"--awb-bg-size:cover;\"><div class=\"fusion-column-wrapper fusion-flex-column-wrapper-legacy\"><div class=\"fusion-text fusion-text-1\"><h2><span style=\"color: #00b285;\">Politika privatnosti<\/span><\/h2>\n<p>Ova Politika privatnosti daje vam informacije o obradi va\u0161ih osobnih podataka koje prikupljamo kada posje\u0107ujete na\u0161e internetske stranice. U prikupljanju i obradi tih informacija djelujemo kao voditelj obrade u smislu kako je isti definiran Op\u0107om uredbom o za\u0161titi podataka, te smo obvezni pru\u017eiti vam informacije o nama, za\u0161to i kako obra\u0111ujemo va\u0161e osobne podatke kao i o pravima koja imate glede svojih osobnih podataka.<\/p>\n<h2><\/h2>\n<h2><span style=\"color: #00b285;\">Tko smo mi<\/span><\/h2>\n<p>Mi smo 4APP SOLUTION d.o.o iz Zagreba, a ova Politika o privatnosti primjenjuje se na sve internetske stranice u na\u0161em vlasni\u0161tvu.<\/p>\n<p>Ako nas \u017eelite kontaktirati u svezi obrade i kori\u0161tenja va\u0161ih osobnih podataka mo\u017eete to u\u010diniti:<\/p>\n<ul>\n<li>putem e-maila na: <a href=\"mailto:gdpr@4APP.hr\"><span style=\"color: #00b285;\">gdpr@4APP.hr<\/span><\/a><\/li>\n<li>na broj telefona: +385 1 6699 510<\/li>\n<li>putem po\u0161te na adresu: \u00a0Drage Gervaisa 30<\/li>\n<\/ul>\n<p>HR-10000 ZAGREB<\/p>\n<p>Republika Hrvatska<\/p>\n<h2><\/h2>\n<h2><\/h2>\n<h2><span style=\"color: #00b285;\">Kako prikupljamo i obra\u0111ujemo va\u0161e osobne podatke<\/span><\/h2>\n<p>Prilikom Va\u0161eg kori\u0161tenja na\u0161ih internetskih stranica va\u0161e osobne podatke mo\u017eemo prikupljati na vi\u0161e na\u010dina npr. kada nam postavljate upit putem na\u0161ih internetskih stranica, kada s njih preuzimate razne dokumente ili programe a \u010dak i kad samo pregledavate stranice. Ni\u017ee mo\u017eete prona\u0107i potrebne informacije o na\u010dinima kako se podaci prikupljaju.<\/p>\n<h3><span style=\"color: #00b285;\">Kada posje\u0107ujete na\u0161e internetske stranice<\/span><\/h3>\n<p>Kada posje\u0107ujete na\u0161e internetske stranice kako bi saznali vi\u0161e o nama i na\u0161im proizvodima, odnosno, pregledali informacije koje stavljamo na stranice, koristimo kola\u010di\u0107e s ciljem da osiguramo optimalno funkcioniranje stranica, prikupimo korisne informacije o posjetiteljima koje \u0107e nam omogu\u0107iti da dalje unaprijedimo svoje usluge kao i radi toga da op\u0107enito unaprijedimo korisni\u010dko iskustvo.<\/p>\n<p>Kola\u010di\u0107i mogu na va\u0161 preglednik biti instalirani od strane 4APP SOLUTION ili od tre\u0107e strane, primjerice ogla\u0161iva\u010da.<\/p>\n<p>Za vi\u0161e informacija o na\u010dinu i svrhama kori\u0161tenja kola\u010di\u0107a predla\u017eemo da pogledate na\u0161u <a href=\"https:\/\/www.gooma.biz\/sr\/cookie-policy\/\"><span style=\"color: #00b285;\">Politiku kori\u0161tenja kola\u010di\u0107a<\/span><\/a>.<\/p>\n<h3><span style=\"color: #00b285;\">Kada postavljate upit putem na\u0161ih internetskih stranica<\/span><\/h3>\n<p>Kada postavljate upit putem na\u0161ih internetskih stranica (npr. kori\u0161tenjem obrasca za upite), tra\u017eimo vas da informaciju o va\u0161em imenu i prezimenu te e-mail adresi. Za potrebe pru\u017eanja kvalitetnije odgovora na va\u0161 upit mo\u017eemo vas zatra\u017eiti i dodatne podatke (poput broja telefona).<\/p>\n<p>Koristimo navedene informacije kako bi smo odgovorili na va\u0161 upit, uklju\u010divo i kako bi vam pru\u017eili sve zatra\u017eene informacije o na\u0161im proizvodima i uslugama. Mo\u017eemo vas kontaktirati vi\u0161e puta e-mailom nakon zaprimanja va\u0161eg upita kako bi osigurali da ste dobili informacije koje su vam potrebne, odnosno, da ste zadovoljni dobivenim odgovorom. Pravna osnova za navedeno je na\u0161 legitimni interes da vam pru\u017eimo to\u010dne informacije prije mogu\u0107e prodaje.<\/p>\n<p>Va\u0161 upit se pohranjuje i obra\u0111uje kao e-mail usluga koju pru\u017ea Microsoft unutar Europske ekonomske zone (EEZ). Podatci se tako\u0111er pohranjuju u servisu za upravljanje e-mail adresa Mail Chimp.<\/p>\n<p>Va\u0161e osobne podatke koje smo zaprimili putem postavljenog upita na na\u0161im internetskim stranicama \u0107emo \u010duvati za vrijeme dok me\u0111usobno komuniciramo u svezi odgovora na va\u0161 upit, odnosno, pru\u017eanja informacija o na\u0161im proizvodima i uslugama. Po proteku 12 mjeseci od zadnje komunikacije izbrisati \u0107emo sve va\u0161e osobne podatke. Navedeno ne utje\u010de na va\u0161e pravo da u bilo kojem trenutku ranije zatra\u017eite da obri\u0161emo va\u0161e osobne podatke iz na\u0161ih evidencija.<\/p>\n<h3><span style=\"color: #00b285;\">Kada preuzmete program ili dokument s na\u0161ih internetskih stranica<\/span><\/h3>\n<p>Kada preuzmete neki program s na\u0161ih internetskih stranica ili dokument vezan uz taj program mo\u017eemo vas zatra\u017eiti podatke o va\u0161em imenu i prezimenu, tvrtki u kojoj radite i va\u0161em radnom mjestu te va\u0161em e-mailu. Navedene podatke \u0107emo iskoristiti kako bi vam isporu\u010dili tra\u017eeni program i\/ili dokument.<\/p>\n<p>Ako preuzmete neki od programa s na\u0161ih stranica ili dokument vezan uz taj program uzmite u obzir da se njihovo kori\u0161tenje primjenjuju Uvjeti kori\u0161tenja koje morate prihvatiti kako bi preuzeli taj program. Posljedi\u010dno na obradu osobnih podataka koje unesete u preuzeti program, se pored ove Politike privatnosti, primjenjuju navedeni Uvjeti kori\u0161tenja i svi ostali dokumenti koji proizlaze iz onoga propisanog u Uvjetima kori\u0161tenja.<\/p>\n<h2><\/h2>\n<h2><span style=\"color: #00b285;\">Dostava newslettera<\/span><\/h2>\n<p>Kada se prijavite na na\u0161 newsletter zatra\u017eit \u0107emo vas podatak o va\u0161em imenu\u00a0 i va\u0161u e-mail adresu.<\/p>\n<p>Zatra\u017eit \u0107emo va\u0161u privolu da koristimo va\u0161e ime i e-mail adresu da vam po\u0161aljemo na\u0161 newsletter koji sadr\u017ei informacije o na\u0161im proizvodima i uslugama kao i ostale informacije za koje smatramo da bi vam mogle biti interesantne.<\/p>\n<p>Svoju privolu mo\u017eete povu\u0107i u bilo kojem trenutku i prestat \u0107emo vam slati newsletter.<\/p>\n<p>Obratite pa\u017enju da na\u0161 newsletter mo\u017eete zaprimiti na svoj poslovni mail i ako nam niste dali privolu ako je va\u0161 mail javno dostupan za kontakt. Pravna osnova za navedeno je na\u0161 legitimni interes za promocijom na\u0161ih proizvoda i usluga drugim pravnim osobama. Neovisno o na\u010dinu zaprimanja u svakom newsletteru se nalazi opcija kojom mo\u017eete zatra\u017eiti da vam ne \u0161aljemo newsletter \u0161to \u0107emo i u\u010diniti.<\/p>\n<h2><\/h2>\n<h2><span style=\"color: #00b285;\">Va\u0161a prava kao ispitanika<\/span><\/h2>\n<p>Sukladno propisima koji ure\u0111uju za\u0161titu osobnih podataka u svako doba imate sljede\u0107a prava glede obrade va\u0161ih osobnih podataka:<\/p>\n<ul>\n<li>pravo zatra\u017eiti nas informaciju koje va\u0161e osobne podatke obra\u0111ujemo (uklju\u010divo i dobiti presliku tih podataka) kao i da ih ispravimo ako su navedeni podaci neto\u010dni.<\/li>\n<li>ako va\u0161e osobne podatke obra\u0111ujemo temeljem va\u0161e privole kao pravne osnove za obradu, mo\u017eete povu\u0107i privolu u bilo kojem trenutku. Napominjemo da povla\u010denje privole ne utje\u010de na zakonitost obrade podataka obra\u0111enih na temelju privole prije nego \u0161to je ista povu\u010dena.<\/li>\n<li>ako obra\u0111ujemo va\u0161e osobne podatke temeljem va\u0161e privole ili sa svrhom izvr\u0161enja ugovora s vama imate pravo na pravo na prijenos podataka drugom voditelju obrade podataka kada je to tehni\u010dki izvedivo;<\/li>\n<li>imate pravo zatra\u017eiti da zastanemo s kori\u0161tenjem va\u0161ih osobnih podataka na odre\u0111eno vrijeme ako smatrate da ih ne obra\u0111ujemo u skladu s zakonom.<\/li>\n<li>zatra\u017eiti od nas da va\u0161e osobne podatke izbri\u0161emo u slu\u010dajevima kada ih obra\u0111ujemo temeljem va\u0161e privole ili s osnove legitimnog interesa kao pravne osnove za obradu ili nekom drugom slu\u010daju predvi\u0111enom propisom.<\/li>\n<li>pravo na podno\u0161enja prigovora u vezi obrade osobnih podataka.<\/li>\n<\/ul>\n<p>Ako \u017eelite ostvariti neko od navedenih prava, mo\u017eete nas kontaktirati na gore navedene podatke za kontakt.<\/p>\n<h2><span style=\"color: #00b285;\">Automatizirano pojedina\u010dno dono\u0161enje odluka i slanje podataka izvan EU<\/span><\/h2>\n<p>Imate pravo da se na vas ne odnosi odluka koja se temelji isklju\u010divo na automatiziranoj obradi, uklju\u010duju\u0107i izradu profila, koja proizvodi pravne u\u010dinke na vas odnose ili na sli\u010dan na\u010din na vas zna\u010dajno utje\u010du.<\/p>\n<p>Na internetskim stranicama u na\u0161em vlasni\u0161tvu kao niti u uslugama koje pru\u017eamo trenutno ne koristimo automatizirano pojedina\u010dno dono\u0161enje odluka.<\/p>\n<p>Va\u0161e osobne podatke ne dostavljamo tre\u0107im osobama niti ih dostavljamo izvan Europske unije, odnosno, u zemlje koje se sukladno Op\u0107oj uredbi o za\u0161titi podataka smatraju \u201etre\u0107im zemljama\u201c.<\/p>\n<h2><\/h2>\n<h2><span style=\"color: #00b285;\">Va\u0161e pravo na prigovor<\/span><\/h2>\n<p>Ako imate prigovor glede na\u010dina na koji koristimo Va\u0161e podatke, predla\u017eemo da prvo kontaktirate nas kako bismo otklonili problem. Ako smatrate da vam nismo bili u mogu\u0107nosti pomo\u0107i u svezi va\u0161e pritu\u017ebe ili problema imate pravo podnijeti prigovor Agenciji za za\u0161titu osobnih podataka putem internetske stranice agencije<span style=\"color: #00b285;\"> <a style=\"color: #00b285;\" href=\"http:\/\/www.azop.hr\">www.azop.hr<\/a> <\/span>ili pisanim putem na adresu:<\/p>\n<p>Agencija za za\u0161titu osobnih podataka<\/p>\n<p>Fra Grge Marti\u0107a 14<\/p>\n<p>HR &#8211;\u00a0 10000 ZAGREB<\/p>\n<h2><span style=\"color: #00b285;\">A\u017euriranje ove politike<\/span><\/h2>\n<p>Redovito pregledavamo i kada je prikladno, kako se na\u0161e usluge i kori\u0161tenje osobnih podataka razvijaju, povremeno a\u017euriramo ovu Politiku privatnosti. U slu\u010daju da \u017eelimo koristiti va\u0161e osobne podatke na na\u010din koji ranije nismo identificirali, kontaktirat \u0107emo vas kako bismo vam pru\u017eili informacije i ako je potrebno, zatra\u017eili va\u0161 pristanak. Savjetujemo vam da redovito posje\u0107ujete ovu politiku kako bi ste mogli dobiti aktualne informacije o na\u010dinu na koji obra\u0111ujemo va\u0161e osobne podatke.<\/p>\n<p>Ova politika posljednji put je a\u017eurirana 25. o\u017eujka 2019. godine.<\/p>\n<\/div><div class=\"fusion-clearfix\"><\/div><\/div><\/div><\/div><\/div>\n","protected":false},"excerpt":{"rendered":"","protected":false},"author":1,"featured_media":0,"parent":0,"menu_order":0,"comment_status":"closed","ping_status":"closed","template":"100-width.php","meta":{"footnotes":""},"class_list":["post-4405","page","type-page","status-publish","hentry"],"yoast_head":"<!-- This site is optimized with the Yoast SEO plugin v27.4 - https:\/\/yoast.com\/product\/yoast-seo-wordpress\/ -->\n<title>PRAVILA PRIVATNOSTI - Gooma<\/title>\n<meta name=\"robots\" content=\"index, follow, max-snippet:-1, max-image-preview:large, max-video-preview:-1\" \/>\n<link rel=\"canonical\" href=\"https:\/\/www.gooma.biz\/sr\/pravila-privatnosti\/\" \/>\n<meta property=\"og:locale\" content=\"sr_RS\" \/>\n<meta property=\"og:type\" content=\"article\" \/>\n<meta property=\"og:title\" content=\"PRAVILA PRIVATNOSTI - Gooma\" \/>\n<meta property=\"og:url\" content=\"https:\/\/www.gooma.biz\/sr\/pravila-privatnosti\/\" \/>\n<meta property=\"og:site_name\" content=\"Gooma\" \/>\n<meta property=\"article:modified_time\" content=\"2023-08-21T12:06:10+00:00\" \/>\n<meta name=\"twitter:card\" content=\"summary_large_image\" \/>\n<meta name=\"twitter:label1\" content=\"\u041f\u0440\u043e\u0446\u0435\u045a\u0435\u043d\u043e \u0432\u0440\u0435\u043c\u0435 \u0447\u0438\u0442\u0430\u045a\u0430\" \/>\n\t<meta name=\"twitter:data1\" content=\"7 \u043c\u0438\u043d\u0443\u0442\u0430\" \/>\n<script type=\"application\/ld+json\" class=\"yoast-schema-graph\">{\"@context\":\"https:\\\/\\\/schema.org\",\"@graph\":[{\"@type\":\"WebPage\",\"@id\":\"https:\\\/\\\/www.gooma.biz\\\/sr\\\/pravila-privatnosti\\\/\",\"url\":\"https:\\\/\\\/www.gooma.biz\\\/sr\\\/pravila-privatnosti\\\/\",\"name\":\"PRAVILA PRIVATNOSTI - Gooma\",\"isPartOf\":{\"@id\":\"https:\\\/\\\/www.putninalog.hr\\\/#website\"},\"datePublished\":\"2018-03-10T08:58:32+00:00\",\"dateModified\":\"2023-08-21T12:06:10+00:00\",\"breadcrumb\":{\"@id\":\"https:\\\/\\\/www.gooma.biz\\\/sr\\\/pravila-privatnosti\\\/#breadcrumb\"},\"inLanguage\":\"sr-RS\",\"potentialAction\":[{\"@type\":\"ReadAction\",\"target\":[\"https:\\\/\\\/www.gooma.biz\\\/sr\\\/pravila-privatnosti\\\/\"]}]},{\"@type\":\"BreadcrumbList\",\"@id\":\"https:\\\/\\\/www.gooma.biz\\\/sr\\\/pravila-privatnosti\\\/#breadcrumb\",\"itemListElement\":[{\"@type\":\"ListItem\",\"position\":1,\"name\":\"Po\u010detna stranica\",\"item\":\"https:\\\/\\\/putninalog.hr\\\/sr\\\/\"},{\"@type\":\"ListItem\",\"position\":2,\"name\":\"PRAVILA PRIVATNOSTI\"}]},{\"@type\":\"WebSite\",\"@id\":\"https:\\\/\\\/www.putninalog.hr\\\/#website\",\"url\":\"https:\\\/\\\/www.putninalog.hr\\\/\",\"name\":\"Gooma\",\"description\":\"\",\"potentialAction\":[{\"@type\":\"SearchAction\",\"target\":{\"@type\":\"EntryPoint\",\"urlTemplate\":\"https:\\\/\\\/www.putninalog.hr\\\/?s={search_term_string}\"},\"query-input\":{\"@type\":\"PropertyValueSpecification\",\"valueRequired\":true,\"valueName\":\"search_term_string\"}}],\"inLanguage\":\"sr-RS\"}]}<\/script>\n<!-- \/ Yoast SEO plugin. -->","yoast_head_json":{"title":"PRAVILA PRIVATNOSTI - Gooma","robots":{"index":"index","follow":"follow","max-snippet":"max-snippet:-1","max-image-preview":"max-image-preview:large","max-video-preview":"max-video-preview:-1"},"canonical":"https:\/\/www.gooma.biz\/sr\/pravila-privatnosti\/","og_locale":"sr_RS","og_type":"article","og_title":"PRAVILA PRIVATNOSTI - Gooma","og_url":"https:\/\/www.gooma.biz\/sr\/pravila-privatnosti\/","og_site_name":"Gooma","article_modified_time":"2023-08-21T12:06:10+00:00","twitter_card":"summary_large_image","twitter_misc":{"\u041f\u0440\u043e\u0446\u0435\u045a\u0435\u043d\u043e \u0432\u0440\u0435\u043c\u0435 \u0447\u0438\u0442\u0430\u045a\u0430":"7 \u043c\u0438\u043d\u0443\u0442\u0430"},"schema":{"@context":"https:\/\/schema.org","@graph":[{"@type":"WebPage","@id":"https:\/\/www.gooma.biz\/sr\/pravila-privatnosti\/","url":"https:\/\/www.gooma.biz\/sr\/pravila-privatnosti\/","name":"PRAVILA PRIVATNOSTI - Gooma","isPartOf":{"@id":"https:\/\/www.putninalog.hr\/#website"},"datePublished":"2018-03-10T08:58:32+00:00","dateModified":"2023-08-21T12:06:10+00:00","breadcrumb":{"@id":"https:\/\/www.gooma.biz\/sr\/pravila-privatnosti\/#breadcrumb"},"inLanguage":"sr-RS","potentialAction":[{"@type":"ReadAction","target":["https:\/\/www.gooma.biz\/sr\/pravila-privatnosti\/"]}]},{"@type":"BreadcrumbList","@id":"https:\/\/www.gooma.biz\/sr\/pravila-privatnosti\/#breadcrumb","itemListElement":[{"@type":"ListItem","position":1,"name":"Po\u010detna stranica","item":"https:\/\/putninalog.hr\/sr\/"},{"@type":"ListItem","position":2,"name":"PRAVILA PRIVATNOSTI"}]},{"@type":"WebSite","@id":"https:\/\/www.putninalog.hr\/#website","url":"https:\/\/www.putninalog.hr\/","name":"Gooma","description":"","potentialAction":[{"@type":"SearchAction","target":{"@type":"EntryPoint","urlTemplate":"https:\/\/www.putninalog.hr\/?s={search_term_string}"},"query-input":{"@type":"PropertyValueSpecification","valueRequired":true,"valueName":"search_term_string"}}],"inLanguage":"sr-RS"}]}},"_links":{"self":[{"href":"https:\/\/www.gooma.biz\/sr\/wp-json\/wp\/v2\/pages\/4405","targetHints":{"allow":["GET"]}}],"collection":[{"href":"https:\/\/www.gooma.biz\/sr\/wp-json\/wp\/v2\/pages"}],"about":[{"href":"https:\/\/www.gooma.biz\/sr\/wp-json\/wp\/v2\/types\/page"}],"author":[{"embeddable":true,"href":"https:\/\/www.gooma.biz\/sr\/wp-json\/wp\/v2\/users\/1"}],"replies":[{"embeddable":true,"href":"https:\/\/www.gooma.biz\/sr\/wp-json\/wp\/v2\/comments?post=4405"}],"version-history":[{"count":1,"href":"https:\/\/www.gooma.biz\/sr\/wp-json\/wp\/v2\/pages\/4405\/revisions"}],"predecessor-version":[{"id":4454,"href":"https:\/\/www.gooma.biz\/sr\/wp-json\/wp\/v2\/pages\/4405\/revisions\/4454"}],"wp:attachment":[{"href":"https:\/\/www.gooma.biz\/sr\/wp-json\/wp\/v2\/media?parent=4405"}],"curies":[{"name":"wp","href":"https:\/\/api.w.org\/{rel}","templated":true}]}}