{"id":4393,"date":"2019-02-14T16:13:39","date_gmt":"2019-02-14T15:13:39","guid":{"rendered":"https:\/\/www.gooma.biz\/razine-odobravanja\/"},"modified":"2023-08-21T13:46:41","modified_gmt":"2023-08-21T11:46:41","slug":"razine-odobravanja","status":"publish","type":"page","link":"https:\/\/www.gooma.biz\/sr\/upute-desktop\/administracija\/razine-odobravanja\/","title":{"rendered":"Razine odobravanja"},"content":{"rendered":"<p><div class=\"fusion-fullwidth fullwidth-box fusion-builder-row-1 nonhundred-percent-fullwidth non-hundred-percent-height-scrolling\" style=\"--awb-border-radius-top-left:0px;--awb-border-radius-top-right:0px;--awb-border-radius-bottom-right:0px;--awb-border-radius-bottom-left:0px;--awb-padding-top:40px;--awb-padding-bottom:30px;--awb-flex-wrap:wrap;\" ><div class=\"fusion-builder-row fusion-row\"><div class=\"fusion-layout-column fusion_builder_column fusion-builder-column-0 fusion_builder_column_1_1 1_1 fusion-one-full fusion-column-first fusion-column-last\" style=\"--awb-bg-size:cover;\"><div class=\"fusion-column-wrapper fusion-flex-column-wrapper-legacy\"><div class=\"fusion-text fusion-text-1\"><h3><b><\/b><span class=\"s2\">Razine odobraenja<\/span><\/h3>\n<p>Dodavanje novog nivoa odobrenja se vr\u0161i pomoc\u0301u znaka PLUS, a promena pozicije nivoa odobrenja mo\u017ee se izvr\u0161iti pomoc\u0301u strelica GORE i DOLE. Dodavanjem novog nivoa otvara se obrazac za unos:<\/p>\n<\/div><div class=\"fusion-sep-clear\"><\/div><div class=\"fusion-separator fusion-full-width-sep\" style=\"margin-left: auto;margin-right: auto;margin-top:20px;margin-bottom:20px;width:100%;\"><\/div><div class=\"fusion-sep-clear\"><\/div><div class=\"fusion-image-element fusion-image-align-center in-legacy-container\" style=\"text-align:center;--awb-caption-title-font-family:var(--h2_typography-font-family);--awb-caption-title-font-weight:var(--h2_typography-font-weight);--awb-caption-title-font-style:var(--h2_typography-font-style);--awb-caption-title-size:var(--h2_typography-font-size);--awb-caption-title-transform:var(--h2_typography-text-transform);--awb-caption-title-line-height:var(--h2_typography-line-height);--awb-caption-title-letter-spacing:var(--h2_typography-letter-spacing);\"><div class=\"imageframe-align-center\"><span class=\" fusion-imageframe imageframe-none imageframe-1 hover-type-none\"><a href=\"https:\/\/www.gooma.biz\/wp-content\/uploads\/2019\/07\/11.png\" class=\"fusion-lightbox\" data-rel=\"iLightbox[77dbd561bc7bad20116]\" data-title=\"Razina odobravanja\" title=\"Razina odobravanja\"><img decoding=\"async\" width=\"397\" height=\"432\" src=\"https:\/\/www.gooma.biz\/wp-content\/uploads\/2019\/07\/11.png\" alt class=\"img-responsive wp-image-3858\"\/><\/a><\/span><\/div><\/div><div class=\"fusion-sep-clear\"><\/div><div class=\"fusion-separator fusion-full-width-sep\" style=\"margin-left: auto;margin-right: auto;margin-top:20px;margin-bottom:20px;width:100%;\"><\/div><div class=\"fusion-sep-clear\"><\/div><div class=\"fusion-text fusion-text-2\"><p>Opis polja:<\/p>\n<ul>\n<li><em>Naziv odobravanja \u2013<\/em> naziv \u0107e se u procesu odobravanja pojavljivati na toj razini.<\/li>\n<li><em>Osobe i grupe \u2013 <\/em>Osobe i grupe koje imaju pravo odobriti tu razinu odobravanja (nije potrebno upisati ukoliko je ozna\u010deno polje \u201eOdobrava nadre\u0111eni\u201c)<\/li>\n<li><em>Likvidator &#8211; odgovorna osoba \u010diji potpis \u0107e se pokazati na razini odobravanja<\/em><\/li>\n<li><em>Odobravatelj \u2013 odgovorna osoba \u010diji potpis \u0107e se pokazati na razini odobravanja<\/em><\/li>\n<li><em>Nadre\u0111eni mo\u017ee odobriti <\/em>\u2013 Ozna\u010diti polje ukoliko nadre\u0111eni od podnositelja odobrava ovu razinu. Pravo odobravanja \u0107e naslijediti i njegov zamjenik ukoliko je definiran u tablici \u201e<em>Upravljanje korisnicima<\/em>\u201c.<\/li>\n<\/ul>\n<ul>\n<li><em>\u0160alji mail \u2013 potrebno odobriti \u2013 <\/em>Ukoliko je potrebno poslati notifikaciju osobi\/grupi koja odobrava ovu razinu, potrebno je uklju\u010diti ovo polje. Unosi se Naslov maila, primatelji (korisnici ili grupe), te tekst maila. U naslovu i tekstu maila mogu\u0107e je koristiti supstitute koji se pojavljuju prilikom prelaska kursora preko teksta. Unutar polja primatelji, mogu\u0107e je isto tako koristiti supstitute:\n<ul>\n<li><em>Nadre\u0111eni<\/em><\/li>\n<li><em>Zamjenik nadre\u0111enog<\/em><\/li>\n<li><em>Podnositel<\/em><\/li>\n<\/ul>\n<\/li>\n<\/ul>\n<p>Opis polja:<\/p>\n<ul>\n<li>Ime odobrenja \u2013 Ime c\u0301e se pojaviti na tom nivou u procesu odobravanja.<\/li>\n<li>Lica i grupe \u2013 Lica i grupe koje imaju pravo da odobre taj nivo odobrenja (nije potrebno unositi ako je ozna\u010deno polje \u201eOdobreno od pretpostavljenog\u201c)<\/li>\n<li>Likvidator &#8211; odgovorno lice \u010diji c\u0301e se potpis pojaviti na nivou odobrenja<\/li>\n<li>Odobravalac \u2013 odgovorno lice \u010diji c\u0301e se potpis pojaviti na nivou odobrenja<\/li>\n<li>Nadre\u0111eni mo\u017ee da odobri \u2013 Ozna\u010dite polje ako nadre\u0111eni podnosioca zahteva odobrava ovaj nivo. Pravo odobrenja nasledic\u0301e i njegov zamenik ako je definisan u tabeli \u201eUpravljanje korisnicima\u201c.<\/li>\n<li>Po\u0161alji po\u0161tu \u2013 potrebno je da se odobri \u2013 Ako treba da po\u0161aljete obave\u0161tenje osobi\/grupi koja odobrava ovaj nivo, potrebno je da uklju\u010dite ovo polje. Unesite naslov e-poruke, primaoce (korisnike ili grupe) i tekst e-poruke. U naslovu i tekstu e-po\u0161te moguc\u0301e je koristiti zamene koje se pojavljuju kada se kursor pomeri preko teksta. Unutar polja primalaca tako\u0111e je moguc\u0301e koristiti zamene:\n<ul>\n<li>Superior<\/li>\n<li>Zamenik pretpostavljenog<\/li>\n<li>Podnosilac<\/li>\n<\/ul>\n<\/li>\n<\/ul>\n<\/div><div class=\"fusion-sep-clear\"><\/div><div class=\"fusion-separator fusion-full-width-sep\" style=\"margin-left: auto;margin-right: auto;margin-top:20px;margin-bottom:20px;width:100%;\"><\/div><div class=\"fusion-sep-clear\"><\/div><div class=\"fusion-image-element fusion-image-align-center in-legacy-container\" style=\"text-align:center;--awb-caption-title-font-family:var(--h2_typography-font-family);--awb-caption-title-font-weight:var(--h2_typography-font-weight);--awb-caption-title-font-style:var(--h2_typography-font-style);--awb-caption-title-size:var(--h2_typography-font-size);--awb-caption-title-transform:var(--h2_typography-text-transform);--awb-caption-title-line-height:var(--h2_typography-line-height);--awb-caption-title-letter-spacing:var(--h2_typography-letter-spacing);\"><div class=\"imageframe-align-center\"><span class=\" fusion-imageframe imageframe-none imageframe-2 hover-type-none\"><a href=\"https:\/\/www.gooma.biz\/wp-content\/uploads\/2019\/02\/gooma_uredi_razinu.png\" class=\"fusion-lightbox\" data-rel=\"iLightbox[21aac34d49055749d44]\" data-title=\"gooma_uredi_razinu\" title=\"gooma_uredi_razinu\"><img decoding=\"async\" width=\"588\" height=\"533\" src=\"https:\/\/www.gooma.biz\/wp-content\/uploads\/2019\/02\/gooma_uredi_razinu.png\" alt class=\"img-responsive wp-image-3644\"\/><\/a><\/span><\/div><\/div><div class=\"fusion-sep-clear\"><\/div><div class=\"fusion-separator fusion-full-width-sep\" style=\"margin-left: auto;margin-right: auto;margin-top:20px;margin-bottom:20px;width:100%;\"><\/div><div class=\"fusion-sep-clear\"><\/div><div class=\"fusion-text fusion-text-3\"><ul>\n<li><em>\u0160alji mail<\/em> odobren &#8211; Ako je potrebno poslati obave\u0161tenje kada je ovaj nivo odobren, potrebno je uklju\u010diti ovo polje. Unesite naslov e-poruke, primaoce (korisnike ili grupe) i tekst e-poruke. U naslovu i tekstu mejla moguc\u0301e je koristiti zamene koje se pojavljuju kada se kursor pomeri preko teksta. Unutar polja primalaca tako\u0111e je moguc\u0301e koristiti zamene:\n<ul>\n<li><em>Superior <\/em><\/li>\n<li><em>Zamenik pretpostavljenog <\/em><\/li>\n<li><em>Podnosila<\/em>c<\/li>\n<\/ul>\n<\/li>\n<\/ul>\n<\/div><div class=\"fusion-sep-clear\"><\/div><div class=\"fusion-separator fusion-full-width-sep\" style=\"margin-left: auto;margin-right: auto;margin-top:20px;margin-bottom:20px;width:100%;\"><\/div><div class=\"fusion-sep-clear\"><\/div><div class=\"fusion-image-element fusion-image-align-center in-legacy-container\" style=\"text-align:center;--awb-caption-title-font-family:var(--h2_typography-font-family);--awb-caption-title-font-weight:var(--h2_typography-font-weight);--awb-caption-title-font-style:var(--h2_typography-font-style);--awb-caption-title-size:var(--h2_typography-font-size);--awb-caption-title-transform:var(--h2_typography-text-transform);--awb-caption-title-line-height:var(--h2_typography-line-height);--awb-caption-title-letter-spacing:var(--h2_typography-letter-spacing);\"><div class=\"imageframe-align-center\"><span class=\" fusion-imageframe imageframe-none imageframe-3 hover-type-none\"><a href=\"https:\/\/www.gooma.biz\/wp-content\/uploads\/2019\/07\/\u0161alji-mail-odobreno-1.png\" class=\"fusion-lightbox\" data-rel=\"iLightbox[e053171f6c1f981fc49]\" data-title=\"\u0161alji mail- odobreno\" title=\"\u0161alji mail- odobreno\"><img decoding=\"async\" width=\"584\" height=\"544\" src=\"https:\/\/www.gooma.biz\/wp-content\/uploads\/2019\/07\/\u0161alji-mail-odobreno-1.png\" alt class=\"img-responsive wp-image-3863\"\/><\/a><\/span><\/div><\/div><div class=\"fusion-sep-clear\"><\/div><div class=\"fusion-separator fusion-full-width-sep\" style=\"margin-left: auto;margin-right: auto;margin-top:20px;margin-bottom:20px;width:100%;\"><\/div><div class=\"fusion-sep-clear\"><\/div><div class=\"fusion-text fusion-text-4\"><ul>\n<li><em>Po\u0161alji po\u0161tu &#8211; odbijeno<\/em> &#8211; Ako treba da po\u0161aljete obave\u0161tenje kada je ovaj nivo odbijen, potrebno je da uklju\u010dite ovo polje. Unesite naslov e-poruke, primaoce (korisnike ili grupe) i tekst e-poruke. U naslovu i tekstu mejla moguc\u0301e je koristiti zamene koje se pojavljuju kada se kursor pomeri preko teksta. Unutar polja primalaca tako\u0111e je moguc\u0301e koristiti zamene:\n<ul>\n<li><em>Superior, <\/em><\/li>\n<li><em>zamenik pretpostavljenog, <\/em><\/li>\n<li><em>Podnosilac<\/em><\/li>\n<\/ul>\n<\/li>\n<\/ul>\n<\/div><div class=\"fusion-sep-clear\"><\/div><div class=\"fusion-separator fusion-full-width-sep\" style=\"margin-left: auto;margin-right: auto;margin-top:10px;width:100%;\"><\/div><div class=\"fusion-sep-clear\"><\/div><div class=\"fusion-image-element fusion-image-align-center in-legacy-container\" style=\"text-align:center;--awb-caption-title-font-family:var(--h2_typography-font-family);--awb-caption-title-font-weight:var(--h2_typography-font-weight);--awb-caption-title-font-style:var(--h2_typography-font-style);--awb-caption-title-size:var(--h2_typography-font-size);--awb-caption-title-transform:var(--h2_typography-text-transform);--awb-caption-title-line-height:var(--h2_typography-line-height);--awb-caption-title-letter-spacing:var(--h2_typography-letter-spacing);\"><div class=\"imageframe-align-center\"><span class=\" fusion-imageframe imageframe-none imageframe-4 hover-type-none\"><a href=\"https:\/\/www.gooma.biz\/wp-content\/uploads\/2019\/07\/\u0161alji-mail-odbijeno.png\" class=\"fusion-lightbox\" data-rel=\"iLightbox[4768212041b783305c0]\" data-title=\"\u0161alji mail- odbijeno\" title=\"\u0161alji mail- odbijeno\"><img decoding=\"async\" width=\"586\" height=\"539\" src=\"https:\/\/www.gooma.biz\/wp-content\/uploads\/2019\/07\/\u0161alji-mail-odbijeno.png\" alt class=\"img-responsive wp-image-3861\"\/><\/a><\/span><\/div><\/div><div class=\"fusion-sep-clear\"><\/div><div class=\"fusion-separator fusion-full-width-sep\" style=\"margin-left: auto;margin-right: auto;margin-top:20px;margin-bottom:20px;width:100%;\"><\/div><div class=\"fusion-sep-clear\"><\/div><div class=\"fusion-text fusion-text-5\"><ul>\n<li><em>Po\u0161alji mail &#8211; ispravka<\/em> &#8211; Ako je potrebno poslati obave\u0161tenje kada je zahtev potrebno ispraviti, ovo polje mora biti uklju\u010deno. Unesite naslov e-poruke, primaoce (korisnike ili grupe) i tekst e-poruke. U naslovu i tekstu e-po\u0161te moguc\u0301e je koristiti zamene koje se pojavljuju kada se kursor pomeri preko teksta. Unutar polja primalaca tako\u0111e je moguc\u0301e koristiti zamene:\n<ul>\n<li><em>Nadre\u0111eni, <\/em><\/li>\n<li><em>Zamjenik nadre\u0111enog, <\/em><\/li>\n<li><em>Podnositelj<\/em><\/li>\n<\/ul>\n<\/li>\n<\/ul>\n<\/div><div class=\"fusion-sep-clear\"><\/div><div class=\"fusion-separator fusion-full-width-sep\" style=\"margin-left: auto;margin-right: auto;margin-top:20px;margin-bottom:20px;width:100%;\"><\/div><div class=\"fusion-sep-clear\"><\/div><div class=\"fusion-image-element fusion-image-align-center in-legacy-container\" style=\"text-align:center;--awb-caption-title-font-family:var(--h2_typography-font-family);--awb-caption-title-font-weight:var(--h2_typography-font-weight);--awb-caption-title-font-style:var(--h2_typography-font-style);--awb-caption-title-size:var(--h2_typography-font-size);--awb-caption-title-transform:var(--h2_typography-text-transform);--awb-caption-title-line-height:var(--h2_typography-line-height);--awb-caption-title-letter-spacing:var(--h2_typography-letter-spacing);\"><div class=\"imageframe-align-center\"><span class=\" fusion-imageframe imageframe-none imageframe-5 hover-type-none\"><a href=\"https:\/\/www.gooma.biz\/wp-content\/uploads\/2019\/07\/\u0161alji-mail-ispravak.png\" class=\"fusion-lightbox\" data-rel=\"iLightbox[daeeb5b6d7e2c793f5d]\" data-title=\"\u0161alji mail- ispravak\" title=\"\u0161alji mail- ispravak\"><img decoding=\"async\" width=\"584\" height=\"544\" src=\"https:\/\/www.gooma.biz\/wp-content\/uploads\/2019\/07\/\u0161alji-mail-ispravak.png\" alt class=\"img-responsive wp-image-3862\"\/><\/a><\/span><\/div><\/div><div class=\"fusion-clearfix\"><\/div><\/div><\/div><\/div><\/div><div class=\"fusion-fullwidth fullwidth-box fusion-builder-row-2 nonhundred-percent-fullwidth non-hundred-percent-height-scrolling\" style=\"--awb-border-radius-top-left:0px;--awb-border-radius-top-right:0px;--awb-border-radius-bottom-right:0px;--awb-border-radius-bottom-left:0px;--awb-padding-bottom:30px;--awb-flex-wrap:wrap;\" ><div class=\"fusion-builder-row fusion-row\"><div class=\"fusion-layout-column fusion_builder_column fusion-builder-column-1 fusion_builder_column_1_1 1_1 fusion-one-full fusion-column-first fusion-column-last\" style=\"--awb-bg-size:cover;\"><div class=\"fusion-column-wrapper fusion-column-has-shadow fusion-flex-column-wrapper-legacy\"><div class=\"fusion-text fusion-text-6\"><p>Nije moguc\u0301e potvrditi nivo odobrenja ako nisu popunjena sva obavezna polja.<\/p>\n<p>Po zavr\u0161etku kreiranja varijante procesa odobravanja, \u0161ema odobrenja mora biti sa\u010duvana.<\/p>\n<\/div><div class=\"fusion-clearfix\"><\/div><\/div><\/div><\/div><\/div><div class=\"fusion-fullwidth fullwidth-box fusion-builder-row-3 fusion-flex-container nonhundred-percent-fullwidth non-hundred-percent-height-scrolling\" style=\"--awb-border-radius-top-left:0px;--awb-border-radius-top-right:0px;--awb-border-radius-bottom-right:0px;--awb-border-radius-bottom-left:0px;--awb-flex-wrap:wrap;\" ><div class=\"fusion-builder-row fusion-row fusion-flex-align-items-flex-start fusion-flex-content-wrap\" style=\"max-width:1216.8px;margin-left: calc(-4% \/ 2 );margin-right: calc(-4% \/ 2 );\"><div class=\"fusion-layout-column fusion_builder_column fusion-builder-column-2 fusion_builder_column_1_6 1_6 fusion-flex-column\" style=\"--awb-bg-size:cover;--awb-width-large:16.666666666667%;--awb-margin-top-large:0px;--awb-spacing-right-large:11.52%;--awb-margin-bottom-large:0px;--awb-spacing-left-large:11.52%;--awb-width-medium:100%;--awb-order-medium:0;--awb-spacing-right-medium:1.92%;--awb-spacing-left-medium:1.92%;--awb-width-small:100%;--awb-order-small:0;--awb-spacing-right-small:1.92%;--awb-spacing-left-small:1.92%;\"><div class=\"fusion-column-wrapper fusion-column-has-shadow fusion-flex-justify-content-flex-start fusion-content-layout-column\"><\/div><\/div><div class=\"fusion-layout-column fusion_builder_column fusion-builder-column-3 fusion_builder_column_2_3 2_3 fusion-flex-column\" style=\"--awb-bg-size:cover;--awb-width-large:66.666666666667%;--awb-margin-top-large:0px;--awb-spacing-right-large:2.88%;--awb-margin-bottom-large:0px;--awb-spacing-left-large:2.88%;--awb-width-medium:100%;--awb-order-medium:0;--awb-spacing-right-medium:1.92%;--awb-spacing-left-medium:1.92%;--awb-width-small:100%;--awb-order-small:0;--awb-spacing-right-small:1.92%;--awb-spacing-left-small:1.92%;\"><div class=\"fusion-column-wrapper fusion-column-has-shadow fusion-flex-justify-content-flex-start fusion-content-layout-column\"><div class=\"fusion-text fusion-text-7\"><div class=\"epyt-video-wrapper\"><iframe  id=\"_ytid_48389\"  width=\"1170\" height=\"658\"  data-origwidth=\"1170\" data-origheight=\"658\" src=\"https:\/\/www.youtube.com\/embed\/zBCZCcoU-lU?enablejsapi=1&#038;autoplay=0&#038;cc_load_policy=0&#038;cc_lang_pref=&#038;iv_load_policy=1&#038;loop=0&#038;rel=0&#038;fs=1&#038;playsinline=0&#038;autohide=2&#038;theme=dark&#038;color=red&#038;controls=1&#038;disablekb=0&#038;\" class=\"__youtube_prefs__  epyt-is-override  no-lazyload\" title=\"YouTube player\"  allow=\"fullscreen; accelerometer; autoplay; clipboard-write; encrypted-media; gyroscope; picture-in-picture; web-share\" referrerpolicy=\"strict-origin-when-cross-origin\" allowfullscreen data-no-lazy=\"1\" data-skipgform_ajax_framebjll=\"\"><\/iframe><\/div>\n<\/div><\/div><\/div><div class=\"fusion-layout-column fusion_builder_column fusion-builder-column-4 fusion_builder_column_1_6 1_6 fusion-flex-column\" style=\"--awb-bg-size:cover;--awb-width-large:16.666666666667%;--awb-margin-top-large:0px;--awb-spacing-right-large:11.52%;--awb-margin-bottom-large:0px;--awb-spacing-left-large:11.52%;--awb-width-medium:100%;--awb-order-medium:0;--awb-spacing-right-medium:1.92%;--awb-spacing-left-medium:1.92%;--awb-width-small:100%;--awb-order-small:0;--awb-spacing-right-small:1.92%;--awb-spacing-left-small:1.92%;\"><div class=\"fusion-column-wrapper fusion-column-has-shadow fusion-flex-justify-content-flex-start fusion-content-layout-column\"><\/div><\/div><\/div><\/div><\/p>\n","protected":false},"excerpt":{"rendered":"","protected":false},"author":1,"featured_media":0,"parent":4396,"menu_order":3,"comment_status":"closed","ping_status":"closed","template":"side-navigation.php","meta":{"footnotes":""},"class_list":["post-4393","page","type-page","status-publish","hentry"],"yoast_head":"<!-- This site is optimized with the Yoast SEO plugin v27.5 - https:\/\/yoast.com\/product\/yoast-seo-wordpress\/ -->\n<title>Razine odobravanja - Gooma<\/title>\n<meta name=\"robots\" content=\"index, follow, max-snippet:-1, max-image-preview:large, max-video-preview:-1\" \/>\n<link rel=\"canonical\" href=\"https:\/\/www.gooma.biz\/sr\/upute-desktop\/administracija\/razine-odobravanja\/\" \/>\n<meta property=\"og:locale\" content=\"sr_RS\" \/>\n<meta property=\"og:type\" content=\"article\" \/>\n<meta property=\"og:title\" content=\"Razine odobravanja - Gooma\" \/>\n<meta property=\"og:url\" content=\"https:\/\/www.gooma.biz\/sr\/upute-desktop\/administracija\/razine-odobravanja\/\" \/>\n<meta property=\"og:site_name\" content=\"Gooma\" \/>\n<meta property=\"article:modified_time\" content=\"2023-08-21T11:46:41+00:00\" \/>\n<meta name=\"twitter:card\" content=\"summary_large_image\" \/>\n<meta name=\"twitter:label1\" content=\"\u041f\u0440\u043e\u0446\u0435\u045a\u0435\u043d\u043e \u0432\u0440\u0435\u043c\u0435 \u0447\u0438\u0442\u0430\u045a\u0430\" \/>\n\t<meta name=\"twitter:data1\" content=\"9 \u043c\u0438\u043d\u0443\u0442\u0430\" \/>\n<script type=\"application\/ld+json\" class=\"yoast-schema-graph\">{\"@context\":\"https:\\\/\\\/schema.org\",\"@graph\":[{\"@type\":\"WebPage\",\"@id\":\"https:\\\/\\\/www.gooma.biz\\\/sr\\\/upute-desktop\\\/administracija\\\/razine-odobravanja\\\/\",\"url\":\"https:\\\/\\\/www.gooma.biz\\\/sr\\\/upute-desktop\\\/administracija\\\/razine-odobravanja\\\/\",\"name\":\"Razine odobravanja - Gooma\",\"isPartOf\":{\"@id\":\"https:\\\/\\\/www.putninalog.hr\\\/#website\"},\"datePublished\":\"2019-02-14T15:13:39+00:00\",\"dateModified\":\"2023-08-21T11:46:41+00:00\",\"breadcrumb\":{\"@id\":\"https:\\\/\\\/www.gooma.biz\\\/sr\\\/upute-desktop\\\/administracija\\\/razine-odobravanja\\\/#breadcrumb\"},\"inLanguage\":\"sr-RS\",\"potentialAction\":[{\"@type\":\"ReadAction\",\"target\":[\"https:\\\/\\\/www.gooma.biz\\\/sr\\\/upute-desktop\\\/administracija\\\/razine-odobravanja\\\/\"]}]},{\"@type\":\"BreadcrumbList\",\"@id\":\"https:\\\/\\\/www.gooma.biz\\\/sr\\\/upute-desktop\\\/administracija\\\/razine-odobravanja\\\/#breadcrumb\",\"itemListElement\":[{\"@type\":\"ListItem\",\"position\":1,\"name\":\"Po\u010detna stranica\",\"item\":\"https:\\\/\\\/putninalog.hr\\\/sr\\\/\"},{\"@type\":\"ListItem\",\"position\":2,\"name\":\"PODR\u0160KA &#8211; DESKTOP\",\"item\":\"https:\\\/\\\/putninalog.hr\\\/sr\\\/upute-desktop\\\/\"},{\"@type\":\"ListItem\",\"position\":3,\"name\":\"ADMINISTRACIJA\",\"item\":\"https:\\\/\\\/putninalog.hr\\\/sr\\\/upute-desktop\\\/administracija\\\/\"},{\"@type\":\"ListItem\",\"position\":4,\"name\":\"Razine odobravanja\"}]},{\"@type\":\"WebSite\",\"@id\":\"https:\\\/\\\/www.putninalog.hr\\\/#website\",\"url\":\"https:\\\/\\\/www.putninalog.hr\\\/\",\"name\":\"Gooma\",\"description\":\"\",\"potentialAction\":[{\"@type\":\"SearchAction\",\"target\":{\"@type\":\"EntryPoint\",\"urlTemplate\":\"https:\\\/\\\/www.putninalog.hr\\\/?s={search_term_string}\"},\"query-input\":{\"@type\":\"PropertyValueSpecification\",\"valueRequired\":true,\"valueName\":\"search_term_string\"}}],\"inLanguage\":\"sr-RS\"}]}<\/script>\n<!-- \/ Yoast SEO plugin. -->","yoast_head_json":{"title":"Razine odobravanja - Gooma","robots":{"index":"index","follow":"follow","max-snippet":"max-snippet:-1","max-image-preview":"max-image-preview:large","max-video-preview":"max-video-preview:-1"},"canonical":"https:\/\/www.gooma.biz\/sr\/upute-desktop\/administracija\/razine-odobravanja\/","og_locale":"sr_RS","og_type":"article","og_title":"Razine odobravanja - Gooma","og_url":"https:\/\/www.gooma.biz\/sr\/upute-desktop\/administracija\/razine-odobravanja\/","og_site_name":"Gooma","article_modified_time":"2023-08-21T11:46:41+00:00","twitter_card":"summary_large_image","twitter_misc":{"\u041f\u0440\u043e\u0446\u0435\u045a\u0435\u043d\u043e \u0432\u0440\u0435\u043c\u0435 \u0447\u0438\u0442\u0430\u045a\u0430":"9 \u043c\u0438\u043d\u0443\u0442\u0430"},"schema":{"@context":"https:\/\/schema.org","@graph":[{"@type":"WebPage","@id":"https:\/\/www.gooma.biz\/sr\/upute-desktop\/administracija\/razine-odobravanja\/","url":"https:\/\/www.gooma.biz\/sr\/upute-desktop\/administracija\/razine-odobravanja\/","name":"Razine odobravanja - Gooma","isPartOf":{"@id":"https:\/\/www.putninalog.hr\/#website"},"datePublished":"2019-02-14T15:13:39+00:00","dateModified":"2023-08-21T11:46:41+00:00","breadcrumb":{"@id":"https:\/\/www.gooma.biz\/sr\/upute-desktop\/administracija\/razine-odobravanja\/#breadcrumb"},"inLanguage":"sr-RS","potentialAction":[{"@type":"ReadAction","target":["https:\/\/www.gooma.biz\/sr\/upute-desktop\/administracija\/razine-odobravanja\/"]}]},{"@type":"BreadcrumbList","@id":"https:\/\/www.gooma.biz\/sr\/upute-desktop\/administracija\/razine-odobravanja\/#breadcrumb","itemListElement":[{"@type":"ListItem","position":1,"name":"Po\u010detna stranica","item":"https:\/\/putninalog.hr\/sr\/"},{"@type":"ListItem","position":2,"name":"PODR\u0160KA &#8211; DESKTOP","item":"https:\/\/putninalog.hr\/sr\/upute-desktop\/"},{"@type":"ListItem","position":3,"name":"ADMINISTRACIJA","item":"https:\/\/putninalog.hr\/sr\/upute-desktop\/administracija\/"},{"@type":"ListItem","position":4,"name":"Razine odobravanja"}]},{"@type":"WebSite","@id":"https:\/\/www.putninalog.hr\/#website","url":"https:\/\/www.putninalog.hr\/","name":"Gooma","description":"","potentialAction":[{"@type":"SearchAction","target":{"@type":"EntryPoint","urlTemplate":"https:\/\/www.putninalog.hr\/?s={search_term_string}"},"query-input":{"@type":"PropertyValueSpecification","valueRequired":true,"valueName":"search_term_string"}}],"inLanguage":"sr-RS"}]}},"_links":{"self":[{"href":"https:\/\/www.gooma.biz\/sr\/wp-json\/wp\/v2\/pages\/4393","targetHints":{"allow":["GET"]}}],"collection":[{"href":"https:\/\/www.gooma.biz\/sr\/wp-json\/wp\/v2\/pages"}],"about":[{"href":"https:\/\/www.gooma.biz\/sr\/wp-json\/wp\/v2\/types\/page"}],"author":[{"embeddable":true,"href":"https:\/\/www.gooma.biz\/sr\/wp-json\/wp\/v2\/users\/1"}],"replies":[{"embeddable":true,"href":"https:\/\/www.gooma.biz\/sr\/wp-json\/wp\/v2\/comments?post=4393"}],"version-history":[{"count":2,"href":"https:\/\/www.gooma.biz\/sr\/wp-json\/wp\/v2\/pages\/4393\/revisions"}],"predecessor-version":[{"id":4443,"href":"https:\/\/www.gooma.biz\/sr\/wp-json\/wp\/v2\/pages\/4393\/revisions\/4443"}],"up":[{"embeddable":true,"href":"https:\/\/www.gooma.biz\/sr\/wp-json\/wp\/v2\/pages\/4396"}],"wp:attachment":[{"href":"https:\/\/www.gooma.biz\/sr\/wp-json\/wp\/v2\/media?parent=4393"}],"curies":[{"name":"wp","href":"https:\/\/api.w.org\/{rel}","templated":true}]}}