{"id":4392,"date":"2019-02-14T16:15:15","date_gmt":"2019-02-14T15:15:15","guid":{"rendered":"https:\/\/www.gooma.biz\/upravljanje-korisnicima\/"},"modified":"2019-02-14T16:15:15","modified_gmt":"2019-02-14T15:15:15","slug":"upravljanje-korisnicima","status":"publish","type":"page","link":"https:\/\/www.gooma.biz\/sr\/upute-desktop\/administracija\/upravljanje-korisnicima\/","title":{"rendered":"Upravljanje korisnicima"},"content":{"rendered":"<div class=\"fusion-fullwidth fullwidth-box fusion-builder-row-1 nonhundred-percent-fullwidth non-hundred-percent-height-scrolling fusion-equal-height-columns\" style=\"--awb-border-radius-top-left:0px;--awb-border-radius-top-right:0px;--awb-border-radius-bottom-right:0px;--awb-border-radius-bottom-left:0px;--awb-padding-bottom:30px;--awb-flex-wrap:wrap;\" ><div class=\"fusion-builder-row fusion-row\"><div class=\"fusion-layout-column fusion_builder_column fusion-builder-column-0 fusion_builder_column_1_1 1_1 fusion-one-full fusion-column-first fusion-column-last\" style=\"--awb-bg-size:cover;\"><div class=\"fusion-column-wrapper fusion-column-has-shadow fusion-flex-column-wrapper-legacy\"><div class=\"fusion-text fusion-text-1\"><h3>Upravljanje korisnicima- otvaranje i editiranje korisnika, te definiranje prava i hijerarhijske strukture<\/h3>\n<\/div><div class=\"fusion-text fusion-text-2\"><div class=\"epyt-video-wrapper\"><iframe  id=\"_ytid_55462\"  width=\"1170\" height=\"658\"  data-origwidth=\"1170\" data-origheight=\"658\" src=\"https:\/\/www.youtube.com\/embed\/d4Pc_kd-mn0?enablejsapi=1&#038;autoplay=0&#038;cc_load_policy=0&#038;cc_lang_pref=&#038;iv_load_policy=1&#038;loop=0&#038;rel=0&#038;fs=1&#038;playsinline=0&#038;autohide=2&#038;theme=dark&#038;color=red&#038;controls=1&#038;disablekb=0&#038;\" class=\"__youtube_prefs__  epyt-is-override  no-lazyload\" title=\"YouTube player\"  allow=\"fullscreen; accelerometer; autoplay; clipboard-write; encrypted-media; gyroscope; picture-in-picture; web-share\" referrerpolicy=\"strict-origin-when-cross-origin\" allowfullscreen data-no-lazy=\"1\" data-skipgform_ajax_framebjll=\"\"><\/iframe><\/div>\n<\/div><div class=\"fusion-text fusion-text-3\"><p>Nakon odabira opcije <em>Upravljanje korisnicima<\/em> otvara se forma sa popisom kreiranih korisnika:<\/p>\n<\/div><div class=\"fusion-sep-clear\"><\/div><div class=\"fusion-separator fusion-full-width-sep\" style=\"margin-left: auto;margin-right: auto;margin-bottom:20px;width:100%;\"><\/div><div class=\"fusion-sep-clear\"><\/div><div class=\"fusion-image-element fusion-image-align-center in-legacy-container\" style=\"text-align:center;--awb-caption-title-font-family:var(--h2_typography-font-family);--awb-caption-title-font-weight:var(--h2_typography-font-weight);--awb-caption-title-font-style:var(--h2_typography-font-style);--awb-caption-title-size:var(--h2_typography-font-size);--awb-caption-title-transform:var(--h2_typography-text-transform);--awb-caption-title-line-height:var(--h2_typography-line-height);--awb-caption-title-letter-spacing:var(--h2_typography-letter-spacing);\"><div class=\"imageframe-align-center\"><span class=\" fusion-imageframe imageframe-none imageframe-1 hover-type-none\"><a href=\"https:\/\/www.gooma.biz\/wp-content\/uploads\/2019\/09\/Korisnici_gooma.png\" class=\"fusion-lightbox\" data-rel=\"iLightbox[b30e620eda83094d3bb]\" data-title=\"Korisnici_gooma\" title=\"Korisnici_gooma\"><img decoding=\"async\" width=\"1433\" height=\"343\" src=\"https:\/\/www.gooma.biz\/wp-content\/uploads\/2019\/09\/Korisnici_gooma.png\" alt class=\"img-responsive wp-image-3978\"\/><\/a><\/span><\/div><\/div><div class=\"fusion-sep-clear\"><\/div><div class=\"fusion-separator fusion-full-width-sep\" style=\"margin-left: auto;margin-right: auto;margin-bottom:30px;width:100%;\"><\/div><div class=\"fusion-sep-clear\"><\/div><div class=\"fusion-text fusion-text-4\"><p>Osim osnovnih podataka o djelatniku, potrebno je definirati razinu prava za svakog korisnika.<\/p>\n<p>Svakom korisniku je mogu\u0107e dodijeliti odre\u0111enu poziciju unutar hijerarhijske strukture, odnosno svakom korisniku je mogu\u0107e dodati nadre\u0111enog i podre\u0111enog korisnika. Nadre\u0111eni mo\u017ee imati neograni\u010den broj podre\u0111enih korisnika. Nadre\u0111eni korisnik, u tom slu\u010daju, mo\u017ee vidjeti sve zapise njemu podre\u0111enih korisnika, a podre\u0111eni korisnici vide samo svoje zapise i njima podre\u0111enih, ali ne i zapise vi\u0161ih razina.<\/p>\n<p>Primjer:<\/p>\n<\/div><div class=\"fusion-sep-clear\"><\/div><div class=\"fusion-separator fusion-full-width-sep\" style=\"margin-left: auto;margin-right: auto;margin-bottom:20px;width:100%;\"><\/div><div class=\"fusion-sep-clear\"><\/div><div class=\"fusion-image-element fusion-image-align-center in-legacy-container\" style=\"text-align:center;--awb-caption-title-font-family:var(--h2_typography-font-family);--awb-caption-title-font-weight:var(--h2_typography-font-weight);--awb-caption-title-font-style:var(--h2_typography-font-style);--awb-caption-title-size:var(--h2_typography-font-size);--awb-caption-title-transform:var(--h2_typography-text-transform);--awb-caption-title-line-height:var(--h2_typography-line-height);--awb-caption-title-letter-spacing:var(--h2_typography-letter-spacing);\"><div class=\"imageframe-align-center\"><span class=\" fusion-imageframe imageframe-none imageframe-2 hover-type-none\"><a href=\"https:\/\/www.gooma.biz\/wp-content\/uploads\/2019\/07\/hijerarhijska-struktura.png\" class=\"fusion-lightbox\" data-rel=\"iLightbox[d8ed252cbcb3ab4885c]\" data-title=\"hijerarhijska struktura\" title=\"hijerarhijska struktura\"><img decoding=\"async\" width=\"548\" height=\"276\" src=\"https:\/\/www.gooma.biz\/wp-content\/uploads\/2019\/07\/hijerarhijska-struktura.png\" alt class=\"img-responsive wp-image-3873\"\/><\/a><\/span><\/div><\/div><div class=\"fusion-sep-clear\"><\/div><div class=\"fusion-separator fusion-full-width-sep\" style=\"margin-left: auto;margin-right: auto;margin-bottom:30px;width:100%;\"><\/div><div class=\"fusion-sep-clear\"><\/div><div class=\"fusion-text fusion-text-5\"><p>Nadre\u0111eni korisnik mo\u017ee imati definiranog zamjenika (koji mu istovremeno mo\u017ee biti i podre\u0111eni), koji mo\u017ee vidjeti zapise njegovih podre\u0111enih korisnika, ali ne i zapise samog nadre\u0111enog.<\/p>\n<\/div><div class=\"fusion-text fusion-text-6\"><p><strong>Dodjela prava <\/strong>&#8211;\u00a0pogleda i editiranja zapisa i\/ili upravljanja sustavom odre\u0111enom korisniku, definira se unutar kartice korisnika. Ova opcija se pojavljuje na kartici korisnika tek nakon kreiranja samog korisnika. Dvoklikom na redak \u017eeljenog korisnika otvara se kartica u kojoj je mogu\u0107e editirati podatke o korisniku, definirati varijante odobravanja i dodijeliti prava upravljanja podacima i\/ili sustavom.<\/p>\n<\/div><div class=\"fusion-sep-clear\"><\/div><div class=\"fusion-separator fusion-full-width-sep\" style=\"margin-left: auto;margin-right: auto;margin-bottom:20px;width:100%;\"><\/div><div class=\"fusion-sep-clear\"><\/div><div class=\"fusion-image-element fusion-image-align-center in-legacy-container\" style=\"text-align:center;--awb-caption-title-font-family:var(--h2_typography-font-family);--awb-caption-title-font-weight:var(--h2_typography-font-weight);--awb-caption-title-font-style:var(--h2_typography-font-style);--awb-caption-title-size:var(--h2_typography-font-size);--awb-caption-title-transform:var(--h2_typography-text-transform);--awb-caption-title-line-height:var(--h2_typography-line-height);--awb-caption-title-letter-spacing:var(--h2_typography-letter-spacing);\"><div class=\"imageframe-align-center\"><span class=\" fusion-imageframe imageframe-none imageframe-3 hover-type-none\"><a href=\"https:\/\/www.gooma.biz\/wp-content\/uploads\/2019\/09\/Dodjela_prava_gooma.png\" class=\"fusion-lightbox\" data-rel=\"iLightbox[a000aea37682785ecd6]\" data-title=\"Dodjela_prava_gooma\" title=\"Dodjela_prava_gooma\"><img decoding=\"async\" width=\"364\" height=\"266\" src=\"https:\/\/www.gooma.biz\/wp-content\/uploads\/2019\/09\/Dodjela_prava_gooma.png\" alt class=\"img-responsive wp-image-3979\"\/><\/a><\/span><\/div><\/div><div class=\"fusion-sep-clear\"><\/div><div class=\"fusion-separator fusion-full-width-sep\" style=\"margin-left: auto;margin-right: auto;margin-bottom:30px;width:100%;\"><\/div><div class=\"fusion-sep-clear\"><\/div><div class=\"fusion-text fusion-text-7\"><p>U kartici za dodjelu prava najprije je potrebno odabrati tvrtku za koju se dodjeljuju prava odabranom korisniku.<\/p>\n<ul>\n<li><strong>Prava upravljanja podacima<\/strong> &#8211; podrazumijeva prava pogleda, editiranja, brisanja ili dodavanja zapisa za odre\u0111enog korisnika ili grupu korisnika (mogu\u0107e je odabrati vi\u0161e prava),<\/li>\n<li><strong>Prava upravljanja sustavom <\/strong>&#8211; podrazumijeva dodjeljivanje prava za odre\u0111eni modul sustava.<\/li>\n<\/ul>\n<p><strong>Admin\u00a0<\/strong>je rola u sustavu koja ima prava pogleda i editiranja svih modula u administraciji sustava.<\/p>\n<\/div><div class=\"fusion-sep-clear\"><\/div><div class=\"fusion-separator fusion-full-width-sep\" style=\"margin-left: auto;margin-right: auto;margin-bottom:20px;width:100%;\"><\/div><div class=\"fusion-sep-clear\"><\/div><div class=\"fusion-text fusion-text-8\"><p><strong>Licence <\/strong>&#8211; Odabirom oznake <em>Dodaj <\/em>na korisniku, otvara se prozor za izbor \u017eeljenih licenci:<\/p>\n<\/div><div class=\"fusion-sep-clear\"><\/div><div class=\"fusion-separator fusion-full-width-sep\" style=\"margin-left: auto;margin-right: auto;margin-bottom:20px;width:100%;\"><\/div><div class=\"fusion-sep-clear\"><\/div><div class=\"fusion-image-element fusion-image-align-center in-legacy-container\" style=\"text-align:center;--awb-caption-title-font-family:var(--h2_typography-font-family);--awb-caption-title-font-weight:var(--h2_typography-font-weight);--awb-caption-title-font-style:var(--h2_typography-font-style);--awb-caption-title-size:var(--h2_typography-font-size);--awb-caption-title-transform:var(--h2_typography-text-transform);--awb-caption-title-line-height:var(--h2_typography-line-height);--awb-caption-title-letter-spacing:var(--h2_typography-letter-spacing);\"><div class=\"imageframe-align-center\"><span class=\" fusion-imageframe imageframe-none imageframe-4 hover-type-none\"><a href=\"https:\/\/www.gooma.biz\/wp-content\/uploads\/2019\/08\/52.png\" class=\"fusion-lightbox\" data-rel=\"iLightbox[d68991d6a8d9b787f04]\" data-title=\"licence\" title=\"licence\"><img decoding=\"async\" width=\"453\" height=\"354\" src=\"https:\/\/www.gooma.biz\/wp-content\/uploads\/2019\/08\/52.png\" alt class=\"img-responsive wp-image-3936\"\/><\/a><\/span><\/div><\/div><div class=\"fusion-sep-clear\"><\/div><div class=\"fusion-separator fusion-full-width-sep\" style=\"margin-left: auto;margin-right: auto;margin-bottom:30px;width:100%;\"><\/div><div class=\"fusion-sep-clear\"><\/div><div class=\"fusion-text fusion-text-9\"><ul>\n<li><em>Full licenca<\/em>&#8211; za kori\u0161tenje web sustava i mobilne aplikacije<\/li>\n<li><em>Mobilna licenca<\/em>&#8211; za kori\u0161tenje samo mobilne aplikacije<\/li>\n<li><em>Web licenca<\/em>&#8211; za kori\u0161tenje samo web sustava<\/li>\n<li><em>Limited licenca<\/em>&#8211; to su korisnici koji ne mogu koristiti ni web ni mobilnu aplikaciju, ali postoje u sustavu da bi netko drugi (administrator podataka) mogao kreirati zapise u njihovo ime.<\/li>\n<\/ul>\n<\/div><div class=\"fusion-sep-clear\"><\/div><div class=\"fusion-separator fusion-full-width-sep\" style=\"margin-left: auto;margin-right: auto;margin-bottom:20px;width:100%;\"><\/div><div class=\"fusion-sep-clear\"><\/div><div class=\"fusion-text fusion-text-10\"><p>Odabirom opcije <em>Dodaj korisnika<\/em> otvara se forma za unos novog korisnika:<\/p>\n<\/div><div class=\"fusion-sep-clear\"><\/div><div class=\"fusion-separator fusion-full-width-sep\" style=\"margin-left: auto;margin-right: auto;margin-bottom:20px;width:100%;\"><\/div><div class=\"fusion-sep-clear\"><\/div><div class=\"fusion-image-element fusion-image-align-center in-legacy-container\" style=\"text-align:center;--awb-caption-title-font-family:var(--h2_typography-font-family);--awb-caption-title-font-weight:var(--h2_typography-font-weight);--awb-caption-title-font-style:var(--h2_typography-font-style);--awb-caption-title-size:var(--h2_typography-font-size);--awb-caption-title-transform:var(--h2_typography-text-transform);--awb-caption-title-line-height:var(--h2_typography-line-height);--awb-caption-title-letter-spacing:var(--h2_typography-letter-spacing);\"><div class=\"imageframe-align-center\"><span class=\" fusion-imageframe imageframe-none imageframe-5 hover-type-none\"><a href=\"https:\/\/www.gooma.biz\/wp-content\/uploads\/2020\/10\/uredi-korisnika-dijalog.png\" class=\"fusion-lightbox\" data-rel=\"iLightbox[7a102af22c2b024716b]\" data-title=\"uredi korisnika dijalog\" title=\"uredi korisnika dijalog\"><img decoding=\"async\" width=\"502\" height=\"900\" src=\"https:\/\/www.gooma.biz\/wp-content\/uploads\/2020\/10\/uredi-korisnika-dijalog.png\" alt class=\"img-responsive wp-image-4127\" srcset=\"https:\/\/www.gooma.biz\/wp-content\/uploads\/2020\/10\/uredi-korisnika-dijalog-200x359.png 200w, https:\/\/www.gooma.biz\/wp-content\/uploads\/2020\/10\/uredi-korisnika-dijalog-400x717.png 400w, https:\/\/www.gooma.biz\/wp-content\/uploads\/2020\/10\/uredi-korisnika-dijalog.png 502w\" sizes=\"(max-width: 980px) 100vw, 502px\" \/><\/a><\/span><\/div><\/div><div class=\"fusion-sep-clear\"><\/div><div class=\"fusion-separator fusion-full-width-sep\" style=\"margin-left: auto;margin-right: auto;margin-bottom:30px;width:100%;\"><\/div><div class=\"fusion-sep-clear\"><\/div><div class=\"fusion-text fusion-text-11\"><p><strong><em>Fleet sustav- <\/em><\/strong>je opcija koja omogu\u0107ava integraciju sa <em><a href=\"https:\/\/1-telematics.com\/idata\/\">fleet management<\/a><\/em> sustavom. U tom slu\u010daju, djelatnik \u0107e se po povratku s puta spojiti na fleet sustav i iz njega \u0107e se preslikati podaci o prije\u0111enim rutama, lokacijama i kilometra\u017ei, te \u0107e se na osnovu tih podataka izra\u010dunati putni tro\u0161kovi.<\/p>\n<p><strong>Predefinirani tekst izvje\u0161taja- <\/strong>je opcija koja omogu\u0107ava predefiniranje teksta izvje\u0161taja za tog korisnika. Izvje\u0161\u0107e s puta mora biti uneseno da bi se putni ra\u010dun mogao spremiti. Neke tvrtke ne nala\u017eu pisanje izvje\u0161\u0107a s puta na putnom ra\u010dunu, stoga se odre\u0111eni tekst mo\u017ee predefinirati i automatski \u0107e se pojaviti na svakom putnom ra\u010dunu tog korisnika.<\/p>\n<p><strong>Zadano vozilo- <\/strong>zadano vozilo je opcija koja omogu\u0107ava predefiniranje odre\u0111enog vozila za korisnika. Odabrano vozilo se automatski upisuje na formu za novi slu\u017ebeni put ili loko vo\u017enju, ali ga je mogu\u0107e izmijeniti.<\/p>\n<p><strong>ERP ID- <\/strong>\u00a0Putem ovog polja vr\u0161i se mapiranje podataka ukoliko je Gooma sustav integriran sa ERP sustavom.<\/p>\n<p><strong>Napomena<\/strong>: Ukoliko poslovni proces tvrtke nala\u017ee odobravanje Putnih naloga\/zahtjeva ili Putnih ra\u010duna, varijantu odobravanja je potrebno <span style=\"text-decoration: underline;\">odabrati u kartici korisnika<\/span>\u00a0kako bi se primijenila na svim njegovim putnim nalozima, tj. ra\u010dunima.<\/p>\n<\/div><div class=\"fusion-sep-clear\"><\/div><div class=\"fusion-separator fusion-full-width-sep\" style=\"margin-left: auto;margin-right: auto;margin-bottom:10px;width:100%;\"><\/div><div class=\"fusion-sep-clear\"><\/div><div class=\"fusion-image-element fusion-image-align-center in-legacy-container\" style=\"text-align:center;--awb-caption-title-font-family:var(--h2_typography-font-family);--awb-caption-title-font-weight:var(--h2_typography-font-weight);--awb-caption-title-font-style:var(--h2_typography-font-style);--awb-caption-title-size:var(--h2_typography-font-size);--awb-caption-title-transform:var(--h2_typography-text-transform);--awb-caption-title-line-height:var(--h2_typography-line-height);--awb-caption-title-letter-spacing:var(--h2_typography-letter-spacing);\"><div class=\"imageframe-align-center\"><span class=\" fusion-imageframe imageframe-none imageframe-6 hover-type-none\"><a href=\"https:\/\/www.gooma.biz\/wp-content\/uploads\/2019\/09\/Varijante-odobravanja_gooma.png\" class=\"fusion-lightbox\" data-rel=\"iLightbox[a0b464d63736441c9d7]\" data-title=\"Varijante odobravanja_gooma\" title=\"Varijante odobravanja_gooma\"><img decoding=\"async\" width=\"349\" height=\"118\" src=\"https:\/\/www.gooma.biz\/wp-content\/uploads\/2019\/09\/Varijante-odobravanja_gooma.png\" alt class=\"img-responsive wp-image-3980\"\/><\/a><\/span><\/div><\/div><div class=\"fusion-sep-clear\"><\/div><div class=\"fusion-separator fusion-full-width-sep\" style=\"margin-left: auto;margin-right: auto;margin-bottom:30px;width:100%;\"><\/div><div class=\"fusion-sep-clear\"><\/div><div class=\"fusion-text fusion-text-12\"><p>Detaljnije o varijantama odobravanja, pro\u010ditajte u poglavlju 2.1.1. Varijante odobravanja.<\/p>\n<\/div><div class=\"fusion-clearfix\"><\/div><\/div><\/div><\/div><\/div>\n","protected":false},"excerpt":{"rendered":"","protected":false},"author":1,"featured_media":0,"parent":4396,"menu_order":10,"comment_status":"closed","ping_status":"closed","template":"side-navigation.php","meta":{"footnotes":""},"class_list":["post-4392","page","type-page","status-publish","hentry"],"yoast_head":"<!-- This site is optimized with the Yoast SEO plugin v27.5 - https:\/\/yoast.com\/product\/yoast-seo-wordpress\/ -->\n<title>Upravljanje korisnicima - Gooma<\/title>\n<meta name=\"robots\" content=\"index, follow, max-snippet:-1, max-image-preview:large, max-video-preview:-1\" \/>\n<link rel=\"canonical\" href=\"https:\/\/www.gooma.biz\/sr\/upute-desktop\/administracija\/upravljanje-korisnicima\/\" \/>\n<meta property=\"og:locale\" content=\"sr_RS\" \/>\n<meta property=\"og:type\" content=\"article\" \/>\n<meta property=\"og:title\" content=\"Upravljanje korisnicima - Gooma\" \/>\n<meta property=\"og:url\" content=\"https:\/\/www.gooma.biz\/sr\/upute-desktop\/administracija\/upravljanje-korisnicima\/\" \/>\n<meta property=\"og:site_name\" content=\"Gooma\" \/>\n<meta name=\"twitter:card\" content=\"summary_large_image\" \/>\n<meta name=\"twitter:label1\" content=\"\u041f\u0440\u043e\u0446\u0435\u045a\u0435\u043d\u043e \u0432\u0440\u0435\u043c\u0435 \u0447\u0438\u0442\u0430\u045a\u0430\" \/>\n\t<meta name=\"twitter:data1\" content=\"11 \u043c\u0438\u043d\u0443\u0442\u0430\" \/>\n<script type=\"application\/ld+json\" class=\"yoast-schema-graph\">{\"@context\":\"https:\\\/\\\/schema.org\",\"@graph\":[{\"@type\":\"WebPage\",\"@id\":\"https:\\\/\\\/www.gooma.biz\\\/sr\\\/upute-desktop\\\/administracija\\\/upravljanje-korisnicima\\\/\",\"url\":\"https:\\\/\\\/www.gooma.biz\\\/sr\\\/upute-desktop\\\/administracija\\\/upravljanje-korisnicima\\\/\",\"name\":\"Upravljanje korisnicima - Gooma\",\"isPartOf\":{\"@id\":\"https:\\\/\\\/www.putninalog.hr\\\/#website\"},\"datePublished\":\"2019-02-14T15:15:15+00:00\",\"breadcrumb\":{\"@id\":\"https:\\\/\\\/www.gooma.biz\\\/sr\\\/upute-desktop\\\/administracija\\\/upravljanje-korisnicima\\\/#breadcrumb\"},\"inLanguage\":\"sr-RS\",\"potentialAction\":[{\"@type\":\"ReadAction\",\"target\":[\"https:\\\/\\\/www.gooma.biz\\\/sr\\\/upute-desktop\\\/administracija\\\/upravljanje-korisnicima\\\/\"]}]},{\"@type\":\"BreadcrumbList\",\"@id\":\"https:\\\/\\\/www.gooma.biz\\\/sr\\\/upute-desktop\\\/administracija\\\/upravljanje-korisnicima\\\/#breadcrumb\",\"itemListElement\":[{\"@type\":\"ListItem\",\"position\":1,\"name\":\"Po\u010detna stranica\",\"item\":\"https:\\\/\\\/putninalog.hr\\\/sr\\\/\"},{\"@type\":\"ListItem\",\"position\":2,\"name\":\"PODR\u0160KA &#8211; DESKTOP\",\"item\":\"https:\\\/\\\/putninalog.hr\\\/sr\\\/upute-desktop\\\/\"},{\"@type\":\"ListItem\",\"position\":3,\"name\":\"ADMINISTRACIJA\",\"item\":\"https:\\\/\\\/putninalog.hr\\\/sr\\\/upute-desktop\\\/administracija\\\/\"},{\"@type\":\"ListItem\",\"position\":4,\"name\":\"Upravljanje korisnicima\"}]},{\"@type\":\"WebSite\",\"@id\":\"https:\\\/\\\/www.putninalog.hr\\\/#website\",\"url\":\"https:\\\/\\\/www.putninalog.hr\\\/\",\"name\":\"Gooma\",\"description\":\"\",\"potentialAction\":[{\"@type\":\"SearchAction\",\"target\":{\"@type\":\"EntryPoint\",\"urlTemplate\":\"https:\\\/\\\/www.putninalog.hr\\\/?s={search_term_string}\"},\"query-input\":{\"@type\":\"PropertyValueSpecification\",\"valueRequired\":true,\"valueName\":\"search_term_string\"}}],\"inLanguage\":\"sr-RS\"}]}<\/script>\n<!-- \/ Yoast SEO plugin. -->","yoast_head_json":{"title":"Upravljanje korisnicima - Gooma","robots":{"index":"index","follow":"follow","max-snippet":"max-snippet:-1","max-image-preview":"max-image-preview:large","max-video-preview":"max-video-preview:-1"},"canonical":"https:\/\/www.gooma.biz\/sr\/upute-desktop\/administracija\/upravljanje-korisnicima\/","og_locale":"sr_RS","og_type":"article","og_title":"Upravljanje korisnicima - Gooma","og_url":"https:\/\/www.gooma.biz\/sr\/upute-desktop\/administracija\/upravljanje-korisnicima\/","og_site_name":"Gooma","twitter_card":"summary_large_image","twitter_misc":{"\u041f\u0440\u043e\u0446\u0435\u045a\u0435\u043d\u043e \u0432\u0440\u0435\u043c\u0435 \u0447\u0438\u0442\u0430\u045a\u0430":"11 \u043c\u0438\u043d\u0443\u0442\u0430"},"schema":{"@context":"https:\/\/schema.org","@graph":[{"@type":"WebPage","@id":"https:\/\/www.gooma.biz\/sr\/upute-desktop\/administracija\/upravljanje-korisnicima\/","url":"https:\/\/www.gooma.biz\/sr\/upute-desktop\/administracija\/upravljanje-korisnicima\/","name":"Upravljanje korisnicima - Gooma","isPartOf":{"@id":"https:\/\/www.putninalog.hr\/#website"},"datePublished":"2019-02-14T15:15:15+00:00","breadcrumb":{"@id":"https:\/\/www.gooma.biz\/sr\/upute-desktop\/administracija\/upravljanje-korisnicima\/#breadcrumb"},"inLanguage":"sr-RS","potentialAction":[{"@type":"ReadAction","target":["https:\/\/www.gooma.biz\/sr\/upute-desktop\/administracija\/upravljanje-korisnicima\/"]}]},{"@type":"BreadcrumbList","@id":"https:\/\/www.gooma.biz\/sr\/upute-desktop\/administracija\/upravljanje-korisnicima\/#breadcrumb","itemListElement":[{"@type":"ListItem","position":1,"name":"Po\u010detna stranica","item":"https:\/\/putninalog.hr\/sr\/"},{"@type":"ListItem","position":2,"name":"PODR\u0160KA &#8211; DESKTOP","item":"https:\/\/putninalog.hr\/sr\/upute-desktop\/"},{"@type":"ListItem","position":3,"name":"ADMINISTRACIJA","item":"https:\/\/putninalog.hr\/sr\/upute-desktop\/administracija\/"},{"@type":"ListItem","position":4,"name":"Upravljanje korisnicima"}]},{"@type":"WebSite","@id":"https:\/\/www.putninalog.hr\/#website","url":"https:\/\/www.putninalog.hr\/","name":"Gooma","description":"","potentialAction":[{"@type":"SearchAction","target":{"@type":"EntryPoint","urlTemplate":"https:\/\/www.putninalog.hr\/?s={search_term_string}"},"query-input":{"@type":"PropertyValueSpecification","valueRequired":true,"valueName":"search_term_string"}}],"inLanguage":"sr-RS"}]}},"_links":{"self":[{"href":"https:\/\/www.gooma.biz\/sr\/wp-json\/wp\/v2\/pages\/4392","targetHints":{"allow":["GET"]}}],"collection":[{"href":"https:\/\/www.gooma.biz\/sr\/wp-json\/wp\/v2\/pages"}],"about":[{"href":"https:\/\/www.gooma.biz\/sr\/wp-json\/wp\/v2\/types\/page"}],"author":[{"embeddable":true,"href":"https:\/\/www.gooma.biz\/sr\/wp-json\/wp\/v2\/users\/1"}],"replies":[{"embeddable":true,"href":"https:\/\/www.gooma.biz\/sr\/wp-json\/wp\/v2\/comments?post=4392"}],"version-history":[{"count":0,"href":"https:\/\/www.gooma.biz\/sr\/wp-json\/wp\/v2\/pages\/4392\/revisions"}],"up":[{"embeddable":true,"href":"https:\/\/www.gooma.biz\/sr\/wp-json\/wp\/v2\/pages\/4396"}],"wp:attachment":[{"href":"https:\/\/www.gooma.biz\/sr\/wp-json\/wp\/v2\/media?parent=4392"}],"curies":[{"name":"wp","href":"https:\/\/api.w.org\/{rel}","templated":true}]}}