{"id":4389,"date":"2019-02-15T08:54:01","date_gmt":"2019-02-15T07:54:01","guid":{"rendered":"https:\/\/www.gooma.biz\/kreiranje-putnog-naloga\/"},"modified":"2019-02-15T08:54:01","modified_gmt":"2019-02-15T07:54:01","slug":"kreiranje-putnog-naloga","status":"publish","type":"page","link":"https:\/\/www.gooma.biz\/sr\/upute-desktop\/tuzemni-putni-nalozi\/kreiranje-putnog-naloga\/","title":{"rendered":"Kreiranje putnog naloga"},"content":{"rendered":"<div class=\"fusion-fullwidth fullwidth-box fusion-builder-row-1 nonhundred-percent-fullwidth non-hundred-percent-height-scrolling fusion-equal-height-columns\" style=\"--awb-border-radius-top-left:0px;--awb-border-radius-top-right:0px;--awb-border-radius-bottom-right:0px;--awb-border-radius-bottom-left:0px;--awb-padding-bottom:30px;--awb-flex-wrap:wrap;\" ><div class=\"fusion-builder-row fusion-row\"><div class=\"fusion-layout-column fusion_builder_column fusion-builder-column-0 fusion_builder_column_1_1 1_1 fusion-one-full fusion-column-first fusion-column-last\" style=\"--awb-bg-size:cover;\"><div class=\"fusion-column-wrapper fusion-column-has-shadow fusion-flex-column-wrapper-legacy\"><div class=\"fusion-text fusion-text-1\"><h3>Kreiranje putnog naloga<\/h3>\n<\/div><div class=\"fusion-text fusion-text-2\"><div class=\"epyt-video-wrapper\"><iframe  id=\"_ytid_57187\"  width=\"1170\" height=\"658\"  data-origwidth=\"1170\" data-origheight=\"658\" src=\"https:\/\/www.youtube.com\/embed\/9t5sdguR5Ew?enablejsapi=1&#038;autoplay=0&#038;cc_load_policy=0&#038;cc_lang_pref=&#038;iv_load_policy=1&#038;loop=0&#038;rel=0&#038;fs=1&#038;playsinline=0&#038;autohide=2&#038;theme=dark&#038;color=red&#038;controls=1&#038;disablekb=0&#038;\" class=\"__youtube_prefs__  epyt-is-override  no-lazyload\" title=\"YouTube player\"  allow=\"fullscreen; accelerometer; autoplay; clipboard-write; encrypted-media; gyroscope; picture-in-picture; web-share\" referrerpolicy=\"strict-origin-when-cross-origin\" allowfullscreen data-no-lazy=\"1\" data-skipgform_ajax_framebjll=\"\"><\/iframe><\/div>\n<\/div><div class=\"fusion-text fusion-text-3\"><p><strong>Primjer:<\/strong><\/p>\n<p>Djelatnik tvrtke upu\u0107en je na slu\u017ebeni put iz Zagreba na Hvar sa kratkim sastankom u Splitu, kamo \u0107e otputovati avionom, potom trajektom na Hvar, a u povratku za Zagreb koristit \u0107e autobus.<\/p>\n<p>Kod izbora opcije <em>Novi slu\u017ebeni put<\/em> otvara se novi putni nalog koji se automatski popunjava podacima o korisniku:<\/p>\n<ul>\n<li><em>naziv tvrtke, <\/em><\/li>\n<li><em>ime i prezime korisnika,<\/em><\/li>\n<li><em>radno mjesto,<\/em><\/li>\n<li><em>mjesto izdavanja<\/em><\/li>\n<li><em>datum izdavanja putnog naloga<\/em><\/li>\n<li><em>mjesto tro\u0161ka<\/em><\/li>\n<li><em>nositelj tro\u0161ka.<\/em><\/li>\n<\/ul>\n<p>Polja <em>Mjesto izdavanja<\/em> i <em>Datum izdavanja putnog naloga<\/em> je mogu\u0107e mijenjati, dok se ostala polja popunjavaju na temelju vrijednosti upisanih u postavama korisnika. Polja <em>Mjesto tro\u0161ka <\/em>i <em>Nositelj tro\u0161ka <\/em>su tako\u0111er predefinirana u postavama korisnika, ali se mogu mijenjati.<\/p>\n<\/div><div class=\"fusion-sep-clear\"><\/div><div class=\"fusion-separator fusion-full-width-sep\" style=\"margin-left: auto;margin-right: auto;margin-top:10px;margin-bottom:20px;width:100%;\"><\/div><div class=\"fusion-sep-clear\"><\/div><div class=\"fusion-image-element fusion-image-align-center in-legacy-container\" style=\"text-align:center;--awb-caption-title-font-family:var(--h2_typography-font-family);--awb-caption-title-font-weight:var(--h2_typography-font-weight);--awb-caption-title-font-style:var(--h2_typography-font-style);--awb-caption-title-size:var(--h2_typography-font-size);--awb-caption-title-transform:var(--h2_typography-text-transform);--awb-caption-title-line-height:var(--h2_typography-line-height);--awb-caption-title-letter-spacing:var(--h2_typography-letter-spacing);\"><div class=\"imageframe-align-center\"><span class=\" fusion-imageframe imageframe-none imageframe-1 hover-type-none\"><a href=\"https:\/\/www.gooma.biz\/wp-content\/uploads\/2019\/07\/13.png\" class=\"fusion-lightbox\" data-rel=\"iLightbox[bb567258b953a624eee]\" data-title=\"kreiranje putnog naloga\" title=\"kreiranje putnog naloga\"><img decoding=\"async\" width=\"1451\" height=\"528\" src=\"https:\/\/www.gooma.biz\/wp-content\/uploads\/2019\/07\/13.png\" alt class=\"img-responsive wp-image-3877\"\/><\/a><\/span><\/div><\/div><div class=\"fusion-sep-clear\"><\/div><div class=\"fusion-separator fusion-full-width-sep\" style=\"margin-left: auto;margin-right: auto;margin-top:10px;margin-bottom:20px;width:100%;\"><\/div><div class=\"fusion-sep-clear\"><\/div><div class=\"fusion-text fusion-text-4\"><p>U zaglavlju putnog naloga potrebno je odabrati sva vozila koja \u0107e se koristiti tijekom putovanja\u00a0 putem padaju\u0107eg izbornika, u kojem se ozna\u010davaju sva prijevozna sredstva koja \u0107e se koristiti tijekom putovanja.<\/p>\n<\/div><div class=\"fusion-sep-clear\"><\/div><div class=\"fusion-separator fusion-full-width-sep\" style=\"margin-left: auto;margin-right: auto;margin-top:10px;margin-bottom:20px;width:100%;\"><\/div><div class=\"fusion-sep-clear\"><\/div><div class=\"fusion-image-element fusion-image-align-center in-legacy-container\" style=\"text-align:center;--awb-caption-title-font-family:var(--h2_typography-font-family);--awb-caption-title-font-weight:var(--h2_typography-font-weight);--awb-caption-title-font-style:var(--h2_typography-font-style);--awb-caption-title-size:var(--h2_typography-font-size);--awb-caption-title-transform:var(--h2_typography-text-transform);--awb-caption-title-line-height:var(--h2_typography-line-height);--awb-caption-title-letter-spacing:var(--h2_typography-letter-spacing);\"><div class=\"imageframe-align-center\"><span class=\" fusion-imageframe imageframe-none imageframe-2 hover-type-none\"><a href=\"https:\/\/www.gooma.biz\/wp-content\/uploads\/2019\/07\/Capture14.png\" class=\"fusion-lightbox\" data-rel=\"iLightbox[28206bc9070aaf6c75f]\" data-title=\"odabir vozila\" title=\"odabir vozila\"><img decoding=\"async\" width=\"347\" height=\"332\" src=\"https:\/\/www.gooma.biz\/wp-content\/uploads\/2019\/07\/Capture14.png\" alt class=\"img-responsive wp-image-3878\"\/><\/a><\/span><\/div><\/div><div class=\"fusion-sep-clear\"><\/div><div class=\"fusion-separator fusion-full-width-sep\" style=\"margin-left: auto;margin-right: auto;margin-top:10px;margin-bottom:20px;width:100%;\"><\/div><div class=\"fusion-sep-clear\"><\/div><div class=\"fusion-text fusion-text-5\"><p>Prilikom odabira vozila mogu\u0107e je odabrati ve\u0107 upisan automobil ili unijeti novi automobil pomo\u0107u opcije <em>Dodaj vozilo.<\/em><\/p>\n<\/div><div class=\"fusion-sep-clear\"><\/div><div class=\"fusion-separator fusion-full-width-sep\" style=\"margin-left: auto;margin-right: auto;margin-top:10px;margin-bottom:20px;width:100%;\"><\/div><div class=\"fusion-sep-clear\"><\/div><div class=\"fusion-image-element fusion-image-align-center in-legacy-container\" style=\"text-align:center;--awb-caption-title-font-family:var(--h2_typography-font-family);--awb-caption-title-font-weight:var(--h2_typography-font-weight);--awb-caption-title-font-style:var(--h2_typography-font-style);--awb-caption-title-size:var(--h2_typography-font-size);--awb-caption-title-transform:var(--h2_typography-text-transform);--awb-caption-title-line-height:var(--h2_typography-line-height);--awb-caption-title-letter-spacing:var(--h2_typography-letter-spacing);\"><div class=\"imageframe-align-center\"><span class=\" fusion-imageframe imageframe-none imageframe-3 hover-type-none\"><a href=\"https:\/\/www.gooma.biz\/wp-content\/uploads\/2019\/07\/14.png\" class=\"fusion-lightbox\" data-rel=\"iLightbox[76431096ae9c283d2ed]\" data-title=\"unos novog vozila\" title=\"unos novog vozila\"><img decoding=\"async\" width=\"400\" height=\"317\" src=\"https:\/\/www.gooma.biz\/wp-content\/uploads\/2019\/07\/14.png\" alt class=\"img-responsive wp-image-3879\"\/><\/a><\/span><\/div><\/div><div class=\"fusion-sep-clear\"><\/div><div class=\"fusion-separator fusion-full-width-sep\" style=\"margin-left: auto;margin-right: auto;margin-top:10px;margin-bottom:20px;width:100%;\"><\/div><div class=\"fusion-sep-clear\"><\/div><div class=\"fusion-text fusion-text-6\"><p>Prilikom kreiranja putnog naloga, potrebno je odabrati sva planirana vozila koja \u0107e se koristiti tijekom putovanja, dok \u0107e se prilikom izrade samog putnog ra\u010duna, definirati vozila koja su kori\u0161tena po pojedinim relacijama.<\/p>\n<p><em>Svrha<\/em> putovanja je obvezno polje, te ukoliko se ne popuni, putni nalog ne\u0107e mo\u0107i biti spremljen.<\/p>\n<p>Ukoliko se ispla\u0107uje predujam za slu\u017ebeni put, iznos i valutu je potrebno unijeti u predvi\u0111ena polja.<\/p>\n<p>U redcima putnog naloga kod unosa lokacija, potrebno je upisati naziv odredi\u0161ta i odabrati dr\u017eavu iz padaju\u0107eg izbornika.<\/p>\n<p>Vrijeme polaska i vrijeme povratka je potrebno unijeti samo za po\u010detnu i zadnju lokaciju.<\/p>\n<\/div><div class=\"fusion-sep-clear\"><\/div><div class=\"fusion-separator fusion-full-width-sep\" style=\"margin-left: auto;margin-right: auto;margin-top:10px;margin-bottom:20px;width:100%;\"><\/div><div class=\"fusion-sep-clear\"><\/div><div class=\"fusion-image-element fusion-image-align-center in-legacy-container\" style=\"text-align:center;--awb-caption-title-font-family:var(--h2_typography-font-family);--awb-caption-title-font-weight:var(--h2_typography-font-weight);--awb-caption-title-font-style:var(--h2_typography-font-style);--awb-caption-title-size:var(--h2_typography-font-size);--awb-caption-title-transform:var(--h2_typography-text-transform);--awb-caption-title-line-height:var(--h2_typography-line-height);--awb-caption-title-letter-spacing:var(--h2_typography-letter-spacing);\"><div class=\"imageframe-align-center\"><span class=\" fusion-imageframe imageframe-none imageframe-4 hover-type-none\"><a href=\"https:\/\/www.gooma.biz\/wp-content\/uploads\/2019\/07\/unos-relacija-na-putni-nalog.png\" class=\"fusion-lightbox\" data-rel=\"iLightbox[b0ca7c45f5fc623e773]\" data-title=\"unos relacija na putni nalog\" title=\"unos relacija na putni nalog\"><img decoding=\"async\" width=\"1124\" height=\"442\" src=\"https:\/\/www.gooma.biz\/wp-content\/uploads\/2019\/07\/unos-relacija-na-putni-nalog.png\" alt class=\"img-responsive wp-image-3880\"\/><\/a><\/span><\/div><\/div><div class=\"fusion-sep-clear\"><\/div><div class=\"fusion-separator fusion-full-width-sep\" style=\"margin-left: auto;margin-right: auto;margin-top:10px;margin-bottom:20px;width:100%;\"><\/div><div class=\"fusion-sep-clear\"><\/div><div class=\"fusion-text fusion-text-7\"><p>Mogu\u0107e je dodati neograni\u010den broj odredi\u0161ta putem oznake <em>Dodaj odredi\u0161te, <\/em>dok se brisanje odredi\u0161ta vr\u0161i putem oznake <em>Obri\u0161i odredi\u0161te.<\/em><\/p>\n<p>Po zavr\u0161etku unosa, putni nalog je potrebno spremiti. Ukoliko program ne dopu\u0161ta spremanje potrebno je provjeriti da li su datumi ispravno uneseni (datum povratka ne mo\u017ee biti prije datuma polaska- kronolo\u0161ka dosljednost) i da li je unesena svrha putovanja.<\/p>\n<p>Nakon spremanja putni nalog se \u0161alje na odobravanje, ukoliko je tako postavljeno za odre\u0111enog korisnika.<\/p>\n<\/div><div class=\"fusion-clearfix\"><\/div><\/div><\/div><\/div><\/div>\n","protected":false},"excerpt":{"rendered":"","protected":false},"author":1,"featured_media":0,"parent":4390,"menu_order":1,"comment_status":"closed","ping_status":"closed","template":"side-navigation.php","meta":{"footnotes":""},"class_list":["post-4389","page","type-page","status-publish","hentry"],"yoast_head":"<!-- This site is optimized with the Yoast SEO plugin v27.5 - https:\/\/yoast.com\/product\/yoast-seo-wordpress\/ -->\n<title>Kreiranje putnog naloga - Gooma<\/title>\n<meta name=\"robots\" content=\"index, follow, max-snippet:-1, max-image-preview:large, max-video-preview:-1\" \/>\n<link rel=\"canonical\" href=\"https:\/\/www.gooma.biz\/sr\/upute-desktop\/tuzemni-putni-nalozi\/kreiranje-putnog-naloga\/\" \/>\n<meta property=\"og:locale\" content=\"sr_RS\" \/>\n<meta property=\"og:type\" content=\"article\" \/>\n<meta property=\"og:title\" content=\"Kreiranje putnog naloga - Gooma\" \/>\n<meta property=\"og:url\" content=\"https:\/\/www.gooma.biz\/sr\/upute-desktop\/tuzemni-putni-nalozi\/kreiranje-putnog-naloga\/\" \/>\n<meta property=\"og:site_name\" content=\"Gooma\" \/>\n<meta name=\"twitter:card\" content=\"summary_large_image\" \/>\n<meta name=\"twitter:label1\" content=\"\u041f\u0440\u043e\u0446\u0435\u045a\u0435\u043d\u043e \u0432\u0440\u0435\u043c\u0435 \u0447\u0438\u0442\u0430\u045a\u0430\" \/>\n\t<meta name=\"twitter:data1\" content=\"7 \u043c\u0438\u043d\u0443\u0442\u0430\" \/>\n<script type=\"application\/ld+json\" class=\"yoast-schema-graph\">{\"@context\":\"https:\\\/\\\/schema.org\",\"@graph\":[{\"@type\":\"WebPage\",\"@id\":\"https:\\\/\\\/www.gooma.biz\\\/sr\\\/upute-desktop\\\/tuzemni-putni-nalozi\\\/kreiranje-putnog-naloga\\\/\",\"url\":\"https:\\\/\\\/www.gooma.biz\\\/sr\\\/upute-desktop\\\/tuzemni-putni-nalozi\\\/kreiranje-putnog-naloga\\\/\",\"name\":\"Kreiranje putnog naloga - Gooma\",\"isPartOf\":{\"@id\":\"https:\\\/\\\/www.putninalog.hr\\\/#website\"},\"datePublished\":\"2019-02-15T07:54:01+00:00\",\"breadcrumb\":{\"@id\":\"https:\\\/\\\/www.gooma.biz\\\/sr\\\/upute-desktop\\\/tuzemni-putni-nalozi\\\/kreiranje-putnog-naloga\\\/#breadcrumb\"},\"inLanguage\":\"sr-RS\",\"potentialAction\":[{\"@type\":\"ReadAction\",\"target\":[\"https:\\\/\\\/www.gooma.biz\\\/sr\\\/upute-desktop\\\/tuzemni-putni-nalozi\\\/kreiranje-putnog-naloga\\\/\"]}]},{\"@type\":\"BreadcrumbList\",\"@id\":\"https:\\\/\\\/www.gooma.biz\\\/sr\\\/upute-desktop\\\/tuzemni-putni-nalozi\\\/kreiranje-putnog-naloga\\\/#breadcrumb\",\"itemListElement\":[{\"@type\":\"ListItem\",\"position\":1,\"name\":\"Po\u010detna stranica\",\"item\":\"https:\\\/\\\/putninalog.hr\\\/sr\\\/\"},{\"@type\":\"ListItem\",\"position\":2,\"name\":\"PODR\u0160KA &#8211; DESKTOP\",\"item\":\"https:\\\/\\\/putninalog.hr\\\/sr\\\/upute-desktop\\\/\"},{\"@type\":\"ListItem\",\"position\":3,\"name\":\"TUZEMNI PUTNI NALOZI\",\"item\":\"https:\\\/\\\/putninalog.hr\\\/sr\\\/upute-desktop\\\/tuzemni-putni-nalozi\\\/\"},{\"@type\":\"ListItem\",\"position\":4,\"name\":\"Kreiranje putnog naloga\"}]},{\"@type\":\"WebSite\",\"@id\":\"https:\\\/\\\/www.putninalog.hr\\\/#website\",\"url\":\"https:\\\/\\\/www.putninalog.hr\\\/\",\"name\":\"Gooma\",\"description\":\"\",\"potentialAction\":[{\"@type\":\"SearchAction\",\"target\":{\"@type\":\"EntryPoint\",\"urlTemplate\":\"https:\\\/\\\/www.putninalog.hr\\\/?s={search_term_string}\"},\"query-input\":{\"@type\":\"PropertyValueSpecification\",\"valueRequired\":true,\"valueName\":\"search_term_string\"}}],\"inLanguage\":\"sr-RS\"}]}<\/script>\n<!-- \/ Yoast SEO plugin. -->","yoast_head_json":{"title":"Kreiranje putnog naloga - Gooma","robots":{"index":"index","follow":"follow","max-snippet":"max-snippet:-1","max-image-preview":"max-image-preview:large","max-video-preview":"max-video-preview:-1"},"canonical":"https:\/\/www.gooma.biz\/sr\/upute-desktop\/tuzemni-putni-nalozi\/kreiranje-putnog-naloga\/","og_locale":"sr_RS","og_type":"article","og_title":"Kreiranje putnog naloga - Gooma","og_url":"https:\/\/www.gooma.biz\/sr\/upute-desktop\/tuzemni-putni-nalozi\/kreiranje-putnog-naloga\/","og_site_name":"Gooma","twitter_card":"summary_large_image","twitter_misc":{"\u041f\u0440\u043e\u0446\u0435\u045a\u0435\u043d\u043e \u0432\u0440\u0435\u043c\u0435 \u0447\u0438\u0442\u0430\u045a\u0430":"7 \u043c\u0438\u043d\u0443\u0442\u0430"},"schema":{"@context":"https:\/\/schema.org","@graph":[{"@type":"WebPage","@id":"https:\/\/www.gooma.biz\/sr\/upute-desktop\/tuzemni-putni-nalozi\/kreiranje-putnog-naloga\/","url":"https:\/\/www.gooma.biz\/sr\/upute-desktop\/tuzemni-putni-nalozi\/kreiranje-putnog-naloga\/","name":"Kreiranje putnog naloga - Gooma","isPartOf":{"@id":"https:\/\/www.putninalog.hr\/#website"},"datePublished":"2019-02-15T07:54:01+00:00","breadcrumb":{"@id":"https:\/\/www.gooma.biz\/sr\/upute-desktop\/tuzemni-putni-nalozi\/kreiranje-putnog-naloga\/#breadcrumb"},"inLanguage":"sr-RS","potentialAction":[{"@type":"ReadAction","target":["https:\/\/www.gooma.biz\/sr\/upute-desktop\/tuzemni-putni-nalozi\/kreiranje-putnog-naloga\/"]}]},{"@type":"BreadcrumbList","@id":"https:\/\/www.gooma.biz\/sr\/upute-desktop\/tuzemni-putni-nalozi\/kreiranje-putnog-naloga\/#breadcrumb","itemListElement":[{"@type":"ListItem","position":1,"name":"Po\u010detna stranica","item":"https:\/\/putninalog.hr\/sr\/"},{"@type":"ListItem","position":2,"name":"PODR\u0160KA &#8211; DESKTOP","item":"https:\/\/putninalog.hr\/sr\/upute-desktop\/"},{"@type":"ListItem","position":3,"name":"TUZEMNI PUTNI NALOZI","item":"https:\/\/putninalog.hr\/sr\/upute-desktop\/tuzemni-putni-nalozi\/"},{"@type":"ListItem","position":4,"name":"Kreiranje putnog naloga"}]},{"@type":"WebSite","@id":"https:\/\/www.putninalog.hr\/#website","url":"https:\/\/www.putninalog.hr\/","name":"Gooma","description":"","potentialAction":[{"@type":"SearchAction","target":{"@type":"EntryPoint","urlTemplate":"https:\/\/www.putninalog.hr\/?s={search_term_string}"},"query-input":{"@type":"PropertyValueSpecification","valueRequired":true,"valueName":"search_term_string"}}],"inLanguage":"sr-RS"}]}},"_links":{"self":[{"href":"https:\/\/www.gooma.biz\/sr\/wp-json\/wp\/v2\/pages\/4389","targetHints":{"allow":["GET"]}}],"collection":[{"href":"https:\/\/www.gooma.biz\/sr\/wp-json\/wp\/v2\/pages"}],"about":[{"href":"https:\/\/www.gooma.biz\/sr\/wp-json\/wp\/v2\/types\/page"}],"author":[{"embeddable":true,"href":"https:\/\/www.gooma.biz\/sr\/wp-json\/wp\/v2\/users\/1"}],"replies":[{"embeddable":true,"href":"https:\/\/www.gooma.biz\/sr\/wp-json\/wp\/v2\/comments?post=4389"}],"version-history":[{"count":0,"href":"https:\/\/www.gooma.biz\/sr\/wp-json\/wp\/v2\/pages\/4389\/revisions"}],"up":[{"embeddable":true,"href":"https:\/\/www.gooma.biz\/sr\/wp-json\/wp\/v2\/pages\/4390"}],"wp:attachment":[{"href":"https:\/\/www.gooma.biz\/sr\/wp-json\/wp\/v2\/media?parent=4389"}],"curies":[{"name":"wp","href":"https:\/\/api.w.org\/{rel}","templated":true}]}}