{"id":4386,"date":"2019-02-15T09:00:09","date_gmt":"2019-02-15T08:00:09","guid":{"rendered":"https:\/\/www.gooma.biz\/unos-troskova\/"},"modified":"2019-02-15T09:00:09","modified_gmt":"2019-02-15T08:00:09","slug":"unos-troskova","status":"publish","type":"page","link":"https:\/\/www.gooma.biz\/sr\/upute-desktop\/tuzemni-putni-nalozi\/unos-troskova\/","title":{"rendered":"Unos tro\u0161kova"},"content":{"rendered":"<div class=\"fusion-fullwidth fullwidth-box fusion-builder-row-1 nonhundred-percent-fullwidth non-hundred-percent-height-scrolling fusion-equal-height-columns\" style=\"--awb-border-radius-top-left:0px;--awb-border-radius-top-right:0px;--awb-border-radius-bottom-right:0px;--awb-border-radius-bottom-left:0px;--awb-padding-bottom:30px;--awb-flex-wrap:wrap;\" ><div class=\"fusion-builder-row fusion-row\"><div class=\"fusion-layout-column fusion_builder_column fusion-builder-column-0 fusion_builder_column_1_1 1_1 fusion-one-full fusion-column-first fusion-column-last\" style=\"--awb-bg-size:cover;\"><div class=\"fusion-column-wrapper fusion-column-has-shadow fusion-flex-column-wrapper-legacy\"><div class=\"fusion-text fusion-text-1\"><h3>Unos tro\u0161kova<\/h3>\n<p>Pomo\u0107u opcije \u201e<em>Dodaj tro\u0161ak<\/em>\u201c mogu\u0107e je dodati druge tro\u0161kove putovanja.<\/p>\n<\/div><div class=\"fusion-sep-clear\"><\/div><div class=\"fusion-separator fusion-full-width-sep\" style=\"margin-left: auto;margin-right: auto;margin-top:10px;margin-bottom:20px;width:100%;\"><\/div><div class=\"fusion-sep-clear\"><\/div><div class=\"fusion-image-element fusion-image-align-center in-legacy-container\" style=\"text-align:center;--awb-caption-title-font-family:var(--h2_typography-font-family);--awb-caption-title-font-weight:var(--h2_typography-font-weight);--awb-caption-title-font-style:var(--h2_typography-font-style);--awb-caption-title-size:var(--h2_typography-font-size);--awb-caption-title-transform:var(--h2_typography-text-transform);--awb-caption-title-line-height:var(--h2_typography-line-height);--awb-caption-title-letter-spacing:var(--h2_typography-letter-spacing);\"><div class=\"imageframe-align-center\"><span class=\" fusion-imageframe imageframe-none imageframe-1 hover-type-none\"><a href=\"https:\/\/www.gooma.biz\/wp-content\/uploads\/2019\/07\/17.png\" class=\"fusion-lightbox\" data-rel=\"iLightbox[da63b8b107cc5e83797]\" data-title=\"dodavanje tro\u0161ka\" title=\"dodavanje tro\u0161ka\"><img decoding=\"async\" width=\"1403\" height=\"185\" src=\"https:\/\/www.gooma.biz\/wp-content\/uploads\/2019\/07\/17.png\" alt class=\"img-responsive wp-image-3883\"\/><\/a><\/span><\/div><\/div><div class=\"fusion-sep-clear\"><\/div><div class=\"fusion-separator fusion-full-width-sep\" style=\"margin-left: auto;margin-right: auto;margin-top:10px;margin-bottom:20px;width:100%;\"><\/div><div class=\"fusion-sep-clear\"><\/div><div class=\"fusion-text fusion-text-2\"><p>Opcija \u201e<em>Ulazi u izra\u010dun<\/em>\u201c se koristi za ozna\u010davanje tro\u0161kova koji ulaze u ukupni obra\u010dun putnih tro\u0161kova. Ukoliko se unosi tro\u0161ak koji je potrebno prikazati na putnom ra\u010dunu, ali se financijski ne uzima u obzir kod ukupnog obra\u010duna tro\u0161kova- opciju je potrebno \u201eodzna\u010diti\u201c.<\/p>\n<\/div><div class=\"fusion-sep-clear\"><\/div><div class=\"fusion-separator fusion-full-width-sep\" style=\"margin-left: auto;margin-right: auto;margin-top:10px;margin-bottom:20px;width:100%;\"><\/div><div class=\"fusion-sep-clear\"><\/div><div class=\"fusion-image-element fusion-image-align-center in-legacy-container\" style=\"text-align:center;--awb-caption-title-font-family:var(--h2_typography-font-family);--awb-caption-title-font-weight:var(--h2_typography-font-weight);--awb-caption-title-font-style:var(--h2_typography-font-style);--awb-caption-title-size:var(--h2_typography-font-size);--awb-caption-title-transform:var(--h2_typography-text-transform);--awb-caption-title-line-height:var(--h2_typography-line-height);--awb-caption-title-letter-spacing:var(--h2_typography-letter-spacing);\"><div class=\"imageframe-align-center\"><span class=\" fusion-imageframe imageframe-none imageframe-2 hover-type-none\"><a href=\"https:\/\/www.gooma.biz\/wp-content\/uploads\/2019\/07\/44.png\" class=\"fusion-lightbox\" data-rel=\"iLightbox[31ecb6d2630a1810cca]\" data-title=\"tro\u0161kovi\" title=\"tro\u0161kovi\"><img decoding=\"async\" width=\"285\" height=\"121\" src=\"https:\/\/www.gooma.biz\/wp-content\/uploads\/2019\/07\/44.png\" alt class=\"img-responsive wp-image-3884\"\/><\/a><\/span><\/div><\/div><div class=\"fusion-sep-clear\"><\/div><div class=\"fusion-separator fusion-full-width-sep\" style=\"margin-left: auto;margin-right: auto;margin-top:10px;margin-bottom:20px;width:100%;\"><\/div><div class=\"fusion-sep-clear\"><\/div><div class=\"fusion-text fusion-text-3\"><p>Pomo\u0107u padaju\u0107eg izbornika, potrebno je odabrati vrstu tro\u0161ka, te unijeti iznos i valutu.<\/p>\n<\/div><div class=\"fusion-sep-clear\"><\/div><div class=\"fusion-separator fusion-full-width-sep\" style=\"margin-left: auto;margin-right: auto;margin-top:10px;margin-bottom:20px;width:100%;\"><\/div><div class=\"fusion-sep-clear\"><\/div><div class=\"fusion-image-element fusion-image-align-center in-legacy-container\" style=\"text-align:center;--awb-caption-title-font-family:var(--h2_typography-font-family);--awb-caption-title-font-weight:var(--h2_typography-font-weight);--awb-caption-title-font-style:var(--h2_typography-font-style);--awb-caption-title-size:var(--h2_typography-font-size);--awb-caption-title-transform:var(--h2_typography-text-transform);--awb-caption-title-line-height:var(--h2_typography-line-height);--awb-caption-title-letter-spacing:var(--h2_typography-letter-spacing);\"><div class=\"imageframe-align-center\"><span class=\" fusion-imageframe imageframe-none imageframe-3 hover-type-none\"><a href=\"https:\/\/www.gooma.biz\/wp-content\/uploads\/2019\/07\/18.png\" class=\"fusion-lightbox\" data-rel=\"iLightbox[0bfdd31e2d7171e1358]\" data-title=\"tro\u0161kovi\" title=\"tro\u0161kovi\"><img decoding=\"async\" width=\"208\" height=\"203\" src=\"https:\/\/www.gooma.biz\/wp-content\/uploads\/2019\/07\/18.png\" alt class=\"img-responsive wp-image-3885\"\/><\/a><\/span><\/div><\/div><div class=\"fusion-sep-clear\"><\/div><div class=\"fusion-separator fusion-full-width-sep\" style=\"margin-left: auto;margin-right: auto;margin-top:10px;margin-bottom:20px;width:100%;\"><\/div><div class=\"fusion-sep-clear\"><\/div><div class=\"fusion-text fusion-text-4\"><p>Pomo\u0107u funkcije \u00a0\u201e<em>Dodaj dokument<\/em>\u201c mogu\u0107e je svakom tro\u0161ku pridru\u017eiti fotografiju ra\u010duna po kojem je taj tro\u0161ak nastao.<\/p>\n<\/div><div class=\"fusion-sep-clear\"><\/div><div class=\"fusion-separator fusion-full-width-sep\" style=\"margin-left: auto;margin-right: auto;margin-top:10px;margin-bottom:20px;width:100%;\"><\/div><div class=\"fusion-sep-clear\"><\/div><div class=\"fusion-image-element fusion-image-align-center in-legacy-container\" style=\"text-align:center;--awb-caption-title-font-family:var(--h2_typography-font-family);--awb-caption-title-font-weight:var(--h2_typography-font-weight);--awb-caption-title-font-style:var(--h2_typography-font-style);--awb-caption-title-size:var(--h2_typography-font-size);--awb-caption-title-transform:var(--h2_typography-text-transform);--awb-caption-title-line-height:var(--h2_typography-line-height);--awb-caption-title-letter-spacing:var(--h2_typography-letter-spacing);\"><div class=\"imageframe-align-center\"><span class=\" fusion-imageframe imageframe-none imageframe-4 hover-type-none\"><a href=\"https:\/\/www.gooma.biz\/wp-content\/uploads\/2019\/07\/Capture29.png\" class=\"fusion-lightbox\" data-rel=\"iLightbox[1032c8ed3371c33bf45]\" data-title=\"dodavanje slike ra\u010duna\" title=\"dodavanje slike ra\u010duna\"><img decoding=\"async\" width=\"346\" height=\"105\" src=\"https:\/\/www.gooma.biz\/wp-content\/uploads\/2019\/07\/Capture29.png\" alt class=\"img-responsive wp-image-3886\"\/><\/a><\/span><\/div><\/div><div class=\"fusion-sep-clear\"><\/div><div class=\"fusion-separator fusion-full-width-sep\" style=\"margin-left: auto;margin-right: auto;margin-top:10px;margin-bottom:20px;width:100%;\"><\/div><div class=\"fusion-sep-clear\"><\/div><div class=\"fusion-text fusion-text-5\"><p>Opcija <em>Dodaj tro\u0161ak<\/em> omogu\u0107ava dodavanje neograni\u010denog broja tro\u0161kova.<\/p>\n<\/div><div class=\"fusion-clearfix\"><\/div><\/div><\/div><\/div><\/div>\n","protected":false},"excerpt":{"rendered":"","protected":false},"author":1,"featured_media":0,"parent":4390,"menu_order":4,"comment_status":"closed","ping_status":"closed","template":"side-navigation.php","meta":{"footnotes":""},"class_list":["post-4386","page","type-page","status-publish","hentry"],"yoast_head":"<!-- This site is optimized with the Yoast SEO plugin v27.5 - https:\/\/yoast.com\/product\/yoast-seo-wordpress\/ -->\n<title>Unos tro\u0161kova - Gooma<\/title>\n<meta name=\"robots\" content=\"index, follow, max-snippet:-1, max-image-preview:large, max-video-preview:-1\" \/>\n<link rel=\"canonical\" href=\"https:\/\/www.gooma.biz\/sr\/upute-desktop\/tuzemni-putni-nalozi\/unos-troskova\/\" \/>\n<meta property=\"og:locale\" content=\"sr_RS\" \/>\n<meta property=\"og:type\" content=\"article\" \/>\n<meta property=\"og:title\" content=\"Unos tro\u0161kova - Gooma\" \/>\n<meta property=\"og:url\" content=\"https:\/\/www.gooma.biz\/sr\/upute-desktop\/tuzemni-putni-nalozi\/unos-troskova\/\" \/>\n<meta property=\"og:site_name\" content=\"Gooma\" \/>\n<meta name=\"twitter:card\" content=\"summary_large_image\" \/>\n<meta name=\"twitter:label1\" content=\"\u041f\u0440\u043e\u0446\u0435\u045a\u0435\u043d\u043e \u0432\u0440\u0435\u043c\u0435 \u0447\u0438\u0442\u0430\u045a\u0430\" \/>\n\t<meta name=\"twitter:data1\" content=\"5 \u043c\u0438\u043d\u0443\u0442\u0430\" \/>\n<script type=\"application\/ld+json\" class=\"yoast-schema-graph\">{\"@context\":\"https:\\\/\\\/schema.org\",\"@graph\":[{\"@type\":\"WebPage\",\"@id\":\"https:\\\/\\\/www.gooma.biz\\\/sr\\\/upute-desktop\\\/tuzemni-putni-nalozi\\\/unos-troskova\\\/\",\"url\":\"https:\\\/\\\/www.gooma.biz\\\/sr\\\/upute-desktop\\\/tuzemni-putni-nalozi\\\/unos-troskova\\\/\",\"name\":\"Unos tro\u0161kova - Gooma\",\"isPartOf\":{\"@id\":\"https:\\\/\\\/www.putninalog.hr\\\/#website\"},\"datePublished\":\"2019-02-15T08:00:09+00:00\",\"breadcrumb\":{\"@id\":\"https:\\\/\\\/www.gooma.biz\\\/sr\\\/upute-desktop\\\/tuzemni-putni-nalozi\\\/unos-troskova\\\/#breadcrumb\"},\"inLanguage\":\"sr-RS\",\"potentialAction\":[{\"@type\":\"ReadAction\",\"target\":[\"https:\\\/\\\/www.gooma.biz\\\/sr\\\/upute-desktop\\\/tuzemni-putni-nalozi\\\/unos-troskova\\\/\"]}]},{\"@type\":\"BreadcrumbList\",\"@id\":\"https:\\\/\\\/www.gooma.biz\\\/sr\\\/upute-desktop\\\/tuzemni-putni-nalozi\\\/unos-troskova\\\/#breadcrumb\",\"itemListElement\":[{\"@type\":\"ListItem\",\"position\":1,\"name\":\"Po\u010detna stranica\",\"item\":\"https:\\\/\\\/putninalog.hr\\\/sr\\\/\"},{\"@type\":\"ListItem\",\"position\":2,\"name\":\"PODR\u0160KA &#8211; DESKTOP\",\"item\":\"https:\\\/\\\/putninalog.hr\\\/sr\\\/upute-desktop\\\/\"},{\"@type\":\"ListItem\",\"position\":3,\"name\":\"TUZEMNI PUTNI NALOZI\",\"item\":\"https:\\\/\\\/putninalog.hr\\\/sr\\\/upute-desktop\\\/tuzemni-putni-nalozi\\\/\"},{\"@type\":\"ListItem\",\"position\":4,\"name\":\"Unos tro\u0161kova\"}]},{\"@type\":\"WebSite\",\"@id\":\"https:\\\/\\\/www.putninalog.hr\\\/#website\",\"url\":\"https:\\\/\\\/www.putninalog.hr\\\/\",\"name\":\"Gooma\",\"description\":\"\",\"potentialAction\":[{\"@type\":\"SearchAction\",\"target\":{\"@type\":\"EntryPoint\",\"urlTemplate\":\"https:\\\/\\\/www.putninalog.hr\\\/?s={search_term_string}\"},\"query-input\":{\"@type\":\"PropertyValueSpecification\",\"valueRequired\":true,\"valueName\":\"search_term_string\"}}],\"inLanguage\":\"sr-RS\"}]}<\/script>\n<!-- \/ Yoast SEO plugin. -->","yoast_head_json":{"title":"Unos tro\u0161kova - Gooma","robots":{"index":"index","follow":"follow","max-snippet":"max-snippet:-1","max-image-preview":"max-image-preview:large","max-video-preview":"max-video-preview:-1"},"canonical":"https:\/\/www.gooma.biz\/sr\/upute-desktop\/tuzemni-putni-nalozi\/unos-troskova\/","og_locale":"sr_RS","og_type":"article","og_title":"Unos tro\u0161kova - Gooma","og_url":"https:\/\/www.gooma.biz\/sr\/upute-desktop\/tuzemni-putni-nalozi\/unos-troskova\/","og_site_name":"Gooma","twitter_card":"summary_large_image","twitter_misc":{"\u041f\u0440\u043e\u0446\u0435\u045a\u0435\u043d\u043e \u0432\u0440\u0435\u043c\u0435 \u0447\u0438\u0442\u0430\u045a\u0430":"5 \u043c\u0438\u043d\u0443\u0442\u0430"},"schema":{"@context":"https:\/\/schema.org","@graph":[{"@type":"WebPage","@id":"https:\/\/www.gooma.biz\/sr\/upute-desktop\/tuzemni-putni-nalozi\/unos-troskova\/","url":"https:\/\/www.gooma.biz\/sr\/upute-desktop\/tuzemni-putni-nalozi\/unos-troskova\/","name":"Unos tro\u0161kova - Gooma","isPartOf":{"@id":"https:\/\/www.putninalog.hr\/#website"},"datePublished":"2019-02-15T08:00:09+00:00","breadcrumb":{"@id":"https:\/\/www.gooma.biz\/sr\/upute-desktop\/tuzemni-putni-nalozi\/unos-troskova\/#breadcrumb"},"inLanguage":"sr-RS","potentialAction":[{"@type":"ReadAction","target":["https:\/\/www.gooma.biz\/sr\/upute-desktop\/tuzemni-putni-nalozi\/unos-troskova\/"]}]},{"@type":"BreadcrumbList","@id":"https:\/\/www.gooma.biz\/sr\/upute-desktop\/tuzemni-putni-nalozi\/unos-troskova\/#breadcrumb","itemListElement":[{"@type":"ListItem","position":1,"name":"Po\u010detna stranica","item":"https:\/\/putninalog.hr\/sr\/"},{"@type":"ListItem","position":2,"name":"PODR\u0160KA &#8211; DESKTOP","item":"https:\/\/putninalog.hr\/sr\/upute-desktop\/"},{"@type":"ListItem","position":3,"name":"TUZEMNI PUTNI NALOZI","item":"https:\/\/putninalog.hr\/sr\/upute-desktop\/tuzemni-putni-nalozi\/"},{"@type":"ListItem","position":4,"name":"Unos tro\u0161kova"}]},{"@type":"WebSite","@id":"https:\/\/www.putninalog.hr\/#website","url":"https:\/\/www.putninalog.hr\/","name":"Gooma","description":"","potentialAction":[{"@type":"SearchAction","target":{"@type":"EntryPoint","urlTemplate":"https:\/\/www.putninalog.hr\/?s={search_term_string}"},"query-input":{"@type":"PropertyValueSpecification","valueRequired":true,"valueName":"search_term_string"}}],"inLanguage":"sr-RS"}]}},"_links":{"self":[{"href":"https:\/\/www.gooma.biz\/sr\/wp-json\/wp\/v2\/pages\/4386","targetHints":{"allow":["GET"]}}],"collection":[{"href":"https:\/\/www.gooma.biz\/sr\/wp-json\/wp\/v2\/pages"}],"about":[{"href":"https:\/\/www.gooma.biz\/sr\/wp-json\/wp\/v2\/types\/page"}],"author":[{"embeddable":true,"href":"https:\/\/www.gooma.biz\/sr\/wp-json\/wp\/v2\/users\/1"}],"replies":[{"embeddable":true,"href":"https:\/\/www.gooma.biz\/sr\/wp-json\/wp\/v2\/comments?post=4386"}],"version-history":[{"count":0,"href":"https:\/\/www.gooma.biz\/sr\/wp-json\/wp\/v2\/pages\/4386\/revisions"}],"up":[{"embeddable":true,"href":"https:\/\/www.gooma.biz\/sr\/wp-json\/wp\/v2\/pages\/4390"}],"wp:attachment":[{"href":"https:\/\/www.gooma.biz\/sr\/wp-json\/wp\/v2\/media?parent=4386"}],"curies":[{"name":"wp","href":"https:\/\/api.w.org\/{rel}","templated":true}]}}