{"id":4356,"date":"2019-03-15T10:19:44","date_gmt":"2019-03-15T09:19:44","guid":{"rendered":"https:\/\/www.gooma.biz\/rucni-unos\/"},"modified":"2019-03-15T10:19:44","modified_gmt":"2019-03-15T09:19:44","slug":"rucni-unos","status":"publish","type":"page","link":"https:\/\/www.gooma.biz\/sr\/podrska-mobile\/loko-voznja\/rucni-unos\/","title":{"rendered":"Ru\u010dni unos"},"content":{"rendered":"<div class=\"fusion-fullwidth fullwidth-box fusion-builder-row-1 nonhundred-percent-fullwidth non-hundred-percent-height-scrolling fusion-equal-height-columns\" style=\"--awb-border-radius-top-left:0px;--awb-border-radius-top-right:0px;--awb-border-radius-bottom-right:0px;--awb-border-radius-bottom-left:0px;--awb-padding-top:50px;--awb-padding-bottom:30px;--awb-flex-wrap:wrap;\" ><div class=\"fusion-builder-row fusion-row\"><div class=\"fusion-layout-column fusion_builder_column fusion-builder-column-0 fusion_builder_column_1_1 1_1 fusion-one-full fusion-column-first fusion-column-last\" style=\"--awb-bg-size:cover;\"><div class=\"fusion-column-wrapper fusion-flex-column-wrapper-legacy\"><div class=\"fusion-text fusion-text-1\"><h3>Ru\u010dni unos<\/h3>\n<p class=\"p1\"><span class=\"s1\">Odabirom opcije <i>Putovi<\/i> u izborniku otvara se pregled putova. Po odabiru loko vo\u017enje, te<span class=\"Apple-converted-space\">\u00a0 <\/span>oznake <i>+<\/i> u gornjem izborniku, otvorit \u0107e se prozor za ru\u010dni unos loko vo\u017enje.<\/span><\/p>\n<\/div><div class=\"fusion-sep-clear\"><\/div><div class=\"fusion-separator fusion-full-width-sep\" style=\"margin-left: auto;margin-right: auto;margin-top:20px;margin-bottom:20px;width:100%;\"><\/div><div class=\"fusion-sep-clear\"><\/div><div class=\"fusion-image-element fusion-image-align-left in-legacy-container\" style=\"text-align:left;--awb-caption-title-font-family:var(--h2_typography-font-family);--awb-caption-title-font-weight:var(--h2_typography-font-weight);--awb-caption-title-font-style:var(--h2_typography-font-style);--awb-caption-title-size:var(--h2_typography-font-size);--awb-caption-title-transform:var(--h2_typography-text-transform);--awb-caption-title-line-height:var(--h2_typography-line-height);--awb-caption-title-letter-spacing:var(--h2_typography-letter-spacing);\"><span class=\" fusion-imageframe imageframe-none imageframe-1 hover-type-none\" style=\"margin-right:25px;float:left;\"><a href=\"https:\/\/www.gooma.biz\/wp-content\/uploads\/2019\/03\/gooma_mobile_16.png\" class=\"fusion-lightbox\" data-rel=\"iLightbox[5c513448e24dd3066b9]\" data-title=\"gooma_mobile_16\" title=\"gooma_mobile_16\"><img decoding=\"async\" width=\"451\" height=\"802\" src=\"https:\/\/www.gooma.biz\/wp-content\/uploads\/2019\/03\/gooma_mobile_16.png\" alt class=\"img-responsive wp-image-3723\"\/><\/a><\/span><\/div><div class=\"fusion-sep-clear\"><\/div><div class=\"fusion-separator fusion-full-width-sep\" style=\"margin-left: auto;margin-right: auto;margin-top:20px;margin-bottom:20px;width:100%;\"><\/div><div class=\"fusion-sep-clear\"><\/div><div class=\"fusion-text fusion-text-2\"><p class=\"p1\"><span class=\"s1\">Potrebno je unijeti vozilo, po\u010detno i zavr\u0161no stanje brojila, te svrhu puta. <\/span><\/p>\n<\/div><div class=\"fusion-sep-clear\"><\/div><div class=\"fusion-separator fusion-full-width-sep\" style=\"margin-left: auto;margin-right: auto;margin-top:20px;margin-bottom:20px;width:100%;\"><\/div><div class=\"fusion-sep-clear\"><\/div><div class=\"fusion-image-element fusion-image-align-left in-legacy-container\" style=\"text-align:left;--awb-caption-title-font-family:var(--h2_typography-font-family);--awb-caption-title-font-weight:var(--h2_typography-font-weight);--awb-caption-title-font-style:var(--h2_typography-font-style);--awb-caption-title-size:var(--h2_typography-font-size);--awb-caption-title-transform:var(--h2_typography-text-transform);--awb-caption-title-line-height:var(--h2_typography-line-height);--awb-caption-title-letter-spacing:var(--h2_typography-letter-spacing);\"><span class=\" fusion-imageframe imageframe-none imageframe-2 hover-type-none\" style=\"margin-right:25px;float:left;\"><a href=\"https:\/\/www.gooma.biz\/wp-content\/uploads\/2019\/03\/gooma_mobile_17.png\" class=\"fusion-lightbox\" data-rel=\"iLightbox[b5c3f8b382f6b42f6ad]\" data-title=\"gooma_mobile_17\" title=\"gooma_mobile_17\"><img decoding=\"async\" width=\"599\" height=\"251\" src=\"https:\/\/www.gooma.biz\/wp-content\/uploads\/2019\/03\/gooma_mobile_17.png\" alt class=\"img-responsive wp-image-3724\"\/><\/a><\/span><\/div><div class=\"fusion-sep-clear\"><\/div><div class=\"fusion-separator fusion-full-width-sep\" style=\"margin-left: auto;margin-right: auto;margin-top:20px;margin-bottom:20px;width:100%;\"><\/div><div class=\"fusion-sep-clear\"><\/div><div class=\"fusion-image-element fusion-image-align-left in-legacy-container\" style=\"text-align:left;--awb-caption-title-font-family:var(--h2_typography-font-family);--awb-caption-title-font-weight:var(--h2_typography-font-weight);--awb-caption-title-font-style:var(--h2_typography-font-style);--awb-caption-title-size:var(--h2_typography-font-size);--awb-caption-title-transform:var(--h2_typography-text-transform);--awb-caption-title-line-height:var(--h2_typography-line-height);--awb-caption-title-letter-spacing:var(--h2_typography-letter-spacing);\"><span class=\" fusion-imageframe imageframe-none imageframe-3 hover-type-none\" style=\"margin-right:25px;float:left;\"><a href=\"https:\/\/www.gooma.biz\/wp-content\/uploads\/2019\/03\/gooma_mobile_18.png\" class=\"fusion-lightbox\" data-rel=\"iLightbox[554e206e4304f865d07]\" data-title=\"gooma_mobile_18\" title=\"gooma_mobile_18\"><img decoding=\"async\" width=\"455\" height=\"809\" src=\"https:\/\/www.gooma.biz\/wp-content\/uploads\/2019\/03\/gooma_mobile_18.png\" alt class=\"img-responsive wp-image-3726\"\/><\/a><\/span><\/div><div class=\"fusion-sep-clear\"><\/div><div class=\"fusion-separator fusion-full-width-sep\" style=\"margin-left: auto;margin-right: auto;margin-top:20px;margin-bottom:20px;width:100%;\"><\/div><div class=\"fusion-sep-clear\"><\/div><div class=\"fusion-text fusion-text-3\"><p class=\"p1\"><span class=\"s1\">Unijetu loko vo\u017enju je potrebno spremiti odabirom opcije <i>Spremi<\/i> u gornjem izborniku .<\/span><\/p>\n<p class=\"p3\"><span class=\"s1\">Opcija <span class=\"Apple-converted-space\">\u00a0&#8222;Odredi\u0161te +&#8220;\u00a0 <img decoding=\"async\" class=\"wp-image-1688 alignleft\" src=\"https:\/\/www.gooma.biz\/wp-content\/uploads\/2019\/03\/ODERDIS\u030cTE.png\" alt=\"\" width=\"133\" height=\"46\" \/>omogu\u0107ava dodavanje neograni\u010denog broja lokacija.<\/span><\/span><\/p>\n<\/div><div class=\"fusion-sep-clear\"><\/div><div class=\"fusion-separator fusion-full-width-sep\" style=\"margin-left: auto;margin-right: auto;margin-top:20px;margin-bottom:20px;width:100%;\"><\/div><div class=\"fusion-sep-clear\"><\/div><div class=\"fusion-clearfix\"><\/div><\/div><\/div><\/div><\/div>\n","protected":false},"excerpt":{"rendered":"","protected":false},"author":1,"featured_media":0,"parent":4358,"menu_order":2,"comment_status":"closed","ping_status":"closed","template":"side-navigation.php","meta":{"footnotes":""},"class_list":["post-4356","page","type-page","status-publish","hentry"],"yoast_head":"<!-- This site is optimized with the Yoast SEO plugin v27.5 - https:\/\/yoast.com\/product\/yoast-seo-wordpress\/ -->\n<title>Ru\u010dni unos - Gooma<\/title>\n<meta name=\"robots\" content=\"index, follow, max-snippet:-1, max-image-preview:large, max-video-preview:-1\" \/>\n<link rel=\"canonical\" href=\"https:\/\/www.gooma.biz\/sr\/podrska-mobile\/loko-voznja\/rucni-unos\/\" \/>\n<meta property=\"og:locale\" content=\"sr_RS\" \/>\n<meta property=\"og:type\" content=\"article\" \/>\n<meta property=\"og:title\" content=\"Ru\u010dni unos - Gooma\" \/>\n<meta property=\"og:url\" content=\"https:\/\/www.gooma.biz\/sr\/podrska-mobile\/loko-voznja\/rucni-unos\/\" \/>\n<meta property=\"og:site_name\" content=\"Gooma\" \/>\n<meta name=\"twitter:card\" content=\"summary_large_image\" \/>\n<meta name=\"twitter:label1\" content=\"\u041f\u0440\u043e\u0446\u0435\u045a\u0435\u043d\u043e \u0432\u0440\u0435\u043c\u0435 \u0447\u0438\u0442\u0430\u045a\u0430\" \/>\n\t<meta name=\"twitter:data1\" content=\"3 \u043c\u0438\u043d\u0443\u0442\u0430\" \/>\n<script type=\"application\/ld+json\" class=\"yoast-schema-graph\">{\"@context\":\"https:\\\/\\\/schema.org\",\"@graph\":[{\"@type\":\"WebPage\",\"@id\":\"https:\\\/\\\/www.gooma.biz\\\/sr\\\/podrska-mobile\\\/loko-voznja\\\/rucni-unos\\\/\",\"url\":\"https:\\\/\\\/www.gooma.biz\\\/sr\\\/podrska-mobile\\\/loko-voznja\\\/rucni-unos\\\/\",\"name\":\"Ru\u010dni unos - Gooma\",\"isPartOf\":{\"@id\":\"https:\\\/\\\/www.putninalog.hr\\\/#website\"},\"datePublished\":\"2019-03-15T09:19:44+00:00\",\"breadcrumb\":{\"@id\":\"https:\\\/\\\/www.gooma.biz\\\/sr\\\/podrska-mobile\\\/loko-voznja\\\/rucni-unos\\\/#breadcrumb\"},\"inLanguage\":\"sr-RS\",\"potentialAction\":[{\"@type\":\"ReadAction\",\"target\":[\"https:\\\/\\\/www.gooma.biz\\\/sr\\\/podrska-mobile\\\/loko-voznja\\\/rucni-unos\\\/\"]}]},{\"@type\":\"BreadcrumbList\",\"@id\":\"https:\\\/\\\/www.gooma.biz\\\/sr\\\/podrska-mobile\\\/loko-voznja\\\/rucni-unos\\\/#breadcrumb\",\"itemListElement\":[{\"@type\":\"ListItem\",\"position\":1,\"name\":\"Po\u010detna stranica\",\"item\":\"https:\\\/\\\/putninalog.hr\\\/sr\\\/\"},{\"@type\":\"ListItem\",\"position\":2,\"name\":\"PODR\u0160KA &#8211; MOBILE\",\"item\":\"https:\\\/\\\/www.gooma.biz\\\/sr\\\/podrska-mobile\\\/\"},{\"@type\":\"ListItem\",\"position\":3,\"name\":\"Loko vo\u017enja\",\"item\":\"https:\\\/\\\/putninalog.hr\\\/sr\\\/podrska-mobile\\\/loko-voznja\\\/\"},{\"@type\":\"ListItem\",\"position\":4,\"name\":\"Ru\u010dni unos\"}]},{\"@type\":\"WebSite\",\"@id\":\"https:\\\/\\\/www.putninalog.hr\\\/#website\",\"url\":\"https:\\\/\\\/www.putninalog.hr\\\/\",\"name\":\"Gooma\",\"description\":\"\",\"potentialAction\":[{\"@type\":\"SearchAction\",\"target\":{\"@type\":\"EntryPoint\",\"urlTemplate\":\"https:\\\/\\\/www.putninalog.hr\\\/?s={search_term_string}\"},\"query-input\":{\"@type\":\"PropertyValueSpecification\",\"valueRequired\":true,\"valueName\":\"search_term_string\"}}],\"inLanguage\":\"sr-RS\"}]}<\/script>\n<!-- \/ Yoast SEO plugin. -->","yoast_head_json":{"title":"Ru\u010dni unos - Gooma","robots":{"index":"index","follow":"follow","max-snippet":"max-snippet:-1","max-image-preview":"max-image-preview:large","max-video-preview":"max-video-preview:-1"},"canonical":"https:\/\/www.gooma.biz\/sr\/podrska-mobile\/loko-voznja\/rucni-unos\/","og_locale":"sr_RS","og_type":"article","og_title":"Ru\u010dni unos - Gooma","og_url":"https:\/\/www.gooma.biz\/sr\/podrska-mobile\/loko-voznja\/rucni-unos\/","og_site_name":"Gooma","twitter_card":"summary_large_image","twitter_misc":{"\u041f\u0440\u043e\u0446\u0435\u045a\u0435\u043d\u043e \u0432\u0440\u0435\u043c\u0435 \u0447\u0438\u0442\u0430\u045a\u0430":"3 \u043c\u0438\u043d\u0443\u0442\u0430"},"schema":{"@context":"https:\/\/schema.org","@graph":[{"@type":"WebPage","@id":"https:\/\/www.gooma.biz\/sr\/podrska-mobile\/loko-voznja\/rucni-unos\/","url":"https:\/\/www.gooma.biz\/sr\/podrska-mobile\/loko-voznja\/rucni-unos\/","name":"Ru\u010dni unos - Gooma","isPartOf":{"@id":"https:\/\/www.putninalog.hr\/#website"},"datePublished":"2019-03-15T09:19:44+00:00","breadcrumb":{"@id":"https:\/\/www.gooma.biz\/sr\/podrska-mobile\/loko-voznja\/rucni-unos\/#breadcrumb"},"inLanguage":"sr-RS","potentialAction":[{"@type":"ReadAction","target":["https:\/\/www.gooma.biz\/sr\/podrska-mobile\/loko-voznja\/rucni-unos\/"]}]},{"@type":"BreadcrumbList","@id":"https:\/\/www.gooma.biz\/sr\/podrska-mobile\/loko-voznja\/rucni-unos\/#breadcrumb","itemListElement":[{"@type":"ListItem","position":1,"name":"Po\u010detna stranica","item":"https:\/\/putninalog.hr\/sr\/"},{"@type":"ListItem","position":2,"name":"PODR\u0160KA &#8211; MOBILE","item":"https:\/\/www.gooma.biz\/sr\/podrska-mobile\/"},{"@type":"ListItem","position":3,"name":"Loko vo\u017enja","item":"https:\/\/putninalog.hr\/sr\/podrska-mobile\/loko-voznja\/"},{"@type":"ListItem","position":4,"name":"Ru\u010dni unos"}]},{"@type":"WebSite","@id":"https:\/\/www.putninalog.hr\/#website","url":"https:\/\/www.putninalog.hr\/","name":"Gooma","description":"","potentialAction":[{"@type":"SearchAction","target":{"@type":"EntryPoint","urlTemplate":"https:\/\/www.putninalog.hr\/?s={search_term_string}"},"query-input":{"@type":"PropertyValueSpecification","valueRequired":true,"valueName":"search_term_string"}}],"inLanguage":"sr-RS"}]}},"_links":{"self":[{"href":"https:\/\/www.gooma.biz\/sr\/wp-json\/wp\/v2\/pages\/4356","targetHints":{"allow":["GET"]}}],"collection":[{"href":"https:\/\/www.gooma.biz\/sr\/wp-json\/wp\/v2\/pages"}],"about":[{"href":"https:\/\/www.gooma.biz\/sr\/wp-json\/wp\/v2\/types\/page"}],"author":[{"embeddable":true,"href":"https:\/\/www.gooma.biz\/sr\/wp-json\/wp\/v2\/users\/1"}],"replies":[{"embeddable":true,"href":"https:\/\/www.gooma.biz\/sr\/wp-json\/wp\/v2\/comments?post=4356"}],"version-history":[{"count":0,"href":"https:\/\/www.gooma.biz\/sr\/wp-json\/wp\/v2\/pages\/4356\/revisions"}],"up":[{"embeddable":true,"href":"https:\/\/www.gooma.biz\/sr\/wp-json\/wp\/v2\/pages\/4358"}],"wp:attachment":[{"href":"https:\/\/www.gooma.biz\/sr\/wp-json\/wp\/v2\/media?parent=4356"}],"curies":[{"name":"wp","href":"https:\/\/api.w.org\/{rel}","templated":true}]}}