{"id":4354,"date":"2019-03-15T10:27:05","date_gmt":"2019-03-15T09:27:05","guid":{"rendered":"https:\/\/www.gooma.biz\/snimanje\/"},"modified":"2019-03-15T10:27:05","modified_gmt":"2019-03-15T09:27:05","slug":"snimanje","status":"publish","type":"page","link":"https:\/\/www.gooma.biz\/sr\/podrska-mobile\/sluzbeni-putovi\/snimanje\/","title":{"rendered":"Snimanje"},"content":{"rendered":"<div class=\"fusion-fullwidth fullwidth-box fusion-builder-row-1 nonhundred-percent-fullwidth non-hundred-percent-height-scrolling fusion-equal-height-columns\" style=\"--awb-border-radius-top-left:0px;--awb-border-radius-top-right:0px;--awb-border-radius-bottom-right:0px;--awb-border-radius-bottom-left:0px;--awb-padding-top:50px;--awb-padding-bottom:30px;--awb-flex-wrap:wrap;\" ><div class=\"fusion-builder-row fusion-row\"><div class=\"fusion-layout-column fusion_builder_column fusion-builder-column-0 fusion_builder_column_1_1 1_1 fusion-one-full fusion-column-first fusion-column-last\" style=\"--awb-bg-size:cover;\"><div class=\"fusion-column-wrapper fusion-flex-column-wrapper-legacy\"><div class=\"fusion-text fusion-text-1\"><h3>Slu\u017ebeni putovi &#8211; snimanje<\/h3>\n<p class=\"p1\"><span class=\"s1\">Odabirom opcije <i>slu\u017ebeni put<\/i> i oznakom opcije <i>Start<\/i>, otvara se prozor za unos podataka o putovanju. <\/span><\/p>\n<\/div><div class=\"fusion-sep-clear\"><\/div><div class=\"fusion-separator fusion-full-width-sep\" style=\"margin-left: auto;margin-right: auto;margin-top:20px;margin-bottom:20px;width:100%;\"><\/div><div class=\"fusion-sep-clear\"><\/div><div class=\"fusion-image-element fusion-image-align-left in-legacy-container\" style=\"text-align:left;--awb-caption-title-font-family:var(--h2_typography-font-family);--awb-caption-title-font-weight:var(--h2_typography-font-weight);--awb-caption-title-font-style:var(--h2_typography-font-style);--awb-caption-title-size:var(--h2_typography-font-size);--awb-caption-title-transform:var(--h2_typography-text-transform);--awb-caption-title-line-height:var(--h2_typography-line-height);--awb-caption-title-letter-spacing:var(--h2_typography-letter-spacing);\"><span class=\" fusion-imageframe imageframe-none imageframe-1 hover-type-none\" style=\"margin-right:25px;float:left;\"><a href=\"https:\/\/www.gooma.biz\/wp-content\/uploads\/2019\/03\/gooma_mobile_19.png\" class=\"fusion-lightbox\" data-rel=\"iLightbox[8c853aa3477c17aa915]\" data-title=\"gooma_mobile_19\" title=\"gooma_mobile_19\"><img decoding=\"async\" width=\"386\" height=\"687\" src=\"https:\/\/www.gooma.biz\/wp-content\/uploads\/2019\/03\/gooma_mobile_19.png\" alt class=\"img-responsive wp-image-3727\"\/><\/a><\/span><\/div><div class=\"fusion-sep-clear\"><\/div><div class=\"fusion-separator fusion-full-width-sep\" style=\"margin-left: auto;margin-right: auto;margin-top:20px;margin-bottom:20px;width:100%;\"><\/div><div class=\"fusion-sep-clear\"><\/div><div class=\"fusion-text fusion-text-2\"><p class=\"p1\"><span class=\"s1\">Po odabiru vozila, potrebno je unijeti ispravno stanje brojila (ukoliko je potrebna korekcija), te po\u010detnu lokaciju i svrhu putovanja. Oznakom opcije <i>Potvrdi<\/i> u podno\u017eju prozora, aplikacija po\u010dinje snimati put.<\/span><\/p>\n<\/div><div class=\"fusion-sep-clear\"><\/div><div class=\"fusion-separator fusion-full-width-sep\" style=\"margin-left: auto;margin-right: auto;margin-top:20px;margin-bottom:20px;width:100%;\"><\/div><div class=\"fusion-sep-clear\"><\/div><div class=\"fusion-image-element fusion-image-align-left in-legacy-container\" style=\"text-align:left;--awb-caption-title-font-family:var(--h2_typography-font-family);--awb-caption-title-font-weight:var(--h2_typography-font-weight);--awb-caption-title-font-style:var(--h2_typography-font-style);--awb-caption-title-size:var(--h2_typography-font-size);--awb-caption-title-transform:var(--h2_typography-text-transform);--awb-caption-title-line-height:var(--h2_typography-line-height);--awb-caption-title-letter-spacing:var(--h2_typography-letter-spacing);\"><span class=\" fusion-imageframe imageframe-none imageframe-2 hover-type-none\" style=\"margin-right:25px;float:left;\"><a href=\"https:\/\/www.gooma.biz\/wp-content\/uploads\/2019\/03\/gooma_mobile_20.png\" class=\"fusion-lightbox\" data-rel=\"iLightbox[999a3166ac027eaee26]\" data-title=\"gooma_mobile_20\" title=\"gooma_mobile_20\"><img decoding=\"async\" width=\"294\" height=\"522\" src=\"https:\/\/www.gooma.biz\/wp-content\/uploads\/2019\/03\/gooma_mobile_20.png\" alt class=\"img-responsive wp-image-3728\"\/><\/a><\/span><\/div><div class=\"fusion-sep-clear\"><\/div><div class=\"fusion-separator fusion-full-width-sep\" style=\"margin-left: auto;margin-right: auto;margin-top:20px;margin-bottom:20px;width:100%;\"><\/div><div class=\"fusion-sep-clear\"><\/div><div class=\"fusion-text fusion-text-3\"><p class=\"p1\"><span class=\"s1\">Kao \u0161to je opisano u ranijem poglavlju, ponu\u0111ene su opcije <i>Pauza <\/i>i <i>Kraj<\/i>.<\/span><\/p>\n<p class=\"p1\"><span class=\"s1\">Pauza slu\u017ei ukoliko je potrebno pratiti sve posje\u0107ene lokacije prilikom jednog slu\u017ebenog puta.<\/span><\/p>\n<p class=\"p1\"><span class=\"s1\">Opcija Stop ozna\u010dava kraj slu\u017ebenog puta, te se koristi po zavr\u0161etku puta.<\/span><\/p>\n<\/div><div class=\"fusion-sep-clear\"><\/div><div class=\"fusion-separator fusion-full-width-sep\" style=\"margin-left: auto;margin-right: auto;margin-top:20px;margin-bottom:20px;width:100%;\"><\/div><div class=\"fusion-sep-clear\"><\/div><div class=\"fusion-builder-row fusion-builder-row-inner fusion-row\"><div class=\"fusion-layout-column fusion_builder_column_inner fusion-builder-nested-column-0 fusion_builder_column_inner_1_2 1_2 fusion-one-half fusion-column-first\" style=\"--awb-bg-size:cover;width:50%;width:calc(50% - ( ( 4% ) * 0.5 ) );margin-right: 4%;\"><div class=\"fusion-column-wrapper fusion-flex-column-wrapper-legacy\"><div class=\"fusion-image-element fusion-image-align-left in-legacy-container\" style=\"text-align:left;--awb-caption-title-font-family:var(--h2_typography-font-family);--awb-caption-title-font-weight:var(--h2_typography-font-weight);--awb-caption-title-font-style:var(--h2_typography-font-style);--awb-caption-title-size:var(--h2_typography-font-size);--awb-caption-title-transform:var(--h2_typography-text-transform);--awb-caption-title-line-height:var(--h2_typography-line-height);--awb-caption-title-letter-spacing:var(--h2_typography-letter-spacing);\"><span class=\" fusion-imageframe imageframe-none imageframe-3 hover-type-none\" style=\"margin-right:25px;float:left;\"><a href=\"https:\/\/www.gooma.biz\/wp-content\/uploads\/2019\/03\/gooma_mobile_21.png\" class=\"fusion-lightbox\" data-rel=\"iLightbox[00fc6ae5d9dc378861f]\" data-title=\"gooma_mobile_21\" title=\"gooma_mobile_21\"><img decoding=\"async\" width=\"603\" height=\"1072\" src=\"https:\/\/www.gooma.biz\/wp-content\/uploads\/2019\/03\/gooma_mobile_21.png\" alt class=\"img-responsive wp-image-3729\"\/><\/a><\/span><\/div><div class=\"fusion-clearfix\"><\/div><\/div><\/div><div class=\"fusion-layout-column fusion_builder_column_inner fusion-builder-nested-column-1 fusion_builder_column_inner_1_2 1_2 fusion-one-half fusion-column-last\" style=\"--awb-bg-size:cover;width:50%;width:calc(50% - ( ( 4% ) * 0.5 ) );\"><div class=\"fusion-column-wrapper fusion-flex-column-wrapper-legacy\"><div class=\"fusion-image-element fusion-image-align-left in-legacy-container\" style=\"text-align:left;--awb-caption-title-font-family:var(--h2_typography-font-family);--awb-caption-title-font-weight:var(--h2_typography-font-weight);--awb-caption-title-font-style:var(--h2_typography-font-style);--awb-caption-title-size:var(--h2_typography-font-size);--awb-caption-title-transform:var(--h2_typography-text-transform);--awb-caption-title-line-height:var(--h2_typography-line-height);--awb-caption-title-letter-spacing:var(--h2_typography-letter-spacing);\"><span class=\" fusion-imageframe imageframe-none imageframe-4 hover-type-none\" style=\"margin-right:25px;float:left;\"><a href=\"https:\/\/www.gooma.biz\/wp-content\/uploads\/2019\/03\/gooma_mobile_22.png\" class=\"fusion-lightbox\" data-rel=\"iLightbox[d94f68642c99653a775]\" data-title=\"gooma_mobile_22\" title=\"gooma_mobile_22\"><img decoding=\"async\" width=\"481\" height=\"855\" src=\"https:\/\/www.gooma.biz\/wp-content\/uploads\/2019\/03\/gooma_mobile_22.png\" alt class=\"img-responsive wp-image-3730\"\/><\/a><\/span><\/div><div class=\"fusion-clearfix\"><\/div><\/div><\/div><\/div><div class=\"fusion-sep-clear\"><\/div><div class=\"fusion-separator fusion-full-width-sep\" style=\"margin-left: auto;margin-right: auto;margin-top:20px;margin-bottom:20px;width:100%;\"><\/div><div class=\"fusion-sep-clear\"><\/div><div class=\"fusion-text fusion-text-4\"><p class=\"p1\"><span class=\"s1\">Po izboru opcije <i>Pauza <\/i>otvara se prozor u kojem su lokacija, prije\u0111ena udaljenost i zavr\u0161no stanje brojila upisani automatizmom. Potrebno je kliknuti potvrdi.<\/span><\/p>\n<p class=\"p1\"><span class=\"s1\">Po odabiru opcije <i>Kraj<\/i> otvara se prozor sa upisanom zavr\u0161nom lokacijom na kojoj se nalazi vozilo, po\u010detnim stanjem brojila na po\u010detku puta, zavr\u0161nim stanjem brojila na kraju puta, te prije\u0111enom udaljenosti na zadnjoj etapi puta (od zadnje pauze, ukoliko je bilo pauze).<\/span><\/p>\n<p class=\"p1\"><span class=\"s1\">Snimanjem vo\u017enje aplikacija automatski kreira putni ra\u010dun, obzirom da su sve lokacije i kilometra\u017ea uneseni. Putni nalog se kreira retroaktivno prema ra\u010dunu.<\/span><\/p>\n<p class=\"p1\"><span class=\"s1\">Osim lokacija i kilometra\u017ee na putnom ra\u010dunu, potrebno je unijeti i ostale tro\u0161kove putovanja.<\/span><\/p>\n<\/div><div class=\"fusion-text fusion-text-5\"><div class=\"epyt-video-wrapper\"><iframe  id=\"_ytid_27875\"  width=\"1170\" height=\"658\"  data-origwidth=\"1170\" data-origheight=\"658\" src=\"https:\/\/www.youtube.com\/embed\/yn4x6ew-9cY?enablejsapi=1&#038;autoplay=0&#038;cc_load_policy=0&#038;cc_lang_pref=&#038;iv_load_policy=1&#038;loop=0&#038;rel=0&#038;fs=1&#038;playsinline=0&#038;autohide=2&#038;theme=dark&#038;color=red&#038;controls=1&#038;disablekb=0&#038;\" class=\"__youtube_prefs__  epyt-is-override  no-lazyload\" title=\"YouTube player\"  allow=\"fullscreen; accelerometer; autoplay; clipboard-write; encrypted-media; gyroscope; picture-in-picture; web-share\" referrerpolicy=\"strict-origin-when-cross-origin\" allowfullscreen data-no-lazy=\"1\" data-skipgform_ajax_framebjll=\"\"><\/iframe><\/div>\n<\/div><div class=\"fusion-clearfix\"><\/div><\/div><\/div><\/div><\/div>\n","protected":false},"excerpt":{"rendered":"","protected":false},"author":1,"featured_media":0,"parent":4355,"menu_order":1,"comment_status":"closed","ping_status":"closed","template":"side-navigation.php","meta":{"footnotes":""},"class_list":["post-4354","page","type-page","status-publish","hentry"],"yoast_head":"<!-- This site is optimized with the Yoast SEO plugin v27.4 - https:\/\/yoast.com\/product\/yoast-seo-wordpress\/ -->\n<title>Snimanje - Gooma<\/title>\n<meta name=\"robots\" content=\"index, follow, max-snippet:-1, max-image-preview:large, max-video-preview:-1\" \/>\n<link rel=\"canonical\" href=\"https:\/\/www.gooma.biz\/sr\/podrska-mobile\/sluzbeni-putovi\/snimanje\/\" \/>\n<meta property=\"og:locale\" content=\"sr_RS\" \/>\n<meta property=\"og:type\" content=\"article\" \/>\n<meta property=\"og:title\" content=\"Snimanje - Gooma\" \/>\n<meta property=\"og:url\" content=\"https:\/\/www.gooma.biz\/sr\/podrska-mobile\/sluzbeni-putovi\/snimanje\/\" \/>\n<meta property=\"og:site_name\" content=\"Gooma\" \/>\n<meta name=\"twitter:card\" content=\"summary_large_image\" \/>\n<meta name=\"twitter:label1\" content=\"\u041f\u0440\u043e\u0446\u0435\u045a\u0435\u043d\u043e \u0432\u0440\u0435\u043c\u0435 \u0447\u0438\u0442\u0430\u045a\u0430\" \/>\n\t<meta name=\"twitter:data1\" content=\"6 \u043c\u0438\u043d\u0443\u0442\u0430\" \/>\n<script type=\"application\/ld+json\" class=\"yoast-schema-graph\">{\"@context\":\"https:\\\/\\\/schema.org\",\"@graph\":[{\"@type\":\"WebPage\",\"@id\":\"https:\\\/\\\/www.gooma.biz\\\/sr\\\/podrska-mobile\\\/sluzbeni-putovi\\\/snimanje\\\/\",\"url\":\"https:\\\/\\\/www.gooma.biz\\\/sr\\\/podrska-mobile\\\/sluzbeni-putovi\\\/snimanje\\\/\",\"name\":\"Snimanje - Gooma\",\"isPartOf\":{\"@id\":\"https:\\\/\\\/www.putninalog.hr\\\/#website\"},\"datePublished\":\"2019-03-15T09:27:05+00:00\",\"breadcrumb\":{\"@id\":\"https:\\\/\\\/www.gooma.biz\\\/sr\\\/podrska-mobile\\\/sluzbeni-putovi\\\/snimanje\\\/#breadcrumb\"},\"inLanguage\":\"sr-RS\",\"potentialAction\":[{\"@type\":\"ReadAction\",\"target\":[\"https:\\\/\\\/www.gooma.biz\\\/sr\\\/podrska-mobile\\\/sluzbeni-putovi\\\/snimanje\\\/\"]}]},{\"@type\":\"BreadcrumbList\",\"@id\":\"https:\\\/\\\/www.gooma.biz\\\/sr\\\/podrska-mobile\\\/sluzbeni-putovi\\\/snimanje\\\/#breadcrumb\",\"itemListElement\":[{\"@type\":\"ListItem\",\"position\":1,\"name\":\"Po\u010detna stranica\",\"item\":\"https:\\\/\\\/putninalog.hr\\\/sr\\\/\"},{\"@type\":\"ListItem\",\"position\":2,\"name\":\"PODR\u0160KA &#8211; MOBILE\",\"item\":\"https:\\\/\\\/www.gooma.biz\\\/sr\\\/podrska-mobile\\\/\"},{\"@type\":\"ListItem\",\"position\":3,\"name\":\"Slu\u017ebeni putovi\",\"item\":\"https:\\\/\\\/putninalog.hr\\\/sr\\\/podrska-mobile\\\/sluzbeni-putovi\\\/\"},{\"@type\":\"ListItem\",\"position\":4,\"name\":\"Snimanje\"}]},{\"@type\":\"WebSite\",\"@id\":\"https:\\\/\\\/www.putninalog.hr\\\/#website\",\"url\":\"https:\\\/\\\/www.putninalog.hr\\\/\",\"name\":\"Gooma\",\"description\":\"\",\"potentialAction\":[{\"@type\":\"SearchAction\",\"target\":{\"@type\":\"EntryPoint\",\"urlTemplate\":\"https:\\\/\\\/www.putninalog.hr\\\/?s={search_term_string}\"},\"query-input\":{\"@type\":\"PropertyValueSpecification\",\"valueRequired\":true,\"valueName\":\"search_term_string\"}}],\"inLanguage\":\"sr-RS\"}]}<\/script>\n<!-- \/ Yoast SEO plugin. -->","yoast_head_json":{"title":"Snimanje - Gooma","robots":{"index":"index","follow":"follow","max-snippet":"max-snippet:-1","max-image-preview":"max-image-preview:large","max-video-preview":"max-video-preview:-1"},"canonical":"https:\/\/www.gooma.biz\/sr\/podrska-mobile\/sluzbeni-putovi\/snimanje\/","og_locale":"sr_RS","og_type":"article","og_title":"Snimanje - Gooma","og_url":"https:\/\/www.gooma.biz\/sr\/podrska-mobile\/sluzbeni-putovi\/snimanje\/","og_site_name":"Gooma","twitter_card":"summary_large_image","twitter_misc":{"\u041f\u0440\u043e\u0446\u0435\u045a\u0435\u043d\u043e \u0432\u0440\u0435\u043c\u0435 \u0447\u0438\u0442\u0430\u045a\u0430":"6 \u043c\u0438\u043d\u0443\u0442\u0430"},"schema":{"@context":"https:\/\/schema.org","@graph":[{"@type":"WebPage","@id":"https:\/\/www.gooma.biz\/sr\/podrska-mobile\/sluzbeni-putovi\/snimanje\/","url":"https:\/\/www.gooma.biz\/sr\/podrska-mobile\/sluzbeni-putovi\/snimanje\/","name":"Snimanje - Gooma","isPartOf":{"@id":"https:\/\/www.putninalog.hr\/#website"},"datePublished":"2019-03-15T09:27:05+00:00","breadcrumb":{"@id":"https:\/\/www.gooma.biz\/sr\/podrska-mobile\/sluzbeni-putovi\/snimanje\/#breadcrumb"},"inLanguage":"sr-RS","potentialAction":[{"@type":"ReadAction","target":["https:\/\/www.gooma.biz\/sr\/podrska-mobile\/sluzbeni-putovi\/snimanje\/"]}]},{"@type":"BreadcrumbList","@id":"https:\/\/www.gooma.biz\/sr\/podrska-mobile\/sluzbeni-putovi\/snimanje\/#breadcrumb","itemListElement":[{"@type":"ListItem","position":1,"name":"Po\u010detna stranica","item":"https:\/\/putninalog.hr\/sr\/"},{"@type":"ListItem","position":2,"name":"PODR\u0160KA &#8211; MOBILE","item":"https:\/\/www.gooma.biz\/sr\/podrska-mobile\/"},{"@type":"ListItem","position":3,"name":"Slu\u017ebeni putovi","item":"https:\/\/putninalog.hr\/sr\/podrska-mobile\/sluzbeni-putovi\/"},{"@type":"ListItem","position":4,"name":"Snimanje"}]},{"@type":"WebSite","@id":"https:\/\/www.putninalog.hr\/#website","url":"https:\/\/www.putninalog.hr\/","name":"Gooma","description":"","potentialAction":[{"@type":"SearchAction","target":{"@type":"EntryPoint","urlTemplate":"https:\/\/www.putninalog.hr\/?s={search_term_string}"},"query-input":{"@type":"PropertyValueSpecification","valueRequired":true,"valueName":"search_term_string"}}],"inLanguage":"sr-RS"}]}},"_links":{"self":[{"href":"https:\/\/www.gooma.biz\/sr\/wp-json\/wp\/v2\/pages\/4354","targetHints":{"allow":["GET"]}}],"collection":[{"href":"https:\/\/www.gooma.biz\/sr\/wp-json\/wp\/v2\/pages"}],"about":[{"href":"https:\/\/www.gooma.biz\/sr\/wp-json\/wp\/v2\/types\/page"}],"author":[{"embeddable":true,"href":"https:\/\/www.gooma.biz\/sr\/wp-json\/wp\/v2\/users\/1"}],"replies":[{"embeddable":true,"href":"https:\/\/www.gooma.biz\/sr\/wp-json\/wp\/v2\/comments?post=4354"}],"version-history":[{"count":0,"href":"https:\/\/www.gooma.biz\/sr\/wp-json\/wp\/v2\/pages\/4354\/revisions"}],"up":[{"embeddable":true,"href":"https:\/\/www.gooma.biz\/sr\/wp-json\/wp\/v2\/pages\/4355"}],"wp:attachment":[{"href":"https:\/\/www.gooma.biz\/sr\/wp-json\/wp\/v2\/media?parent=4354"}],"curies":[{"name":"wp","href":"https:\/\/api.w.org\/{rel}","templated":true}]}}