{"id":4351,"date":"2019-03-15T11:34:21","date_gmt":"2019-03-15T10:34:21","guid":{"rendered":"https:\/\/www.gooma.biz\/sinkronizacija-podataka\/"},"modified":"2019-03-15T11:34:21","modified_gmt":"2019-03-15T10:34:21","slug":"sinkronizacija-podataka","status":"publish","type":"page","link":"https:\/\/www.gooma.biz\/sr\/podrska-mobile\/sinkronizacija-podataka\/","title":{"rendered":"Sinkronizacija podataka"},"content":{"rendered":"<div class=\"fusion-fullwidth fullwidth-box fusion-builder-row-1 nonhundred-percent-fullwidth non-hundred-percent-height-scrolling fusion-equal-height-columns\" style=\"--awb-border-radius-top-left:0px;--awb-border-radius-top-right:0px;--awb-border-radius-bottom-right:0px;--awb-border-radius-bottom-left:0px;--awb-padding-top:50px;--awb-padding-bottom:30px;--awb-flex-wrap:wrap;\" ><div class=\"fusion-builder-row fusion-row\"><div class=\"fusion-layout-column fusion_builder_column fusion-builder-column-0 fusion_builder_column_1_1 1_1 fusion-one-full fusion-column-first fusion-column-last\" style=\"--awb-bg-size:cover;\"><div class=\"fusion-column-wrapper fusion-flex-column-wrapper-legacy\"><div class=\"fusion-text fusion-text-1\"><h3>Sinkronizacija podataka<\/h3>\n<p class=\"p1\"><span class=\"s1\">Nakon svih unesenih izmjena potrebno je sinkronizirati podatke sa portalom pomo\u0107u opcije<span class=\"Apple-converted-space\"> ? <\/span>.<\/span><\/p>\n<p><img decoding=\"async\" class=\"alignnone wp-image-1728\" src=\"https:\/\/www.gooma.biz\/wp-content\/uploads\/2019\/03\/SINKRONIZACIJA_PODATAKA.png\" alt=\"\" width=\"60\" height=\"65\" \/><\/p>\n<p class=\"p1\"><span class=\"s1\">Putne naloge i ra\u010dune je mogu\u0107e sinkronizirati pojedina\u010dno ili se sinkronizacija mo\u017ee provesti za sve naloge i ra\u010dune istovremeno, pomo\u0107u ikone za sinkronizaciju u gornjem izborniku.<\/span><\/p>\n<\/div><div class=\"fusion-sep-clear\"><\/div><div class=\"fusion-separator fusion-full-width-sep\" style=\"margin-left: auto;margin-right: auto;margin-top:20px;margin-bottom:20px;width:100%;\"><\/div><div class=\"fusion-sep-clear\"><\/div><div class=\"fusion-clearfix\"><\/div><\/div><\/div><\/div><\/div>\n","protected":false},"excerpt":{"rendered":"","protected":false},"author":1,"featured_media":0,"parent":4366,"menu_order":5,"comment_status":"closed","ping_status":"closed","template":"side-navigation.php","meta":{"footnotes":""},"class_list":["post-4351","page","type-page","status-publish","hentry"],"yoast_head":"<!-- This site is optimized with the Yoast SEO plugin v27.4 - https:\/\/yoast.com\/product\/yoast-seo-wordpress\/ -->\n<title>Sinkronizacija podataka - Gooma<\/title>\n<meta name=\"robots\" content=\"index, follow, max-snippet:-1, max-image-preview:large, max-video-preview:-1\" \/>\n<link rel=\"canonical\" href=\"https:\/\/www.gooma.biz\/sr\/podrska-mobile\/sinkronizacija-podataka\/\" \/>\n<meta property=\"og:locale\" content=\"sr_RS\" \/>\n<meta property=\"og:type\" content=\"article\" \/>\n<meta property=\"og:title\" content=\"Sinkronizacija podataka - Gooma\" \/>\n<meta property=\"og:url\" content=\"https:\/\/www.gooma.biz\/sr\/podrska-mobile\/sinkronizacija-podataka\/\" \/>\n<meta property=\"og:site_name\" content=\"Gooma\" \/>\n<meta property=\"og:image\" content=\"https:\/\/www.gooma.biz\/wp-content\/uploads\/2019\/03\/SINKRONIZACIJA_PODATAKA.png\" \/>\n<meta name=\"twitter:card\" content=\"summary_large_image\" \/>\n<meta name=\"twitter:label1\" content=\"\u041f\u0440\u043e\u0446\u0435\u045a\u0435\u043d\u043e \u0432\u0440\u0435\u043c\u0435 \u0447\u0438\u0442\u0430\u045a\u0430\" \/>\n\t<meta name=\"twitter:data1\" content=\"1 \u043c\u0438\u043d\u0443\u0442\" \/>\n<script type=\"application\/ld+json\" class=\"yoast-schema-graph\">{\"@context\":\"https:\\\/\\\/schema.org\",\"@graph\":[{\"@type\":\"WebPage\",\"@id\":\"https:\\\/\\\/www.gooma.biz\\\/sr\\\/podrska-mobile\\\/sinkronizacija-podataka\\\/\",\"url\":\"https:\\\/\\\/www.gooma.biz\\\/sr\\\/podrska-mobile\\\/sinkronizacija-podataka\\\/\",\"name\":\"Sinkronizacija podataka - Gooma\",\"isPartOf\":{\"@id\":\"https:\\\/\\\/www.putninalog.hr\\\/#website\"},\"primaryImageOfPage\":{\"@id\":\"https:\\\/\\\/www.gooma.biz\\\/sr\\\/podrska-mobile\\\/sinkronizacija-podataka\\\/#primaryimage\"},\"image\":{\"@id\":\"https:\\\/\\\/www.gooma.biz\\\/sr\\\/podrska-mobile\\\/sinkronizacija-podataka\\\/#primaryimage\"},\"thumbnailUrl\":\"https:\\\/\\\/www.gooma.biz\\\/wp-content\\\/uploads\\\/2019\\\/03\\\/SINKRONIZACIJA_PODATAKA.png\",\"datePublished\":\"2019-03-15T10:34:21+00:00\",\"breadcrumb\":{\"@id\":\"https:\\\/\\\/www.gooma.biz\\\/sr\\\/podrska-mobile\\\/sinkronizacija-podataka\\\/#breadcrumb\"},\"inLanguage\":\"sr-RS\",\"potentialAction\":[{\"@type\":\"ReadAction\",\"target\":[\"https:\\\/\\\/www.gooma.biz\\\/sr\\\/podrska-mobile\\\/sinkronizacija-podataka\\\/\"]}]},{\"@type\":\"ImageObject\",\"inLanguage\":\"sr-RS\",\"@id\":\"https:\\\/\\\/www.gooma.biz\\\/sr\\\/podrska-mobile\\\/sinkronizacija-podataka\\\/#primaryimage\",\"url\":\"https:\\\/\\\/www.gooma.biz\\\/wp-content\\\/uploads\\\/2019\\\/03\\\/SINKRONIZACIJA_PODATAKA.png\",\"contentUrl\":\"https:\\\/\\\/www.gooma.biz\\\/wp-content\\\/uploads\\\/2019\\\/03\\\/SINKRONIZACIJA_PODATAKA.png\"},{\"@type\":\"BreadcrumbList\",\"@id\":\"https:\\\/\\\/www.gooma.biz\\\/sr\\\/podrska-mobile\\\/sinkronizacija-podataka\\\/#breadcrumb\",\"itemListElement\":[{\"@type\":\"ListItem\",\"position\":1,\"name\":\"Po\u010detna stranica\",\"item\":\"https:\\\/\\\/putninalog.hr\\\/sr\\\/\"},{\"@type\":\"ListItem\",\"position\":2,\"name\":\"PODR\u0160KA &#8211; MOBILE\",\"item\":\"https:\\\/\\\/www.gooma.biz\\\/sr\\\/podrska-mobile\\\/\"},{\"@type\":\"ListItem\",\"position\":3,\"name\":\"Sinkronizacija podataka\"}]},{\"@type\":\"WebSite\",\"@id\":\"https:\\\/\\\/www.putninalog.hr\\\/#website\",\"url\":\"https:\\\/\\\/www.putninalog.hr\\\/\",\"name\":\"Gooma\",\"description\":\"\",\"potentialAction\":[{\"@type\":\"SearchAction\",\"target\":{\"@type\":\"EntryPoint\",\"urlTemplate\":\"https:\\\/\\\/www.putninalog.hr\\\/?s={search_term_string}\"},\"query-input\":{\"@type\":\"PropertyValueSpecification\",\"valueRequired\":true,\"valueName\":\"search_term_string\"}}],\"inLanguage\":\"sr-RS\"}]}<\/script>\n<!-- \/ Yoast SEO plugin. -->","yoast_head_json":{"title":"Sinkronizacija podataka - Gooma","robots":{"index":"index","follow":"follow","max-snippet":"max-snippet:-1","max-image-preview":"max-image-preview:large","max-video-preview":"max-video-preview:-1"},"canonical":"https:\/\/www.gooma.biz\/sr\/podrska-mobile\/sinkronizacija-podataka\/","og_locale":"sr_RS","og_type":"article","og_title":"Sinkronizacija podataka - Gooma","og_url":"https:\/\/www.gooma.biz\/sr\/podrska-mobile\/sinkronizacija-podataka\/","og_site_name":"Gooma","og_image":[{"url":"https:\/\/www.gooma.biz\/wp-content\/uploads\/2019\/03\/SINKRONIZACIJA_PODATAKA.png","type":"","width":"","height":""}],"twitter_card":"summary_large_image","twitter_misc":{"\u041f\u0440\u043e\u0446\u0435\u045a\u0435\u043d\u043e \u0432\u0440\u0435\u043c\u0435 \u0447\u0438\u0442\u0430\u045a\u0430":"1 \u043c\u0438\u043d\u0443\u0442"},"schema":{"@context":"https:\/\/schema.org","@graph":[{"@type":"WebPage","@id":"https:\/\/www.gooma.biz\/sr\/podrska-mobile\/sinkronizacija-podataka\/","url":"https:\/\/www.gooma.biz\/sr\/podrska-mobile\/sinkronizacija-podataka\/","name":"Sinkronizacija podataka - Gooma","isPartOf":{"@id":"https:\/\/www.putninalog.hr\/#website"},"primaryImageOfPage":{"@id":"https:\/\/www.gooma.biz\/sr\/podrska-mobile\/sinkronizacija-podataka\/#primaryimage"},"image":{"@id":"https:\/\/www.gooma.biz\/sr\/podrska-mobile\/sinkronizacija-podataka\/#primaryimage"},"thumbnailUrl":"https:\/\/www.gooma.biz\/wp-content\/uploads\/2019\/03\/SINKRONIZACIJA_PODATAKA.png","datePublished":"2019-03-15T10:34:21+00:00","breadcrumb":{"@id":"https:\/\/www.gooma.biz\/sr\/podrska-mobile\/sinkronizacija-podataka\/#breadcrumb"},"inLanguage":"sr-RS","potentialAction":[{"@type":"ReadAction","target":["https:\/\/www.gooma.biz\/sr\/podrska-mobile\/sinkronizacija-podataka\/"]}]},{"@type":"ImageObject","inLanguage":"sr-RS","@id":"https:\/\/www.gooma.biz\/sr\/podrska-mobile\/sinkronizacija-podataka\/#primaryimage","url":"https:\/\/www.gooma.biz\/wp-content\/uploads\/2019\/03\/SINKRONIZACIJA_PODATAKA.png","contentUrl":"https:\/\/www.gooma.biz\/wp-content\/uploads\/2019\/03\/SINKRONIZACIJA_PODATAKA.png"},{"@type":"BreadcrumbList","@id":"https:\/\/www.gooma.biz\/sr\/podrska-mobile\/sinkronizacija-podataka\/#breadcrumb","itemListElement":[{"@type":"ListItem","position":1,"name":"Po\u010detna stranica","item":"https:\/\/putninalog.hr\/sr\/"},{"@type":"ListItem","position":2,"name":"PODR\u0160KA &#8211; MOBILE","item":"https:\/\/www.gooma.biz\/sr\/podrska-mobile\/"},{"@type":"ListItem","position":3,"name":"Sinkronizacija podataka"}]},{"@type":"WebSite","@id":"https:\/\/www.putninalog.hr\/#website","url":"https:\/\/www.putninalog.hr\/","name":"Gooma","description":"","potentialAction":[{"@type":"SearchAction","target":{"@type":"EntryPoint","urlTemplate":"https:\/\/www.putninalog.hr\/?s={search_term_string}"},"query-input":{"@type":"PropertyValueSpecification","valueRequired":true,"valueName":"search_term_string"}}],"inLanguage":"sr-RS"}]}},"_links":{"self":[{"href":"https:\/\/www.gooma.biz\/sr\/wp-json\/wp\/v2\/pages\/4351","targetHints":{"allow":["GET"]}}],"collection":[{"href":"https:\/\/www.gooma.biz\/sr\/wp-json\/wp\/v2\/pages"}],"about":[{"href":"https:\/\/www.gooma.biz\/sr\/wp-json\/wp\/v2\/types\/page"}],"author":[{"embeddable":true,"href":"https:\/\/www.gooma.biz\/sr\/wp-json\/wp\/v2\/users\/1"}],"replies":[{"embeddable":true,"href":"https:\/\/www.gooma.biz\/sr\/wp-json\/wp\/v2\/comments?post=4351"}],"version-history":[{"count":0,"href":"https:\/\/www.gooma.biz\/sr\/wp-json\/wp\/v2\/pages\/4351\/revisions"}],"up":[{"embeddable":true,"href":"https:\/\/www.gooma.biz\/sr\/wp-json\/wp\/v2\/pages\/4366"}],"wp:attachment":[{"href":"https:\/\/www.gooma.biz\/sr\/wp-json\/wp\/v2\/media?parent=4351"}],"curies":[{"name":"wp","href":"https:\/\/api.w.org\/{rel}","templated":true}]}}