{"id":4342,"date":"2019-07-03T15:02:02","date_gmt":"2019-07-03T13:02:02","guid":{"rendered":"https:\/\/www.gooma.biz\/postava-vrsta-troska\/"},"modified":"2023-08-21T13:55:29","modified_gmt":"2023-08-21T11:55:29","slug":"postava-vrsta-troska","status":"publish","type":"page","link":"https:\/\/www.gooma.biz\/sr\/upute-desktop\/administracija\/postava-vrsta-troska\/","title":{"rendered":"Postava vrsta tro\u0161ka"},"content":{"rendered":"<p><div class=\"fusion-fullwidth fullwidth-box fusion-builder-row-1 nonhundred-percent-fullwidth non-hundred-percent-height-scrolling fusion-equal-height-columns\" style=\"--awb-border-radius-top-left:0px;--awb-border-radius-top-right:0px;--awb-border-radius-bottom-right:0px;--awb-border-radius-bottom-left:0px;--awb-padding-bottom:30px;--awb-flex-wrap:wrap;\" ><div class=\"fusion-builder-row fusion-row\"><div class=\"fusion-layout-column fusion_builder_column fusion-builder-column-0 fusion_builder_column_1_1 1_1 fusion-one-full fusion-column-first fusion-column-last\" style=\"--awb-bg-size:cover;\"><div class=\"fusion-column-wrapper fusion-column-has-shadow fusion-flex-column-wrapper-legacy\"><div class=\"fusion-text fusion-text-1\"><h3>Pode\u0161avanje tipova tro\u0161kova \u2013 pregled, ure\u0111ivanje i dodavanje tipova tro\u0161kova<\/h3>\n<\/div><div class=\"fusion-sep-clear\"><\/div><div class=\"fusion-separator fusion-full-width-sep\" style=\"margin-left: auto;margin-right: auto;margin-bottom:30px;width:100%;\"><\/div><div class=\"fusion-sep-clear\"><\/div><div class=\"fusion-image-element fusion-image-align-center in-legacy-container\" style=\"text-align:center;--awb-caption-title-font-family:var(--h2_typography-font-family);--awb-caption-title-font-weight:var(--h2_typography-font-weight);--awb-caption-title-font-style:var(--h2_typography-font-style);--awb-caption-title-size:var(--h2_typography-font-size);--awb-caption-title-transform:var(--h2_typography-text-transform);--awb-caption-title-line-height:var(--h2_typography-line-height);--awb-caption-title-letter-spacing:var(--h2_typography-letter-spacing);\"><div class=\"imageframe-align-center\"><span class=\" fusion-imageframe imageframe-none imageframe-1 hover-type-none\"><a href=\"https:\/\/www.gooma.biz\/wp-content\/uploads\/2019\/07\/6.png\" class=\"fusion-lightbox\" data-rel=\"iLightbox[b33a5fab1e0b1b515a5]\" data-title=\"vrsta tro\u0161ka\" title=\"vrsta tro\u0161ka\"><img decoding=\"async\" width=\"1167\" height=\"242\" src=\"https:\/\/www.gooma.biz\/wp-content\/uploads\/2019\/07\/6.png\" alt class=\"img-responsive wp-image-3866\"\/><\/a><\/span><\/div><\/div><div class=\"fusion-clearfix\"><\/div><\/div><\/div><\/div><\/div><div class=\"fusion-fullwidth fullwidth-box fusion-builder-row-2 nonhundred-percent-fullwidth non-hundred-percent-height-scrolling\" style=\"--awb-border-radius-top-left:0px;--awb-border-radius-top-right:0px;--awb-border-radius-bottom-right:0px;--awb-border-radius-bottom-left:0px;--awb-flex-wrap:wrap;\" ><div class=\"fusion-builder-row fusion-row\"><div class=\"fusion-layout-column fusion_builder_column fusion-builder-column-1 fusion_builder_column_1_1 1_1 fusion-one-full fusion-column-first fusion-column-last\" style=\"--awb-bg-size:cover;\"><div class=\"fusion-column-wrapper fusion-column-has-shadow fusion-flex-column-wrapper-legacy\"><div class=\"fusion-text fusion-text-2\"><p>Opcijom unosa dodatnih tro\u0161kova na putni ra\u010dun otvara se padajuc\u0301i meni sa unapred definisanim vrstama tro\u0161kova: sme\u0161taj, prevozna sredstva, putarine, gorivo, parking, reprezentacija, dnevnica-domac\u0301i, dnevnica-strani, kilometra\u017ea i drugi.<\/p>\n<p>U ovom modulu moguc\u0301e je ure\u0111ivati i dodavati vrste tro\u0161kova. Nije moguc\u0301e izbrisati vrstu tro\u0161ka ako je vec\u0301 kori\u0161c\u0301ena u evidenciji (putni ra\u010dun). Moguc\u0301e je uneti neograni\u010den broj vrsta tro\u0161kova.<\/p>\n<p>Tako\u0111e je moguc\u0301e uneti neograni\u010den broj razli\u010ditih oznaka (\u0161ifara) za jednu vrstu tro\u0161kova. Dakle, jedna vrsta tro\u0161kova mo\u017ee imati nekoliko oznaka koje c\u0301e se razlikovati u zavisnosti od naloga na koji su knji\u017eeni.<\/p>\n<\/div><div class=\"fusion-text fusion-text-3\"><div class=\"epyt-video-wrapper\"><iframe  id=\"_ytid_42815\"  width=\"1170\" height=\"658\"  data-origwidth=\"1170\" data-origheight=\"658\" src=\"https:\/\/www.youtube.com\/embed\/9c_IBydoLkM?enablejsapi=1&#038;autoplay=0&#038;cc_load_policy=0&#038;cc_lang_pref=&#038;iv_load_policy=1&#038;loop=0&#038;rel=0&#038;fs=1&#038;playsinline=0&#038;autohide=2&#038;theme=dark&#038;color=red&#038;controls=1&#038;disablekb=0&#038;\" class=\"__youtube_prefs__  epyt-is-override  no-lazyload\" title=\"YouTube player\"  allow=\"fullscreen; accelerometer; autoplay; clipboard-write; encrypted-media; gyroscope; picture-in-picture; web-share\" referrerpolicy=\"strict-origin-when-cross-origin\" allowfullscreen data-no-lazy=\"1\" data-skipgform_ajax_framebjll=\"\"><\/iframe><\/div>\n<\/div><div class=\"fusion-sep-clear\"><\/div><div class=\"fusion-separator fusion-full-width-sep\" style=\"margin-left: auto;margin-right: auto;margin-bottom:30px;width:100%;\"><\/div><div class=\"fusion-sep-clear\"><\/div><div class=\"fusion-image-element fusion-image-align-center in-legacy-container\" style=\"text-align:center;--awb-caption-title-font-family:var(--h2_typography-font-family);--awb-caption-title-font-weight:var(--h2_typography-font-weight);--awb-caption-title-font-style:var(--h2_typography-font-style);--awb-caption-title-size:var(--h2_typography-font-size);--awb-caption-title-transform:var(--h2_typography-text-transform);--awb-caption-title-line-height:var(--h2_typography-line-height);--awb-caption-title-letter-spacing:var(--h2_typography-letter-spacing);\"><div class=\"imageframe-align-center\"><span class=\" fusion-imageframe imageframe-none imageframe-2 hover-type-none\"><a href=\"https:\/\/www.gooma.biz\/wp-content\/uploads\/2019\/07\/43.png\" class=\"fusion-lightbox\" data-rel=\"iLightbox[243dd599cc1d4fc8d7c]\" data-title=\"vrsta tro\u0161ka\" title=\"vrsta tro\u0161ka\"><img decoding=\"async\" width=\"435\" height=\"525\" src=\"https:\/\/www.gooma.biz\/wp-content\/uploads\/2019\/07\/43.png\" alt class=\"img-responsive wp-image-3867\"\/><\/a><\/span><\/div><\/div><div class=\"fusion-clearfix\"><\/div><\/div><\/div><\/div><\/div><\/p>\n","protected":false},"excerpt":{"rendered":"","protected":false},"author":1,"featured_media":0,"parent":4396,"menu_order":6,"comment_status":"closed","ping_status":"closed","template":"side-navigation.php","meta":{"footnotes":""},"class_list":["post-4342","page","type-page","status-publish","hentry"],"yoast_head":"<!-- This site is optimized with the Yoast SEO plugin v27.4 - https:\/\/yoast.com\/product\/yoast-seo-wordpress\/ -->\n<title>Postava vrsta tro\u0161ka - Gooma<\/title>\n<meta name=\"robots\" content=\"index, follow, max-snippet:-1, max-image-preview:large, max-video-preview:-1\" \/>\n<link rel=\"canonical\" href=\"https:\/\/www.gooma.biz\/sr\/upute-desktop\/administracija\/postava-vrsta-troska\/\" \/>\n<meta property=\"og:locale\" content=\"sr_RS\" \/>\n<meta property=\"og:type\" content=\"article\" \/>\n<meta property=\"og:title\" content=\"Postava vrsta tro\u0161ka - Gooma\" \/>\n<meta property=\"og:url\" content=\"https:\/\/www.gooma.biz\/sr\/upute-desktop\/administracija\/postava-vrsta-troska\/\" \/>\n<meta property=\"og:site_name\" content=\"Gooma\" \/>\n<meta property=\"article:modified_time\" content=\"2023-08-21T11:55:29+00:00\" \/>\n<meta name=\"twitter:card\" content=\"summary_large_image\" \/>\n<meta name=\"twitter:label1\" content=\"\u041f\u0440\u043e\u0446\u0435\u045a\u0435\u043d\u043e \u0432\u0440\u0435\u043c\u0435 \u0447\u0438\u0442\u0430\u045a\u0430\" \/>\n\t<meta name=\"twitter:data1\" content=\"3 \u043c\u0438\u043d\u0443\u0442\u0430\" \/>\n<script type=\"application\/ld+json\" class=\"yoast-schema-graph\">{\"@context\":\"https:\\\/\\\/schema.org\",\"@graph\":[{\"@type\":\"WebPage\",\"@id\":\"https:\\\/\\\/www.gooma.biz\\\/sr\\\/upute-desktop\\\/administracija\\\/postava-vrsta-troska\\\/\",\"url\":\"https:\\\/\\\/www.gooma.biz\\\/sr\\\/upute-desktop\\\/administracija\\\/postava-vrsta-troska\\\/\",\"name\":\"Postava vrsta tro\u0161ka - Gooma\",\"isPartOf\":{\"@id\":\"https:\\\/\\\/www.putninalog.hr\\\/#website\"},\"datePublished\":\"2019-07-03T13:02:02+00:00\",\"dateModified\":\"2023-08-21T11:55:29+00:00\",\"breadcrumb\":{\"@id\":\"https:\\\/\\\/www.gooma.biz\\\/sr\\\/upute-desktop\\\/administracija\\\/postava-vrsta-troska\\\/#breadcrumb\"},\"inLanguage\":\"sr-RS\",\"potentialAction\":[{\"@type\":\"ReadAction\",\"target\":[\"https:\\\/\\\/www.gooma.biz\\\/sr\\\/upute-desktop\\\/administracija\\\/postava-vrsta-troska\\\/\"]}]},{\"@type\":\"BreadcrumbList\",\"@id\":\"https:\\\/\\\/www.gooma.biz\\\/sr\\\/upute-desktop\\\/administracija\\\/postava-vrsta-troska\\\/#breadcrumb\",\"itemListElement\":[{\"@type\":\"ListItem\",\"position\":1,\"name\":\"Po\u010detna stranica\",\"item\":\"https:\\\/\\\/putninalog.hr\\\/sr\\\/\"},{\"@type\":\"ListItem\",\"position\":2,\"name\":\"PODR\u0160KA &#8211; DESKTOP\",\"item\":\"https:\\\/\\\/putninalog.hr\\\/sr\\\/upute-desktop\\\/\"},{\"@type\":\"ListItem\",\"position\":3,\"name\":\"ADMINISTRACIJA\",\"item\":\"https:\\\/\\\/putninalog.hr\\\/sr\\\/upute-desktop\\\/administracija\\\/\"},{\"@type\":\"ListItem\",\"position\":4,\"name\":\"Postava vrsta tro\u0161ka\"}]},{\"@type\":\"WebSite\",\"@id\":\"https:\\\/\\\/www.putninalog.hr\\\/#website\",\"url\":\"https:\\\/\\\/www.putninalog.hr\\\/\",\"name\":\"Gooma\",\"description\":\"\",\"potentialAction\":[{\"@type\":\"SearchAction\",\"target\":{\"@type\":\"EntryPoint\",\"urlTemplate\":\"https:\\\/\\\/www.putninalog.hr\\\/?s={search_term_string}\"},\"query-input\":{\"@type\":\"PropertyValueSpecification\",\"valueRequired\":true,\"valueName\":\"search_term_string\"}}],\"inLanguage\":\"sr-RS\"}]}<\/script>\n<!-- \/ Yoast SEO plugin. -->","yoast_head_json":{"title":"Postava vrsta tro\u0161ka - Gooma","robots":{"index":"index","follow":"follow","max-snippet":"max-snippet:-1","max-image-preview":"max-image-preview:large","max-video-preview":"max-video-preview:-1"},"canonical":"https:\/\/www.gooma.biz\/sr\/upute-desktop\/administracija\/postava-vrsta-troska\/","og_locale":"sr_RS","og_type":"article","og_title":"Postava vrsta tro\u0161ka - Gooma","og_url":"https:\/\/www.gooma.biz\/sr\/upute-desktop\/administracija\/postava-vrsta-troska\/","og_site_name":"Gooma","article_modified_time":"2023-08-21T11:55:29+00:00","twitter_card":"summary_large_image","twitter_misc":{"\u041f\u0440\u043e\u0446\u0435\u045a\u0435\u043d\u043e \u0432\u0440\u0435\u043c\u0435 \u0447\u0438\u0442\u0430\u045a\u0430":"3 \u043c\u0438\u043d\u0443\u0442\u0430"},"schema":{"@context":"https:\/\/schema.org","@graph":[{"@type":"WebPage","@id":"https:\/\/www.gooma.biz\/sr\/upute-desktop\/administracija\/postava-vrsta-troska\/","url":"https:\/\/www.gooma.biz\/sr\/upute-desktop\/administracija\/postava-vrsta-troska\/","name":"Postava vrsta tro\u0161ka - Gooma","isPartOf":{"@id":"https:\/\/www.putninalog.hr\/#website"},"datePublished":"2019-07-03T13:02:02+00:00","dateModified":"2023-08-21T11:55:29+00:00","breadcrumb":{"@id":"https:\/\/www.gooma.biz\/sr\/upute-desktop\/administracija\/postava-vrsta-troska\/#breadcrumb"},"inLanguage":"sr-RS","potentialAction":[{"@type":"ReadAction","target":["https:\/\/www.gooma.biz\/sr\/upute-desktop\/administracija\/postava-vrsta-troska\/"]}]},{"@type":"BreadcrumbList","@id":"https:\/\/www.gooma.biz\/sr\/upute-desktop\/administracija\/postava-vrsta-troska\/#breadcrumb","itemListElement":[{"@type":"ListItem","position":1,"name":"Po\u010detna stranica","item":"https:\/\/putninalog.hr\/sr\/"},{"@type":"ListItem","position":2,"name":"PODR\u0160KA &#8211; DESKTOP","item":"https:\/\/putninalog.hr\/sr\/upute-desktop\/"},{"@type":"ListItem","position":3,"name":"ADMINISTRACIJA","item":"https:\/\/putninalog.hr\/sr\/upute-desktop\/administracija\/"},{"@type":"ListItem","position":4,"name":"Postava vrsta tro\u0161ka"}]},{"@type":"WebSite","@id":"https:\/\/www.putninalog.hr\/#website","url":"https:\/\/www.putninalog.hr\/","name":"Gooma","description":"","potentialAction":[{"@type":"SearchAction","target":{"@type":"EntryPoint","urlTemplate":"https:\/\/www.putninalog.hr\/?s={search_term_string}"},"query-input":{"@type":"PropertyValueSpecification","valueRequired":true,"valueName":"search_term_string"}}],"inLanguage":"sr-RS"}]}},"_links":{"self":[{"href":"https:\/\/www.gooma.biz\/sr\/wp-json\/wp\/v2\/pages\/4342","targetHints":{"allow":["GET"]}}],"collection":[{"href":"https:\/\/www.gooma.biz\/sr\/wp-json\/wp\/v2\/pages"}],"about":[{"href":"https:\/\/www.gooma.biz\/sr\/wp-json\/wp\/v2\/types\/page"}],"author":[{"embeddable":true,"href":"https:\/\/www.gooma.biz\/sr\/wp-json\/wp\/v2\/users\/1"}],"replies":[{"embeddable":true,"href":"https:\/\/www.gooma.biz\/sr\/wp-json\/wp\/v2\/comments?post=4342"}],"version-history":[{"count":1,"href":"https:\/\/www.gooma.biz\/sr\/wp-json\/wp\/v2\/pages\/4342\/revisions"}],"predecessor-version":[{"id":4448,"href":"https:\/\/www.gooma.biz\/sr\/wp-json\/wp\/v2\/pages\/4342\/revisions\/4448"}],"up":[{"embeddable":true,"href":"https:\/\/www.gooma.biz\/sr\/wp-json\/wp\/v2\/pages\/4396"}],"wp:attachment":[{"href":"https:\/\/www.gooma.biz\/sr\/wp-json\/wp\/v2\/media?parent=4342"}],"curies":[{"name":"wp","href":"https:\/\/api.w.org\/{rel}","templated":true}]}}