{"id":4330,"date":"2020-10-29T13:17:16","date_gmt":"2020-10-29T12:17:16","guid":{"rendered":"https:\/\/www.gooma.biz\/postavke-organizacije\/"},"modified":"2020-10-29T13:17:16","modified_gmt":"2020-10-29T12:17:16","slug":"postavke-organizacije","status":"publish","type":"page","link":"https:\/\/www.gooma.biz\/sr\/upute-desktop\/administracija\/postavke-organizacije\/","title":{"rendered":"Postavke organizacije"},"content":{"rendered":"<div class=\"fusion-fullwidth fullwidth-box fusion-builder-row-1 nonhundred-percent-fullwidth non-hundred-percent-height-scrolling fusion-equal-height-columns\" style=\"--awb-border-radius-top-left:0px;--awb-border-radius-top-right:0px;--awb-border-radius-bottom-right:0px;--awb-border-radius-bottom-left:0px;--awb-padding-bottom:30px;--awb-flex-wrap:wrap;\" ><div class=\"fusion-builder-row fusion-row\"><div class=\"fusion-layout-column fusion_builder_column fusion-builder-column-0 fusion_builder_column_1_1 1_1 fusion-one-full fusion-column-first fusion-column-last\" style=\"--awb-bg-size:cover;\"><div class=\"fusion-column-wrapper fusion-column-has-shadow fusion-flex-column-wrapper-legacy\"><div class=\"fusion-text fusion-text-1\"><h3>Postave organizacije<\/h3>\n<\/div><div class=\"fusion-sep-clear\"><\/div><div class=\"fusion-separator fusion-full-width-sep\" style=\"margin-left: auto;margin-right: auto;margin-bottom:20px;width:100%;\"><\/div><div class=\"fusion-sep-clear\"><\/div><div class=\"fusion-text fusion-text-2\"><div class=\"epyt-video-wrapper\"><iframe  id=\"_ytid_54839\"  width=\"1170\" height=\"658\"  data-origwidth=\"1170\" data-origheight=\"658\" src=\"https:\/\/www.youtube.com\/embed\/Tj7JuRXhDfk?enablejsapi=1&#038;autoplay=0&#038;cc_load_policy=0&#038;cc_lang_pref=&#038;iv_load_policy=1&#038;loop=0&#038;rel=0&#038;fs=1&#038;playsinline=0&#038;autohide=2&#038;theme=dark&#038;color=red&#038;controls=1&#038;disablekb=0&#038;\" class=\"__youtube_prefs__  epyt-is-override  no-lazyload\" title=\"YouTube player\"  allow=\"fullscreen; accelerometer; autoplay; clipboard-write; encrypted-media; gyroscope; picture-in-picture; web-share\" referrerpolicy=\"strict-origin-when-cross-origin\" allowfullscreen data-no-lazy=\"1\" data-skipgform_ajax_framebjll=\"\"><\/iframe><\/div>\n<\/div><div class=\"fusion-sep-clear\"><\/div><div class=\"fusion-separator fusion-full-width-sep\" style=\"margin-left: auto;margin-right: auto;margin-bottom:20px;width:100%;\"><\/div><div class=\"fusion-sep-clear\"><\/div><div class=\"fusion-text fusion-text-3\"><p>Na postavkama organizacije definiraju se slijede\u0107i parametri :<\/p>\n<ul>\n<li><em>Rok za zavr\u0161etak puta<\/em> &#8211; odre\u0111uje rok za predaju obra\u010duna putnog naloga. Po prekora\u010denju roka sustav \u0107e slati upozorenja da putni nalog nije zavr\u0161en.<\/li>\n<li><em>Uklju\u010di pra\u0107enje u\u017eivo na slu\u017ebenom putu<\/em> \u2013 omogu\u0107uje live pra\u0107enje svih korisnike koji su na slu\u017ebenom putu. Ukoliko nije odabrana opcija za u\u017eivo pra\u0107enje puta, modul za pra\u0107enje puta ne\u0107e biti prikazan.<\/li>\n<li><em>Uklju\u010di odobravanje na izvje\u0161taju<\/em> &#8211; omogu\u0107uje prikaz procesa odobravanja kroz koji je pro\u0161ao putni nalog ili putni ra\u010dun na njihovom ispisu.<\/li>\n<li><em>Povrat za privatno vozilo (km<\/em>) \u2013 Upisana vrijednost \u0107e se ispla\u0107ivati za svaki kilometar prije\u0111en osobnim vozilom.<\/li>\n<\/ul>\n<p>U dijelu <em>Potpisi<\/em> se mogu dodati skenirani potpis likvidatora i potpis odgovorne osobe u *.jpg formatu. Ti potpisi \u0107e se prikazati na izvje\u0161tajima putnih naloga i ra\u010duna.<\/p>\n<\/div><div class=\"fusion-sep-clear\"><\/div><div class=\"fusion-separator fusion-full-width-sep\" style=\"margin-left: auto;margin-right: auto;margin-bottom:20px;width:100%;\"><\/div><div class=\"fusion-sep-clear\"><\/div><div class=\"fusion-image-element fusion-image-align-center in-legacy-container\" style=\"text-align:center;--awb-caption-title-font-family:var(--h2_typography-font-family);--awb-caption-title-font-weight:var(--h2_typography-font-weight);--awb-caption-title-font-style:var(--h2_typography-font-style);--awb-caption-title-size:var(--h2_typography-font-size);--awb-caption-title-transform:var(--h2_typography-text-transform);--awb-caption-title-line-height:var(--h2_typography-line-height);--awb-caption-title-letter-spacing:var(--h2_typography-letter-spacing);\"><div class=\"imageframe-align-center\"><span class=\" fusion-imageframe imageframe-none imageframe-1 hover-type-none\"><a href=\"https:\/\/www.gooma.biz\/wp-content\/uploads\/2020\/10\/51-postavke-organizacije.png\" class=\"fusion-lightbox\" data-rel=\"iLightbox[0556e7861ae19a0efd7]\" data-title=\"51- postavke organizacije\" title=\"51- postavke organizacije\"><img decoding=\"async\" width=\"1694\" height=\"555\" src=\"https:\/\/www.gooma.biz\/wp-content\/uploads\/2020\/10\/51-postavke-organizacije.png\" alt class=\"img-responsive wp-image-4128\" srcset=\"https:\/\/www.gooma.biz\/wp-content\/uploads\/2020\/10\/51-postavke-organizacije-200x66.png 200w, https:\/\/www.gooma.biz\/wp-content\/uploads\/2020\/10\/51-postavke-organizacije-400x131.png 400w, https:\/\/www.gooma.biz\/wp-content\/uploads\/2020\/10\/51-postavke-organizacije-600x197.png 600w, https:\/\/www.gooma.biz\/wp-content\/uploads\/2020\/10\/51-postavke-organizacije-800x262.png 800w, https:\/\/www.gooma.biz\/wp-content\/uploads\/2020\/10\/51-postavke-organizacije-1200x393.png 1200w, https:\/\/www.gooma.biz\/wp-content\/uploads\/2020\/10\/51-postavke-organizacije.png 1694w\" sizes=\"(max-width: 980px) 100vw, 1200px\" \/><\/a><\/span><\/div><\/div><div class=\"fusion-sep-clear\"><\/div><div class=\"fusion-separator fusion-full-width-sep\" style=\"margin-left: auto;margin-right: auto;margin-bottom:30px;width:100%;\"><\/div><div class=\"fusion-sep-clear\"><\/div><div class=\"fusion-text fusion-text-4\"><p>Na tabu <em>Dnevnice<\/em> mogu\u0107e je\u00a0 definirati po dr\u017eavama iznose dnevnice i njihovo trajanje. Osim iznosa koji je definiran zakonom, mogu\u0107e je definirati i iznos dnevnice sukladan Putnoj politici tvrtke.<\/p>\n<\/div><div class=\"fusion-sep-clear\"><\/div><div class=\"fusion-separator fusion-full-width-sep\" style=\"margin-left: auto;margin-right: auto;margin-bottom:20px;width:100%;\"><\/div><div class=\"fusion-sep-clear\"><\/div><div class=\"fusion-image-element fusion-image-align-center in-legacy-container\" style=\"text-align:center;--awb-caption-title-font-family:var(--h2_typography-font-family);--awb-caption-title-font-weight:var(--h2_typography-font-weight);--awb-caption-title-font-style:var(--h2_typography-font-style);--awb-caption-title-size:var(--h2_typography-font-size);--awb-caption-title-transform:var(--h2_typography-text-transform);--awb-caption-title-line-height:var(--h2_typography-line-height);--awb-caption-title-letter-spacing:var(--h2_typography-letter-spacing);\"><div class=\"imageframe-align-center\"><span class=\" fusion-imageframe imageframe-none imageframe-2 hover-type-none\"><a href=\"https:\/\/www.gooma.biz\/wp-content\/uploads\/2020\/10\/53-dodavanje-dnevnice.png\" class=\"fusion-lightbox\" data-rel=\"iLightbox[10d3496ba785a380841]\" data-title=\"53-dodavanje dnevnice\" title=\"53-dodavanje dnevnice\"><img decoding=\"async\" width=\"520\" height=\"232\" src=\"https:\/\/www.gooma.biz\/wp-content\/uploads\/2020\/10\/53-dodavanje-dnevnice.png\" alt class=\"img-responsive wp-image-4129\" srcset=\"https:\/\/www.gooma.biz\/wp-content\/uploads\/2020\/10\/53-dodavanje-dnevnice-200x89.png 200w, https:\/\/www.gooma.biz\/wp-content\/uploads\/2020\/10\/53-dodavanje-dnevnice-400x178.png 400w, https:\/\/www.gooma.biz\/wp-content\/uploads\/2020\/10\/53-dodavanje-dnevnice.png 520w\" sizes=\"(max-width: 980px) 100vw, 520px\" \/><\/a><\/span><\/div><\/div><div class=\"fusion-clearfix\"><\/div><\/div><\/div><\/div><\/div>\n","protected":false},"excerpt":{"rendered":"","protected":false},"author":1,"featured_media":0,"parent":4396,"menu_order":13,"comment_status":"closed","ping_status":"closed","template":"side-navigation.php","meta":{"footnotes":""},"class_list":["post-4330","page","type-page","status-publish","hentry"],"yoast_head":"<!-- This site is optimized with the Yoast SEO plugin v27.5 - https:\/\/yoast.com\/product\/yoast-seo-wordpress\/ -->\n<title>Postavke organizacije - Gooma<\/title>\n<meta name=\"robots\" content=\"index, follow, max-snippet:-1, max-image-preview:large, max-video-preview:-1\" \/>\n<link rel=\"canonical\" href=\"https:\/\/www.gooma.biz\/sr\/upute-desktop\/administracija\/postavke-organizacije\/\" \/>\n<meta property=\"og:locale\" content=\"sr_RS\" \/>\n<meta property=\"og:type\" content=\"article\" \/>\n<meta property=\"og:title\" content=\"Postavke organizacije - Gooma\" \/>\n<meta property=\"og:url\" content=\"https:\/\/www.gooma.biz\/sr\/upute-desktop\/administracija\/postavke-organizacije\/\" \/>\n<meta property=\"og:site_name\" content=\"Gooma\" \/>\n<meta name=\"twitter:card\" content=\"summary_large_image\" \/>\n<meta name=\"twitter:label1\" content=\"\u041f\u0440\u043e\u0446\u0435\u045a\u0435\u043d\u043e \u0432\u0440\u0435\u043c\u0435 \u0447\u0438\u0442\u0430\u045a\u0430\" \/>\n\t<meta name=\"twitter:data1\" content=\"5 \u043c\u0438\u043d\u0443\u0442\u0430\" \/>\n<script type=\"application\/ld+json\" class=\"yoast-schema-graph\">{\"@context\":\"https:\\\/\\\/schema.org\",\"@graph\":[{\"@type\":\"WebPage\",\"@id\":\"https:\\\/\\\/www.gooma.biz\\\/sr\\\/upute-desktop\\\/administracija\\\/postavke-organizacije\\\/\",\"url\":\"https:\\\/\\\/www.gooma.biz\\\/sr\\\/upute-desktop\\\/administracija\\\/postavke-organizacije\\\/\",\"name\":\"Postavke organizacije - Gooma\",\"isPartOf\":{\"@id\":\"https:\\\/\\\/www.putninalog.hr\\\/#website\"},\"datePublished\":\"2020-10-29T12:17:16+00:00\",\"breadcrumb\":{\"@id\":\"https:\\\/\\\/www.gooma.biz\\\/sr\\\/upute-desktop\\\/administracija\\\/postavke-organizacije\\\/#breadcrumb\"},\"inLanguage\":\"sr-RS\",\"potentialAction\":[{\"@type\":\"ReadAction\",\"target\":[\"https:\\\/\\\/www.gooma.biz\\\/sr\\\/upute-desktop\\\/administracija\\\/postavke-organizacije\\\/\"]}]},{\"@type\":\"BreadcrumbList\",\"@id\":\"https:\\\/\\\/www.gooma.biz\\\/sr\\\/upute-desktop\\\/administracija\\\/postavke-organizacije\\\/#breadcrumb\",\"itemListElement\":[{\"@type\":\"ListItem\",\"position\":1,\"name\":\"Po\u010detna stranica\",\"item\":\"https:\\\/\\\/putninalog.hr\\\/sr\\\/\"},{\"@type\":\"ListItem\",\"position\":2,\"name\":\"PODR\u0160KA &#8211; DESKTOP\",\"item\":\"https:\\\/\\\/putninalog.hr\\\/sr\\\/upute-desktop\\\/\"},{\"@type\":\"ListItem\",\"position\":3,\"name\":\"ADMINISTRACIJA\",\"item\":\"https:\\\/\\\/putninalog.hr\\\/sr\\\/upute-desktop\\\/administracija\\\/\"},{\"@type\":\"ListItem\",\"position\":4,\"name\":\"Postavke organizacije\"}]},{\"@type\":\"WebSite\",\"@id\":\"https:\\\/\\\/www.putninalog.hr\\\/#website\",\"url\":\"https:\\\/\\\/www.putninalog.hr\\\/\",\"name\":\"Gooma\",\"description\":\"\",\"potentialAction\":[{\"@type\":\"SearchAction\",\"target\":{\"@type\":\"EntryPoint\",\"urlTemplate\":\"https:\\\/\\\/www.putninalog.hr\\\/?s={search_term_string}\"},\"query-input\":{\"@type\":\"PropertyValueSpecification\",\"valueRequired\":true,\"valueName\":\"search_term_string\"}}],\"inLanguage\":\"sr-RS\"}]}<\/script>\n<!-- \/ Yoast SEO plugin. -->","yoast_head_json":{"title":"Postavke organizacije - Gooma","robots":{"index":"index","follow":"follow","max-snippet":"max-snippet:-1","max-image-preview":"max-image-preview:large","max-video-preview":"max-video-preview:-1"},"canonical":"https:\/\/www.gooma.biz\/sr\/upute-desktop\/administracija\/postavke-organizacije\/","og_locale":"sr_RS","og_type":"article","og_title":"Postavke organizacije - Gooma","og_url":"https:\/\/www.gooma.biz\/sr\/upute-desktop\/administracija\/postavke-organizacije\/","og_site_name":"Gooma","twitter_card":"summary_large_image","twitter_misc":{"\u041f\u0440\u043e\u0446\u0435\u045a\u0435\u043d\u043e \u0432\u0440\u0435\u043c\u0435 \u0447\u0438\u0442\u0430\u045a\u0430":"5 \u043c\u0438\u043d\u0443\u0442\u0430"},"schema":{"@context":"https:\/\/schema.org","@graph":[{"@type":"WebPage","@id":"https:\/\/www.gooma.biz\/sr\/upute-desktop\/administracija\/postavke-organizacije\/","url":"https:\/\/www.gooma.biz\/sr\/upute-desktop\/administracija\/postavke-organizacije\/","name":"Postavke organizacije - Gooma","isPartOf":{"@id":"https:\/\/www.putninalog.hr\/#website"},"datePublished":"2020-10-29T12:17:16+00:00","breadcrumb":{"@id":"https:\/\/www.gooma.biz\/sr\/upute-desktop\/administracija\/postavke-organizacije\/#breadcrumb"},"inLanguage":"sr-RS","potentialAction":[{"@type":"ReadAction","target":["https:\/\/www.gooma.biz\/sr\/upute-desktop\/administracija\/postavke-organizacije\/"]}]},{"@type":"BreadcrumbList","@id":"https:\/\/www.gooma.biz\/sr\/upute-desktop\/administracija\/postavke-organizacije\/#breadcrumb","itemListElement":[{"@type":"ListItem","position":1,"name":"Po\u010detna stranica","item":"https:\/\/putninalog.hr\/sr\/"},{"@type":"ListItem","position":2,"name":"PODR\u0160KA &#8211; DESKTOP","item":"https:\/\/putninalog.hr\/sr\/upute-desktop\/"},{"@type":"ListItem","position":3,"name":"ADMINISTRACIJA","item":"https:\/\/putninalog.hr\/sr\/upute-desktop\/administracija\/"},{"@type":"ListItem","position":4,"name":"Postavke organizacije"}]},{"@type":"WebSite","@id":"https:\/\/www.putninalog.hr\/#website","url":"https:\/\/www.putninalog.hr\/","name":"Gooma","description":"","potentialAction":[{"@type":"SearchAction","target":{"@type":"EntryPoint","urlTemplate":"https:\/\/www.putninalog.hr\/?s={search_term_string}"},"query-input":{"@type":"PropertyValueSpecification","valueRequired":true,"valueName":"search_term_string"}}],"inLanguage":"sr-RS"}]}},"_links":{"self":[{"href":"https:\/\/www.gooma.biz\/sr\/wp-json\/wp\/v2\/pages\/4330","targetHints":{"allow":["GET"]}}],"collection":[{"href":"https:\/\/www.gooma.biz\/sr\/wp-json\/wp\/v2\/pages"}],"about":[{"href":"https:\/\/www.gooma.biz\/sr\/wp-json\/wp\/v2\/types\/page"}],"author":[{"embeddable":true,"href":"https:\/\/www.gooma.biz\/sr\/wp-json\/wp\/v2\/users\/1"}],"replies":[{"embeddable":true,"href":"https:\/\/www.gooma.biz\/sr\/wp-json\/wp\/v2\/comments?post=4330"}],"version-history":[{"count":0,"href":"https:\/\/www.gooma.biz\/sr\/wp-json\/wp\/v2\/pages\/4330\/revisions"}],"up":[{"embeddable":true,"href":"https:\/\/www.gooma.biz\/sr\/wp-json\/wp\/v2\/pages\/4396"}],"wp:attachment":[{"href":"https:\/\/www.gooma.biz\/sr\/wp-json\/wp\/v2\/media?parent=4330"}],"curies":[{"name":"wp","href":"https:\/\/api.w.org\/{rel}","templated":true}]}}