{"id":4329,"date":"2020-10-29T13:37:51","date_gmt":"2020-10-29T12:37:51","guid":{"rendered":"https:\/\/www.gooma.biz\/pracenje-puta\/"},"modified":"2020-10-29T13:37:51","modified_gmt":"2020-10-29T12:37:51","slug":"pracenje-puta","status":"publish","type":"page","link":"https:\/\/www.gooma.biz\/sr\/upute-desktop\/administracija\/pracenje-puta\/","title":{"rendered":"Pra\u0107enje puta"},"content":{"rendered":"<div class=\"fusion-fullwidth fullwidth-box fusion-builder-row-1 nonhundred-percent-fullwidth non-hundred-percent-height-scrolling fusion-equal-height-columns\" style=\"--awb-border-radius-top-left:0px;--awb-border-radius-top-right:0px;--awb-border-radius-bottom-right:0px;--awb-border-radius-bottom-left:0px;--awb-padding-bottom:30px;--awb-flex-wrap:wrap;\" ><div class=\"fusion-builder-row fusion-row\"><div class=\"fusion-layout-column fusion_builder_column fusion-builder-column-0 fusion_builder_column_1_1 1_1 fusion-one-full fusion-column-first fusion-column-last\" style=\"--awb-bg-size:cover;\"><div class=\"fusion-column-wrapper fusion-column-has-shadow fusion-flex-column-wrapper-legacy\"><div class=\"fusion-text fusion-text-1\"><h3>Pra\u0107enje puta<\/h3>\n<\/div><div class=\"fusion-sep-clear\"><\/div><div class=\"fusion-separator fusion-full-width-sep\" style=\"margin-left: auto;margin-right: auto;margin-bottom:20px;width:100%;\"><\/div><div class=\"fusion-sep-clear\"><\/div><div class=\"fusion-text fusion-text-2\"><p>Ukoliko je opcija <em>Pra\u0107enje puta <\/em>uklju\u010dena na postavkama organizacije, tada se na ovom modulu mogu pratiti korisnici u stvarnom vremenu, koji snimaju slu\u017ebeni put putem mobilne aplikacije.<\/p>\n<\/div><div class=\"fusion-sep-clear\"><\/div><div class=\"fusion-separator fusion-full-width-sep\" style=\"margin-left: auto;margin-right: auto;margin-bottom:20px;width:100%;\"><\/div><div class=\"fusion-sep-clear\"><\/div><div class=\"fusion-image-element fusion-image-align-center in-legacy-container\" style=\"text-align:center;--awb-caption-title-font-family:var(--h2_typography-font-family);--awb-caption-title-font-weight:var(--h2_typography-font-weight);--awb-caption-title-font-style:var(--h2_typography-font-style);--awb-caption-title-size:var(--h2_typography-font-size);--awb-caption-title-transform:var(--h2_typography-text-transform);--awb-caption-title-line-height:var(--h2_typography-line-height);--awb-caption-title-letter-spacing:var(--h2_typography-letter-spacing);\"><div class=\"imageframe-align-center\"><span class=\" fusion-imageframe imageframe-none imageframe-1 hover-type-none\"><a href=\"https:\/\/www.gooma.biz\/wp-content\/uploads\/2020\/10\/102-kvacica-za-pracenje-puta.png\" class=\"fusion-lightbox\" data-rel=\"iLightbox[6cbcb46a73cc80be177]\" data-title=\"102 kvacica za pracenje puta\" title=\"102 kvacica za pracenje puta\"><img decoding=\"async\" width=\"406\" height=\"115\" src=\"https:\/\/www.gooma.biz\/wp-content\/uploads\/2020\/10\/102-kvacica-za-pracenje-puta.png\" alt class=\"img-responsive wp-image-4130\" srcset=\"https:\/\/www.gooma.biz\/wp-content\/uploads\/2020\/10\/102-kvacica-za-pracenje-puta-200x57.png 200w, https:\/\/www.gooma.biz\/wp-content\/uploads\/2020\/10\/102-kvacica-za-pracenje-puta-400x113.png 400w, https:\/\/www.gooma.biz\/wp-content\/uploads\/2020\/10\/102-kvacica-za-pracenje-puta.png 406w\" sizes=\"(max-width: 980px) 100vw, 406px\" \/><\/a><\/span><\/div><\/div><div class=\"fusion-sep-clear\"><\/div><div class=\"fusion-separator fusion-full-width-sep\" style=\"margin-left: auto;margin-right: auto;margin-bottom:30px;width:100%;\"><\/div><div class=\"fusion-sep-clear\"><\/div><div class=\"fusion-text fusion-text-3\"><p>Ukoliko postoje aktivni putovi u modulu \u0107e se prikazati padaju\u0107i izbornik sa aktivnim korisnicima te karta na kojoj su ozna\u010dene zadnje dohva\u0107ene lokacije pojedinog puta.\u00a0 Prikaz karte se mo\u017ee mijenjati odabirom pojedinog korisnika u padaju\u0107em izborniku.<\/p>\n<\/div><div class=\"fusion-sep-clear\"><\/div><div class=\"fusion-separator fusion-full-width-sep\" style=\"margin-left: auto;margin-right: auto;margin-bottom:20px;width:100%;\"><\/div><div class=\"fusion-sep-clear\"><\/div><div class=\"fusion-image-element fusion-image-align-center in-legacy-container\" style=\"text-align:center;--awb-caption-title-font-family:var(--h2_typography-font-family);--awb-caption-title-font-weight:var(--h2_typography-font-weight);--awb-caption-title-font-style:var(--h2_typography-font-style);--awb-caption-title-size:var(--h2_typography-font-size);--awb-caption-title-transform:var(--h2_typography-text-transform);--awb-caption-title-line-height:var(--h2_typography-line-height);--awb-caption-title-letter-spacing:var(--h2_typography-letter-spacing);\"><div class=\"imageframe-align-center\"><span class=\" fusion-imageframe imageframe-none imageframe-2 hover-type-none\"><a href=\"https:\/\/www.gooma.biz\/wp-content\/uploads\/2020\/10\/103-karta-sa-jednim-korisnikom.png\" class=\"fusion-lightbox\" data-rel=\"iLightbox[69408702d669620bd6b]\" data-title=\"103 karta sa jednim korisnikom\" title=\"103 karta sa jednim korisnikom\"><img decoding=\"async\" width=\"1920\" height=\"938\" src=\"https:\/\/www.gooma.biz\/wp-content\/uploads\/2020\/10\/103-karta-sa-jednim-korisnikom.png\" alt class=\"img-responsive wp-image-4132\" srcset=\"https:\/\/www.gooma.biz\/wp-content\/uploads\/2020\/10\/103-karta-sa-jednim-korisnikom-200x98.png 200w, https:\/\/www.gooma.biz\/wp-content\/uploads\/2020\/10\/103-karta-sa-jednim-korisnikom-400x195.png 400w, https:\/\/www.gooma.biz\/wp-content\/uploads\/2020\/10\/103-karta-sa-jednim-korisnikom-600x293.png 600w, https:\/\/www.gooma.biz\/wp-content\/uploads\/2020\/10\/103-karta-sa-jednim-korisnikom-800x391.png 800w, https:\/\/www.gooma.biz\/wp-content\/uploads\/2020\/10\/103-karta-sa-jednim-korisnikom-1200x586.png 1200w, https:\/\/www.gooma.biz\/wp-content\/uploads\/2020\/10\/103-karta-sa-jednim-korisnikom.png 1920w\" sizes=\"(max-width: 980px) 100vw, 1200px\" \/><\/a><\/span><\/div><\/div><div class=\"fusion-text fusion-text-4\"><p>Oznakom prikazane lokacije, sustav prikazuje podatke o korisniku te zadnje dohva\u0107enu \u00a0lokaciju poslanu sa mobilnog ure\u0111aja.<\/p>\n<\/div><div class=\"fusion-image-element fusion-image-align-center in-legacy-container\" style=\"text-align:center;--awb-caption-title-font-family:var(--h2_typography-font-family);--awb-caption-title-font-weight:var(--h2_typography-font-weight);--awb-caption-title-font-style:var(--h2_typography-font-style);--awb-caption-title-size:var(--h2_typography-font-size);--awb-caption-title-transform:var(--h2_typography-text-transform);--awb-caption-title-line-height:var(--h2_typography-line-height);--awb-caption-title-letter-spacing:var(--h2_typography-letter-spacing);\"><div class=\"imageframe-align-center\"><span class=\" fusion-imageframe imageframe-none imageframe-3 hover-type-none\"><a href=\"https:\/\/www.gooma.biz\/wp-content\/uploads\/2020\/10\/104-baloncic-sa-podacima-korisnika.png\" class=\"fusion-lightbox\" data-rel=\"iLightbox[0151b371d101427d48d]\" data-title=\"104 baloncic sa podacima korisnika\" title=\"104 baloncic sa podacima korisnika\"><img decoding=\"async\" width=\"692\" height=\"357\" src=\"https:\/\/www.gooma.biz\/wp-content\/uploads\/2020\/10\/104-baloncic-sa-podacima-korisnika.png\" alt class=\"img-responsive wp-image-4131\" srcset=\"https:\/\/www.gooma.biz\/wp-content\/uploads\/2020\/10\/104-baloncic-sa-podacima-korisnika-200x103.png 200w, https:\/\/www.gooma.biz\/wp-content\/uploads\/2020\/10\/104-baloncic-sa-podacima-korisnika-400x206.png 400w, https:\/\/www.gooma.biz\/wp-content\/uploads\/2020\/10\/104-baloncic-sa-podacima-korisnika-600x310.png 600w, https:\/\/www.gooma.biz\/wp-content\/uploads\/2020\/10\/104-baloncic-sa-podacima-korisnika.png 692w\" sizes=\"(max-width: 980px) 100vw, 692px\" \/><\/a><\/span><\/div><\/div><div class=\"fusion-text fusion-text-5\"><p>Pra\u0107enje puta se zavr\u0161ava u trenutku kada se zavr\u0161i snimanje puta putem mobilne aplikacije.<\/p>\n<p>Ukoliko nema korisnika, ili nije omogu\u0107eno pra\u0107enje puta na postavama organizacije, sustav \u0107e javiti kako nema korisnika na slu\u017ebenom putu, ili da treba omogu\u0107iti pra\u0107enje puta na postavama .<\/p>\n<\/div><div class=\"fusion-image-element fusion-image-align-center in-legacy-container\" style=\"text-align:center;--awb-caption-title-font-family:var(--h2_typography-font-family);--awb-caption-title-font-weight:var(--h2_typography-font-weight);--awb-caption-title-font-style:var(--h2_typography-font-style);--awb-caption-title-size:var(--h2_typography-font-size);--awb-caption-title-transform:var(--h2_typography-text-transform);--awb-caption-title-line-height:var(--h2_typography-line-height);--awb-caption-title-letter-spacing:var(--h2_typography-letter-spacing);\"><div class=\"imageframe-align-center\"><span class=\" fusion-imageframe imageframe-none imageframe-4 hover-type-none\"><a href=\"https:\/\/www.gooma.biz\/wp-content\/uploads\/2020\/10\/101-nema-aktivnih-na-putu.png\" class=\"fusion-lightbox\" data-rel=\"iLightbox[e9c293e9a6959cb6d98]\" data-title=\"101- nema aktivnih na putu\" title=\"101- nema aktivnih na putu\"><img decoding=\"async\" width=\"1918\" height=\"939\" src=\"https:\/\/www.gooma.biz\/wp-content\/uploads\/2020\/10\/101-nema-aktivnih-na-putu.png\" alt class=\"img-responsive wp-image-4134\" srcset=\"https:\/\/www.gooma.biz\/wp-content\/uploads\/2020\/10\/101-nema-aktivnih-na-putu-200x98.png 200w, https:\/\/www.gooma.biz\/wp-content\/uploads\/2020\/10\/101-nema-aktivnih-na-putu-400x196.png 400w, https:\/\/www.gooma.biz\/wp-content\/uploads\/2020\/10\/101-nema-aktivnih-na-putu-600x294.png 600w, https:\/\/www.gooma.biz\/wp-content\/uploads\/2020\/10\/101-nema-aktivnih-na-putu-800x392.png 800w, https:\/\/www.gooma.biz\/wp-content\/uploads\/2020\/10\/101-nema-aktivnih-na-putu-1200x587.png 1200w, https:\/\/www.gooma.biz\/wp-content\/uploads\/2020\/10\/101-nema-aktivnih-na-putu.png 1918w\" sizes=\"(max-width: 980px) 100vw, 1200px\" \/><\/a><\/span><\/div><\/div><div class=\"fusion-clearfix\"><\/div><\/div><\/div><\/div><\/div>\n","protected":false},"excerpt":{"rendered":"","protected":false},"author":1,"featured_media":0,"parent":4396,"menu_order":12,"comment_status":"closed","ping_status":"closed","template":"side-navigation.php","meta":{"footnotes":""},"class_list":["post-4329","page","type-page","status-publish","hentry"],"yoast_head":"<!-- This site is optimized with the Yoast SEO plugin v27.5 - https:\/\/yoast.com\/product\/yoast-seo-wordpress\/ -->\n<title>Pra\u0107enje puta - Gooma<\/title>\n<meta name=\"robots\" content=\"index, follow, max-snippet:-1, max-image-preview:large, max-video-preview:-1\" \/>\n<link rel=\"canonical\" href=\"https:\/\/www.gooma.biz\/sr\/upute-desktop\/administracija\/pracenje-puta\/\" \/>\n<meta property=\"og:locale\" content=\"sr_RS\" \/>\n<meta property=\"og:type\" content=\"article\" \/>\n<meta property=\"og:title\" content=\"Pra\u0107enje puta - Gooma\" \/>\n<meta property=\"og:url\" content=\"https:\/\/www.gooma.biz\/sr\/upute-desktop\/administracija\/pracenje-puta\/\" \/>\n<meta property=\"og:site_name\" content=\"Gooma\" \/>\n<meta name=\"twitter:card\" content=\"summary_large_image\" \/>\n<meta name=\"twitter:label1\" content=\"\u041f\u0440\u043e\u0446\u0435\u045a\u0435\u043d\u043e \u0432\u0440\u0435\u043c\u0435 \u0447\u0438\u0442\u0430\u045a\u0430\" \/>\n\t<meta name=\"twitter:data1\" content=\"6 \u043c\u0438\u043d\u0443\u0442\u0430\" \/>\n<script type=\"application\/ld+json\" class=\"yoast-schema-graph\">{\"@context\":\"https:\\\/\\\/schema.org\",\"@graph\":[{\"@type\":\"WebPage\",\"@id\":\"https:\\\/\\\/www.gooma.biz\\\/sr\\\/upute-desktop\\\/administracija\\\/pracenje-puta\\\/\",\"url\":\"https:\\\/\\\/www.gooma.biz\\\/sr\\\/upute-desktop\\\/administracija\\\/pracenje-puta\\\/\",\"name\":\"Pra\u0107enje puta - Gooma\",\"isPartOf\":{\"@id\":\"https:\\\/\\\/www.putninalog.hr\\\/#website\"},\"datePublished\":\"2020-10-29T12:37:51+00:00\",\"breadcrumb\":{\"@id\":\"https:\\\/\\\/www.gooma.biz\\\/sr\\\/upute-desktop\\\/administracija\\\/pracenje-puta\\\/#breadcrumb\"},\"inLanguage\":\"sr-RS\",\"potentialAction\":[{\"@type\":\"ReadAction\",\"target\":[\"https:\\\/\\\/www.gooma.biz\\\/sr\\\/upute-desktop\\\/administracija\\\/pracenje-puta\\\/\"]}]},{\"@type\":\"BreadcrumbList\",\"@id\":\"https:\\\/\\\/www.gooma.biz\\\/sr\\\/upute-desktop\\\/administracija\\\/pracenje-puta\\\/#breadcrumb\",\"itemListElement\":[{\"@type\":\"ListItem\",\"position\":1,\"name\":\"Po\u010detna stranica\",\"item\":\"https:\\\/\\\/putninalog.hr\\\/sr\\\/\"},{\"@type\":\"ListItem\",\"position\":2,\"name\":\"PODR\u0160KA &#8211; DESKTOP\",\"item\":\"https:\\\/\\\/putninalog.hr\\\/sr\\\/upute-desktop\\\/\"},{\"@type\":\"ListItem\",\"position\":3,\"name\":\"ADMINISTRACIJA\",\"item\":\"https:\\\/\\\/putninalog.hr\\\/sr\\\/upute-desktop\\\/administracija\\\/\"},{\"@type\":\"ListItem\",\"position\":4,\"name\":\"Pra\u0107enje puta\"}]},{\"@type\":\"WebSite\",\"@id\":\"https:\\\/\\\/www.putninalog.hr\\\/#website\",\"url\":\"https:\\\/\\\/www.putninalog.hr\\\/\",\"name\":\"Gooma\",\"description\":\"\",\"potentialAction\":[{\"@type\":\"SearchAction\",\"target\":{\"@type\":\"EntryPoint\",\"urlTemplate\":\"https:\\\/\\\/www.putninalog.hr\\\/?s={search_term_string}\"},\"query-input\":{\"@type\":\"PropertyValueSpecification\",\"valueRequired\":true,\"valueName\":\"search_term_string\"}}],\"inLanguage\":\"sr-RS\"}]}<\/script>\n<!-- \/ Yoast SEO plugin. -->","yoast_head_json":{"title":"Pra\u0107enje puta - Gooma","robots":{"index":"index","follow":"follow","max-snippet":"max-snippet:-1","max-image-preview":"max-image-preview:large","max-video-preview":"max-video-preview:-1"},"canonical":"https:\/\/www.gooma.biz\/sr\/upute-desktop\/administracija\/pracenje-puta\/","og_locale":"sr_RS","og_type":"article","og_title":"Pra\u0107enje puta - Gooma","og_url":"https:\/\/www.gooma.biz\/sr\/upute-desktop\/administracija\/pracenje-puta\/","og_site_name":"Gooma","twitter_card":"summary_large_image","twitter_misc":{"\u041f\u0440\u043e\u0446\u0435\u045a\u0435\u043d\u043e \u0432\u0440\u0435\u043c\u0435 \u0447\u0438\u0442\u0430\u045a\u0430":"6 \u043c\u0438\u043d\u0443\u0442\u0430"},"schema":{"@context":"https:\/\/schema.org","@graph":[{"@type":"WebPage","@id":"https:\/\/www.gooma.biz\/sr\/upute-desktop\/administracija\/pracenje-puta\/","url":"https:\/\/www.gooma.biz\/sr\/upute-desktop\/administracija\/pracenje-puta\/","name":"Pra\u0107enje puta - Gooma","isPartOf":{"@id":"https:\/\/www.putninalog.hr\/#website"},"datePublished":"2020-10-29T12:37:51+00:00","breadcrumb":{"@id":"https:\/\/www.gooma.biz\/sr\/upute-desktop\/administracija\/pracenje-puta\/#breadcrumb"},"inLanguage":"sr-RS","potentialAction":[{"@type":"ReadAction","target":["https:\/\/www.gooma.biz\/sr\/upute-desktop\/administracija\/pracenje-puta\/"]}]},{"@type":"BreadcrumbList","@id":"https:\/\/www.gooma.biz\/sr\/upute-desktop\/administracija\/pracenje-puta\/#breadcrumb","itemListElement":[{"@type":"ListItem","position":1,"name":"Po\u010detna stranica","item":"https:\/\/putninalog.hr\/sr\/"},{"@type":"ListItem","position":2,"name":"PODR\u0160KA &#8211; DESKTOP","item":"https:\/\/putninalog.hr\/sr\/upute-desktop\/"},{"@type":"ListItem","position":3,"name":"ADMINISTRACIJA","item":"https:\/\/putninalog.hr\/sr\/upute-desktop\/administracija\/"},{"@type":"ListItem","position":4,"name":"Pra\u0107enje puta"}]},{"@type":"WebSite","@id":"https:\/\/www.putninalog.hr\/#website","url":"https:\/\/www.putninalog.hr\/","name":"Gooma","description":"","potentialAction":[{"@type":"SearchAction","target":{"@type":"EntryPoint","urlTemplate":"https:\/\/www.putninalog.hr\/?s={search_term_string}"},"query-input":{"@type":"PropertyValueSpecification","valueRequired":true,"valueName":"search_term_string"}}],"inLanguage":"sr-RS"}]}},"_links":{"self":[{"href":"https:\/\/www.gooma.biz\/sr\/wp-json\/wp\/v2\/pages\/4329","targetHints":{"allow":["GET"]}}],"collection":[{"href":"https:\/\/www.gooma.biz\/sr\/wp-json\/wp\/v2\/pages"}],"about":[{"href":"https:\/\/www.gooma.biz\/sr\/wp-json\/wp\/v2\/types\/page"}],"author":[{"embeddable":true,"href":"https:\/\/www.gooma.biz\/sr\/wp-json\/wp\/v2\/users\/1"}],"replies":[{"embeddable":true,"href":"https:\/\/www.gooma.biz\/sr\/wp-json\/wp\/v2\/comments?post=4329"}],"version-history":[{"count":0,"href":"https:\/\/www.gooma.biz\/sr\/wp-json\/wp\/v2\/pages\/4329\/revisions"}],"up":[{"embeddable":true,"href":"https:\/\/www.gooma.biz\/sr\/wp-json\/wp\/v2\/pages\/4396"}],"wp:attachment":[{"href":"https:\/\/www.gooma.biz\/sr\/wp-json\/wp\/v2\/media?parent=4329"}],"curies":[{"name":"wp","href":"https:\/\/api.w.org\/{rel}","templated":true}]}}