{"id":4328,"date":"2021-02-17T11:04:55","date_gmt":"2021-02-17T10:04:55","guid":{"rendered":"https:\/\/www.gooma.biz\/gooma-pravila-privatnosti\/"},"modified":"2023-08-21T10:45:05","modified_gmt":"2023-08-21T08:45:05","slug":"gooma-pravila-privatnosti","status":"publish","type":"page","link":"https:\/\/www.gooma.biz\/sr\/gooma-pravila-privatnosti\/","title":{"rendered":"GOOMA-PRAVILA PRIVATNOSTI"},"content":{"rendered":"<div class=\"fusion-fullwidth fullwidth-box fusion-builder-row-1 fusion-flex-container nonhundred-percent-fullwidth non-hundred-percent-height-scrolling\" style=\"--awb-border-radius-top-left:0px;--awb-border-radius-top-right:0px;--awb-border-radius-bottom-right:0px;--awb-border-radius-bottom-left:0px;--awb-flex-wrap:wrap;\" ><div class=\"fusion-builder-row fusion-row fusion-flex-align-items-flex-start fusion-flex-content-wrap\" style=\"max-width:1216.8px;margin-left: calc(-4% \/ 2 );margin-right: calc(-4% \/ 2 );\"><div class=\"fusion-layout-column fusion_builder_column fusion-builder-column-0 fusion_builder_column_1_1 1_1 fusion-flex-column\" style=\"--awb-bg-size:cover;--awb-width-large:100%;--awb-margin-top-large:0px;--awb-spacing-right-large:1.92%;--awb-margin-bottom-large:0px;--awb-spacing-left-large:1.92%;--awb-width-medium:100%;--awb-order-medium:0;--awb-spacing-right-medium:1.92%;--awb-spacing-left-medium:1.92%;--awb-width-small:100%;--awb-order-small:0;--awb-spacing-right-small:1.92%;--awb-spacing-left-small:1.92%;\"><div class=\"fusion-column-wrapper fusion-column-has-shadow fusion-flex-justify-content-flex-start fusion-content-layout-column\"><div class=\"fusion-text fusion-text-1\"><p>Pravila o privatnosti Uvodne odredbe Ova Politika privatnosti (\u201ePolitika\u201d) vam pru\u017ea informacije o obradi va\u0161ih li\u010dnih podataka kada koristite GOOMA aplikaciju kao krajnji korisnik. Termini Korisnik, Krajnji korisnik i drugi termini koji uop\u0161te nisu ili na drugi na\u010din definisani u ovim Pravilima su definisani u Op\u0161tim uslovima kori\u0161c\u0301enja GOOMA sistema (\u201eOp\u0161ti uslovi\u201c) i iste definicije se primenjuju na ova Pravila u nepromenjenom obliku. . Op\u0161te uslove mo\u017eete pronac\u0301i ovde: https:\/\/vvv.gooma.biz\/uvjeti-koristenja-gooma\/ GOOMA aplikaciju je razvila kompanija 4APP SOLUTION d.o.o. iz Zagreba, Drage Gervaisa 30, OIB: 18278836636 (\u201eProizvo\u0111a\u010d\u201c). Podatke prikupljene putem aplikacije obra\u0111uje Proizvo\u0111a\u010d kao obra\u0111iva\u010d u ime Korisnika kao kontrolora podataka, u skladu sa Op\u0161tom uredbom o za\u0161titi podataka i Op\u0161tim uslovima poslovanja. Ako \u017eelite da kontaktirate Proizvo\u0111a\u010da u vezi sa obradom i upotrebom va\u0161ih li\u010dnih podataka, to mo\u017eete u\u010diniti na jedan od sledec\u0301ih na\u010dina: e-mailom na: gdpr@4APP.hr telefonom na broj: +385 1 6699 510 po\u0161tom na adresu: 4APP SOLUTION d.o.o., Drage Gervaisa 30, HR-10000 ZAGREB Napominjemo da u skladu sa propisima kojima se ure\u0111uje za\u0161tita podataka o li\u010dnosti, ispitanik svoja prava u vezi sa obradom podataka o li\u010dnosti ostvaruje prema Korisniku kao rukovaocu podataka. Svaki upit u vezi sa obradom li\u010dnih podataka koje Proizvo\u0111a\u010d obra\u0111uje prema uputstvima Korisnika, Proizvo\u0111a\u010d c\u0301e proslediti Korisniku.<\/p>\n<p>Pravni osnov za obradu Proizvo\u0111a\u010d obra\u0111uje li\u010dne podatke u ime i prema uputstvima Korisnika kao kontrolora podataka u skladu sa Op\u0161tim uslovima poslovanja. Korisnik je du\u017ean da sprovede odgovarajuc\u0301e tehni\u010dke i organizacione mere kako bi obezbedio i mogao da doka\u017ee da se obrada vr\u0161i u skladu sa Op\u0161tom uredbom o za\u0161titi podataka, uklju\u010dujuc\u0301i obezbe\u0111ivanje va\u017eec\u0301e pravne osnove za obradu li\u010dnih podataka Krajnjeg korisnika. . Kako GOOMA prikuplja i obra\u0111uje li\u010dne podatke krajnjeg korisnika Aplikacioni softver GOMMA je namenjen da pojednostavi evidentiranje putnih tro\u0161kova na na\u010din da automatizuje prikupljanje podataka koje bi Korisnik\/Krajnji korisnik morao da prikuplja ru\u010dno. Podaci se prikupljaju isklju\u010divo u svrhu obrade i distribucije podataka o tro\u0161kovima putovanja u realnom vremenu (tokom snimanja putovanja) i ne koriste se u druge svrhe. GOMMA prikuplja sledec\u0301e vrste podataka: Ime i prezime Adresa elektronske po\u0161te (e-mail adresa) Registarski broj vozila Datum, vreme i mesto upravljanja vozilom Datum, vreme i mesto zaustavljanja vozila Telemetrijski podaci Podatke o imenu, prezimenu, e-mail adresi i registarskom broju vozila koje koristi Krajnji korisnik Korisnik\/Krajnji korisnik unosi ru\u010dno. Datum, vreme i mesto vo\u017enje i zaustavljanja vozila, kao i telemetrijski podaci se snimaju automatski tek nakon \u0161to Krajnji korisnik odabere\/zapo\u010dne snimanje podataka u aplikaciji, izborom opcije \u201eStart\u201c. Podaci se privremeno zaustavljaju kada Krajnji korisnik izabere opciju \u201ePauza\u201c, odnosno trajno prestaje da se snima kada Krajnji korisnik izabere opciju \u201eKraj\u201c. Krajnji korisnik mo\u017ee izabrati opcije \u201ePauza\u201c i \u201eKraj\u201c u bilo kom trenutku. Aplikacija GOOMA ni u jednom trenutku ne prikuplja podatke o lokaciji i telemetriji ako Krajnji korisnik nije aktivno izabrao da pokrene prikupljanje podataka. Podaci prikupljeni kori\u0161c\u0301enjem GOOMA aplikacije se ne koriste za automatsko dono\u0161enje odluka ili kreiranje profila u smislu \u010dlana 22. Op\u0161te uredbe o za\u0161titi podataka. Proizvo\u0111a\u010d prikupljene li\u010dne podatke ne daje trec\u0301im licima, niti ih dostavlja van Evropske unije, odnosno u zemlje koje se u skladu sa Op\u0161tom uredbom o za\u0161titi podataka smatraju \u201etrec\u0301im zemljama\u201c.<\/p>\n<p>Dozvole koje aplikacija tra\u017ei sa mobilnog ure\u0111aja<\/p>\n<p>Da bi Proizvo\u0111a\u010d omoguc\u0301io Korisniku ugovorenu uslugu, GOOMA aplikacija c\u0301e zahtevati pristup odre\u0111enim funkcionalnostima mobilnog ure\u0111aja Krajnjeg korisnika:<\/p>\n<table>\n<tbody>\n<tr>\n<td width=\"28\">1.<\/td>\n<td width=\"170\">Pristup aproksimativnoj lokaciji mobilnog ure\u0111aja<\/td>\n<td width=\"406\">Koristi se kao pomoc\u0301ni parametar, kako bi se mogla odrediti pribli\u017ena po\u010detna ili odredi\u0161na ta\u010dka punog reda u slu\u010dajevima kvara ili nedostupnosti GPS signala.<\/td>\n<\/tr>\n<tr>\n<td width=\"28\">2.<\/td>\n<td width=\"170\">Pristup to\u010dnoj lokaciji mobilnog ure\u0111aja<\/td>\n<td width=\"406\">Koristi se za potrebe izra\u010dunavanja pre\u0111enog puta i prikazivanja rute kretanja Krajnjeg korisnika tokom snimanja putnog naloga.<\/td>\n<\/tr>\n<tr>\n<td width=\"28\">3.<\/td>\n<td width=\"170\">Pristup stalnoj lokaciji (u pozadini) mobilnog ure\u0111aja<\/td>\n<td width=\"406\">Koristi se da se Krajnjem korisniku omoguc\u0301i kori\u0161c\u0301enje drugih aplikacija na mobilnom ure\u0111aju tokom snimanja putnog naloga, a da se istovremeno snimanje ne prekida (bez volje Krajnjeg korisnika).<\/td>\n<\/tr>\n<tr>\n<td width=\"28\">4.<\/td>\n<td width=\"170\">Pristup mre\u017enoj vezi mobilnog ure\u0111aja<\/td>\n<td width=\"406\">Koristi se za sinhronizaciju podataka prikupljenih sa naloga krajnjeg korisnika sa korisni\u010dkom licencom.<\/td>\n<\/tr>\n<tr>\n<td width=\"28\">5.<\/td>\n<td width=\"170\">Pristup notifikacijama mobilnog ure\u0111aja<\/td>\n<td width=\"406\">Koristi se za obave\u0161tavanje Krajnjeg korisnika da se putni nalog evidentira.<\/td>\n<\/tr>\n<\/tbody>\n<\/table>\n<p>Va\u0161e pravo na prigovor Ako, kao Krajnji korisnik, imate pritu\u017ebu u vezi sa na\u010dinom na koji obra\u0111ujemo va\u0161e podatke, predla\u017eemo da prvo kontaktirate Korisnika kao kontrolora podataka. Ukoliko smatrate da vam ova druga ne mo\u017ee pomoc\u0301i u vezi s va\u0161om pritu\u017ebom ili problemom, imate pravo podnijeti pritu\u017ebu Agenciji za za\u0161titu osobnih podataka putem veb stranice agencije vvv.azop.hr ili pisanim putem na adresu : Agencija za za\u0161titu podataka o li\u010dnosti fra Grge Martic\u0301a 14 HR \u2013\u00a0 10000 ZAGREB A\u017euriranje ovih Pravila Redovno pregledavamo i po potrebi, kako se na\u0161e usluge i kori\u0161c\u0301enje li\u010dnih podataka razvijaju, periodi\u010dno a\u017euriramo ovu Politiku privatnosti. Ova pravila su poslednji put a\u017eurirana 21. 08. 2023.<\/p>\n<\/div><\/div><\/div><\/div><\/div>\n","protected":false},"excerpt":{"rendered":"","protected":false},"author":1,"featured_media":0,"parent":0,"menu_order":0,"comment_status":"closed","ping_status":"closed","template":"","meta":{"footnotes":""},"class_list":["post-4328","page","type-page","status-publish","hentry"],"yoast_head":"<!-- This site is optimized with the Yoast SEO plugin v27.4 - https:\/\/yoast.com\/product\/yoast-seo-wordpress\/ -->\n<title>GOOMA-PRAVILA PRIVATNOSTI - Gooma<\/title>\n<meta name=\"robots\" content=\"index, follow, max-snippet:-1, max-image-preview:large, max-video-preview:-1\" \/>\n<link rel=\"canonical\" href=\"https:\/\/www.gooma.biz\/sr\/gooma-pravila-privatnosti\/\" \/>\n<meta property=\"og:locale\" content=\"sr_RS\" \/>\n<meta property=\"og:type\" content=\"article\" \/>\n<meta property=\"og:title\" content=\"GOOMA-PRAVILA PRIVATNOSTI - Gooma\" \/>\n<meta property=\"og:url\" content=\"https:\/\/www.gooma.biz\/sr\/gooma-pravila-privatnosti\/\" \/>\n<meta property=\"og:site_name\" content=\"Gooma\" \/>\n<meta property=\"article:modified_time\" content=\"2023-08-21T08:45:05+00:00\" \/>\n<meta name=\"twitter:card\" content=\"summary_large_image\" \/>\n<meta name=\"twitter:label1\" content=\"\u041f\u0440\u043e\u0446\u0435\u045a\u0435\u043d\u043e \u0432\u0440\u0435\u043c\u0435 \u0447\u0438\u0442\u0430\u045a\u0430\" \/>\n\t<meta name=\"twitter:data1\" content=\"6 \u043c\u0438\u043d\u0443\u0442\u0430\" \/>\n<script type=\"application\/ld+json\" class=\"yoast-schema-graph\">{\"@context\":\"https:\\\/\\\/schema.org\",\"@graph\":[{\"@type\":\"WebPage\",\"@id\":\"https:\\\/\\\/www.gooma.biz\\\/sr\\\/gooma-pravila-privatnosti\\\/\",\"url\":\"https:\\\/\\\/www.gooma.biz\\\/sr\\\/gooma-pravila-privatnosti\\\/\",\"name\":\"GOOMA-PRAVILA PRIVATNOSTI - Gooma\",\"isPartOf\":{\"@id\":\"https:\\\/\\\/www.putninalog.hr\\\/#website\"},\"datePublished\":\"2021-02-17T10:04:55+00:00\",\"dateModified\":\"2023-08-21T08:45:05+00:00\",\"breadcrumb\":{\"@id\":\"https:\\\/\\\/www.gooma.biz\\\/sr\\\/gooma-pravila-privatnosti\\\/#breadcrumb\"},\"inLanguage\":\"sr-RS\",\"potentialAction\":[{\"@type\":\"ReadAction\",\"target\":[\"https:\\\/\\\/www.gooma.biz\\\/sr\\\/gooma-pravila-privatnosti\\\/\"]}]},{\"@type\":\"BreadcrumbList\",\"@id\":\"https:\\\/\\\/www.gooma.biz\\\/sr\\\/gooma-pravila-privatnosti\\\/#breadcrumb\",\"itemListElement\":[{\"@type\":\"ListItem\",\"position\":1,\"name\":\"Po\u010detna stranica\",\"item\":\"https:\\\/\\\/putninalog.hr\\\/sr\\\/\"},{\"@type\":\"ListItem\",\"position\":2,\"name\":\"GOOMA-PRAVILA PRIVATNOSTI\"}]},{\"@type\":\"WebSite\",\"@id\":\"https:\\\/\\\/www.putninalog.hr\\\/#website\",\"url\":\"https:\\\/\\\/www.putninalog.hr\\\/\",\"name\":\"Gooma\",\"description\":\"\",\"potentialAction\":[{\"@type\":\"SearchAction\",\"target\":{\"@type\":\"EntryPoint\",\"urlTemplate\":\"https:\\\/\\\/www.putninalog.hr\\\/?s={search_term_string}\"},\"query-input\":{\"@type\":\"PropertyValueSpecification\",\"valueRequired\":true,\"valueName\":\"search_term_string\"}}],\"inLanguage\":\"sr-RS\"}]}<\/script>\n<!-- \/ Yoast SEO plugin. -->","yoast_head_json":{"title":"GOOMA-PRAVILA PRIVATNOSTI - Gooma","robots":{"index":"index","follow":"follow","max-snippet":"max-snippet:-1","max-image-preview":"max-image-preview:large","max-video-preview":"max-video-preview:-1"},"canonical":"https:\/\/www.gooma.biz\/sr\/gooma-pravila-privatnosti\/","og_locale":"sr_RS","og_type":"article","og_title":"GOOMA-PRAVILA PRIVATNOSTI - Gooma","og_url":"https:\/\/www.gooma.biz\/sr\/gooma-pravila-privatnosti\/","og_site_name":"Gooma","article_modified_time":"2023-08-21T08:45:05+00:00","twitter_card":"summary_large_image","twitter_misc":{"\u041f\u0440\u043e\u0446\u0435\u045a\u0435\u043d\u043e \u0432\u0440\u0435\u043c\u0435 \u0447\u0438\u0442\u0430\u045a\u0430":"6 \u043c\u0438\u043d\u0443\u0442\u0430"},"schema":{"@context":"https:\/\/schema.org","@graph":[{"@type":"WebPage","@id":"https:\/\/www.gooma.biz\/sr\/gooma-pravila-privatnosti\/","url":"https:\/\/www.gooma.biz\/sr\/gooma-pravila-privatnosti\/","name":"GOOMA-PRAVILA PRIVATNOSTI - Gooma","isPartOf":{"@id":"https:\/\/www.putninalog.hr\/#website"},"datePublished":"2021-02-17T10:04:55+00:00","dateModified":"2023-08-21T08:45:05+00:00","breadcrumb":{"@id":"https:\/\/www.gooma.biz\/sr\/gooma-pravila-privatnosti\/#breadcrumb"},"inLanguage":"sr-RS","potentialAction":[{"@type":"ReadAction","target":["https:\/\/www.gooma.biz\/sr\/gooma-pravila-privatnosti\/"]}]},{"@type":"BreadcrumbList","@id":"https:\/\/www.gooma.biz\/sr\/gooma-pravila-privatnosti\/#breadcrumb","itemListElement":[{"@type":"ListItem","position":1,"name":"Po\u010detna stranica","item":"https:\/\/putninalog.hr\/sr\/"},{"@type":"ListItem","position":2,"name":"GOOMA-PRAVILA PRIVATNOSTI"}]},{"@type":"WebSite","@id":"https:\/\/www.putninalog.hr\/#website","url":"https:\/\/www.putninalog.hr\/","name":"Gooma","description":"","potentialAction":[{"@type":"SearchAction","target":{"@type":"EntryPoint","urlTemplate":"https:\/\/www.putninalog.hr\/?s={search_term_string}"},"query-input":{"@type":"PropertyValueSpecification","valueRequired":true,"valueName":"search_term_string"}}],"inLanguage":"sr-RS"}]}},"_links":{"self":[{"href":"https:\/\/www.gooma.biz\/sr\/wp-json\/wp\/v2\/pages\/4328","targetHints":{"allow":["GET"]}}],"collection":[{"href":"https:\/\/www.gooma.biz\/sr\/wp-json\/wp\/v2\/pages"}],"about":[{"href":"https:\/\/www.gooma.biz\/sr\/wp-json\/wp\/v2\/types\/page"}],"author":[{"embeddable":true,"href":"https:\/\/www.gooma.biz\/sr\/wp-json\/wp\/v2\/users\/1"}],"replies":[{"embeddable":true,"href":"https:\/\/www.gooma.biz\/sr\/wp-json\/wp\/v2\/comments?post=4328"}],"version-history":[{"count":1,"href":"https:\/\/www.gooma.biz\/sr\/wp-json\/wp\/v2\/pages\/4328\/revisions"}],"predecessor-version":[{"id":4424,"href":"https:\/\/www.gooma.biz\/sr\/wp-json\/wp\/v2\/pages\/4328\/revisions\/4424"}],"wp:attachment":[{"href":"https:\/\/www.gooma.biz\/sr\/wp-json\/wp\/v2\/media?parent=4328"}],"curies":[{"name":"wp","href":"https:\/\/api.w.org\/{rel}","templated":true}]}}